{"id":1738,"date":"2020-03-03T14:17:08","date_gmt":"2020-03-03T12:17:08","guid":{"rendered":"https:\/\/www.wowcomunicacio.com\/bienvenido-a-wow\/"},"modified":"2023-10-18T15:55:12","modified_gmt":"2023-10-18T13:55:12","slug":"bienvenido-a-wow","status":"publish","type":"page","link":"https:\/\/www.wowcomunicacio.com\/es\/","title":{"rendered":"Bienvenido a WOW"},"content":{"rendered":"","protected":false},"excerpt":{"rendered":"","protected":false},"author":4,"featured_media":0,"parent":0,"menu_order":1,"comment_status":"closed","ping_status":"closed","template":"page-home_bkp.php","meta":{"_acf_changed":false,"_seopress_robots_primary_cat":"","_seopress_titles_title":"Agencia de Publicidad Creativa | WOW Comunicaci\u00f3","_seopress_titles_desc":"Agencia de Publicidad Creativa en Andorra. Especialistas en branding, dise\u00f1o gr\u00e1fico, stands, dise\u00f1o web, contenidos, redes sociales","_seopress_robots_index":"","inline_featured_image":false,"footnotes":""},"class_list":["post-1738","page","type-page","status-publish","hentry"],"acf":[],"_links":{"self":[{"href":"https:\/\/www.wowcomunicacio.com\/es\/wp-json\/wp\/v2\/pages\/1738","targetHints":{"allow":["GET"]}}],"collection":[{"href":"https:\/\/www.wowcomunicacio.com\/es\/wp-json\/wp\/v2\/pages"}],"about":[{"href":"https:\/\/www.wowcomunicacio.com\/es\/wp-json\/wp\/v2\/types\/page"}],"author":[{"embeddable":true,"href":"https:\/\/www.wowcomunicacio.com\/es\/wp-json\/wp\/v2\/users\/4"}],"replies":[{"embeddable":true,"href":"https:\/\/www.wowcomunicacio.com\/es\/wp-json\/wp\/v2\/comments?post=1738"}],"version-history":[{"count":0,"href":"https:\/\/www.wowcomunicacio.com\/es\/wp-json\/wp\/v2\/pages\/1738\/revisions"}],"wp:attachment":[{"href":"https:\/\/www.wowcomunicacio.com\/es\/wp-json\/wp\/v2\/media?parent=1738"}],"curies":[{"name":"wp","href":"https:\/\/api.w.org\/{rel}","templated":true}]}}