{"id":1740,"date":"2020-03-03T14:17:20","date_gmt":"2020-03-03T12:17:20","guid":{"rendered":"https:\/\/www.wowcomunicacio.com\/equipo\/"},"modified":"2025-04-15T14:43:21","modified_gmt":"2025-04-15T12:43:21","slug":"equipo","status":"publish","type":"page","link":"https:\/\/www.wowcomunicacio.com\/es\/equipo\/","title":{"rendered":"Equipo"},"content":{"rendered":"<div class=\"wpb-content-wrapper\"><p>[vc_row full_width=\u00bbstretch_row\u00bb css_animation=\u00bbfadeIn\u00bb el_class=\u00bbsect-small\u00bb][vc_column][vc_row_inner][vc_column_inner el_class=\u00bbpadding-simple\u00bb width=\u00bb2\/3&#8243;][vc_column_text css_animation=\u00bbbottom-to-top\u00bb]<\/p>\n<h4>\u00a1Hola!<\/h4>\n<p>[\/vc_column_text][vc_column_text css_animation=\u00bbnone\u00bb]<\/p>\n<h2 class=\"reveal\">Somos un equipo de personas que cree en las personas detr\u00e1s de las marcas.<\/h2>\n<p>[\/vc_column_text][vc_empty_space height=\u00bb40&#8243; el_class=\u00bbrwdhide\u00bb][vc_column_text css_animation=\u00bbnone\u00bb]Compartimos una misma visi\u00f3n sobre nuestro trabajo y diferentes puntos de vista sobre cada proyecto. La pasi\u00f3n y la b\u00fasqueda de la excelencia son la raz\u00f3n de ser de lo que hacemos; La curiosidad y el atrevimiento, la forma en la que trabajamos.<\/p>\n<p>Abordamos los proyectos desde un equipo multidisciplinario: arquitectos, dise\u00f1adores, publicistas y periodistas. Somos diversos y flexibles como vol\u00e1til es la realidad.<\/p>\n<p>Desde 2009, basamos la colaboraci\u00f3n con nuestros clientes en la confianza y el acompa\u00f1amiento. Partimos siempre de la transparencia para encontrar el mejor camino por recorrer juntos.[\/vc_column_text][\/vc_column_inner][vc_column_inner width=\u00bb1\/3&#8243;][\/vc_column_inner][\/vc_row_inner][\/vc_column][\/vc_row][vc_row full_width=\u00bbstretch_row_content_no_spaces\u00bb css_animation=\u00bbfadeIn\u00bb el_class=\u00bbblock-right sect-large\u00bb][vc_column][vc_empty_space height=\u00bb80&#8243; el_class=\u00bbrwdshow\u00bb][vc_row_inner el_class=\u00bbfull\u00bb][vc_column_inner][vc_single_image image=\u00bb1518&#8243; img_size=\u00bbfull\u00bb alignment=\u00bbcenter\u00bb css_animation=\u00bbbottom-to-top\u00bb][\/vc_column_inner][\/vc_row_inner][\/vc_column][\/vc_row][vc_row full_width=\u00bbstretch_row\u00bb css_animation=\u00bbfadeIn\u00bb el_class=\u00bbsect-large\u00bb][vc_column][vc_row_inner equal_height=\u00bbyes\u00bb content_placement=\u00bbmiddle\u00bb][vc_column_inner el_class=\u00bbpadding-doble\u00bb width=\u00bb1\/2&#8243;][vc_column_text css_animation=\u00bbbottom-to-top\u00bb]<\/p>\n<h4>\u00bfQu\u00e9 es WOW?<\/h4>\n<p>[\/vc_column_text][vc_column_text css_animation=\u00bbbottom-to-top\u00bb]<\/p>\n<h1 class=\"equip\">Tu agencia de comunicaci\u00f3n integral<\/h1>\n<p>[\/vc_column_text][vc_column_text css_animation=\u00bbbottom-to-top\u00bb]Somos una agencia de comunicaci\u00f3n amante del dise\u00f1o con sentido y las palabras bien dichas. Creamos estrategias de marca que parten del conocimiento del usuario para construir valor, contenidos y experiencias relevantes. Ofrecemos servicios de comunicaci\u00f3n integrales para dar respuesta a los retos de las marcas en el contexto actual.[\/vc_column_text][vc_empty_space][vc_btn title=\u00bbProyectos destacados\u00bb style=\u00bbflat\u00bb shape=\u00bbsquare\u00bb color=\u00bbblack\u00bb size=\u00bblg\u00bb css_animation=\u00bbbottom-to-top\u00bb link=\u00bburl:https%3A%2F%2Fwww.wowcomunicacio.com%2Fes%2Fproyectos%2F|\u00bb][\/vc_column_inner][vc_column_inner el_class=\u00bbpadding-doble rwdhide\u00bb width=\u00bb1\/2&#8243;][vc_single_image image=\u00bb1519&#8243; img_size=\u00bbfull\u00bb css_animation=\u00bbbottom-to-top\u00bb][\/vc_column_inner][\/vc_row_inner][\/vc_column][\/vc_row][vc_row full_width=\u00bbstretch_row\u00bb css_animation=\u00bbfadeIn\u00bb][vc_column][vc_row_inner][vc_column_inner el_class=\u00bbpadding-simple\u00bb width=\u00bb2\/3&#8243;][vc_column_text css_animation=\u00bbbottom-to-top\u00bb]<\/p>\n<h4>Manifiesto WOW<\/h4>\n<p>[\/vc_column_text][vc_column_text css_animation=\u00bbbottom-to-top\u00bb]<\/p>\n<h2>Trabajamos los proyectos en com\u00fan, compartiendo diferentes puntos de vista, para conseguir el mejor resultado.<\/h2>\n<p>[\/vc_column_text][\/vc_column_inner][vc_column_inner width=\u00bb1\/3&#8243;][\/vc_column_inner][\/vc_row_inner][\/vc_column][\/vc_row][vc_row full_width=\u00bbstretch_row\u00bb css_animation=\u00bbfadeIn\u00bb el_class=\u00bbsect-large centrat\u00bb][vc_column][vc_row_inner equal_height=\u00bbyes\u00bb content_placement=\u00bbmiddle\u00bb][vc_column_inner el_class=\u00bbpadding-doble\u00bb width=\u00bb1\/2&#8243;][vc_single_image image=\u00bb1462&#8243; img_size=\u00bbfull\u00bb css_animation=\u00bbbottom-to-top\u00bb][vc_column_text css_animation=\u00bbbottom-to-top\u00bb]<\/p>\n<h3>Somos plurales<\/h3>\n<p>[\/vc_column_text][vc_column_text css_animation=\u00bbbottom-to-top\u00bb]Vegetarianos i carn\u00edvoros. Alpinistas y submarinistas. Dise\u00f1adores y periodistas. Arquitectos y publicistas. Con pasaportes de todos los colores, pero con una misma idea: hacer nuestro trabajo con pasi\u00f3n y excelencia.[\/vc_column_text][\/vc_column_inner][vc_column_inner el_class=\u00bbpadding-doble\u00bb width=\u00bb1\/2&#8243;][vc_single_image image=\u00bb1463&#8243; img_size=\u00bbfull\u00bb css_animation=\u00bbbottom-to-top\u00bb][vc_empty_space height=\u00bb48px\u00bb][vc_column_text css_animation=\u00bbbottom-to-top\u00bb]<\/p>\n<h3>Somos valientes<\/h3>\n<p>[\/vc_column_text][vc_column_text css_animation=\u00bbbottom-to-top\u00bb]No nos asustan los presupuestos peque\u00f1os ni los grandes retos. No nos asustan los \u00abno\u00bb ni los \u00abasap\u00bb (\u00ablo antes posible\u00bb). Abrimos las puertas que est\u00e1n cerradas para ver qu\u00e9 se esconde detr\u00e1s. Y si tenemos que saltar, nos lanzamos al vac\u00edo.[\/vc_column_text][vc_empty_space height=\u00bb80px\u00bb][vc_single_image image=\u00bb1461&#8243; img_size=\u00bbfull\u00bb css_animation=\u00bbbottom-to-top\u00bb][vc_column_text css_animation=\u00bbbottom-to-top\u00bb]<\/p>\n<h3>Somos independientes<\/h3>\n<p>[\/vc_column_text][vc_column_text css_animation=\u00bbbottom-to-top\u00bb]Y coherentes con nuestros principios. Como creadores de macas, nos sentimos responsables de la imagen que proyectamos en la sociedad. Como ciudadanos, esperamos que la comunicaci\u00f3n nos ayude y nos ponga las cosas m\u00e1s f\u00e1ciles.[\/vc_column_text][\/vc_column_inner][\/vc_row_inner][\/vc_column][\/vc_row][vc_row full_width=\u00bbstretch_row\u00bb css_animation=\u00bbfadeIn\u00bb el_class=\u00bbblock-left sect-large\u00bb][vc_column][vc_row_inner el_class=\u00bbfull\u00bb][vc_column_inner][vc_single_image image=\u00bb1520&#8243; img_size=\u00bbfull\u00bb css_animation=\u00bbbottom-to-top\u00bb][\/vc_column_inner][\/vc_row_inner][\/vc_column][\/vc_row][vc_row full_width=\u00bbstretch_row\u00bb css_animation=\u00bbfadeIn\u00bb el_class=\u00bbsect-large\u00bb][vc_column][vc_row_inner equal_height=\u00bbyes\u00bb content_placement=\u00bbmiddle\u00bb][vc_column_inner el_class=\u00bbpadding-doble rwdhide\u00bb width=\u00bb1\/2&#8243;][vc_single_image image=\u00bb1521&#8243; img_size=\u00bbfull\u00bb css_animation=\u00bbbottom-to-top\u00bb][\/vc_column_inner][vc_column_inner el_class=\u00bbpadding-doble\u00bb width=\u00bb1\/2&#8243;][vc_column_text css_animation=\u00bbbottom-to-top\u00bb]<\/p>\n<h4>\u00bfQu\u00e9 hacemos?<\/h4>\n<p>[\/vc_column_text][vc_column_text css_animation=\u00bbbottom-to-top\u00bb]<\/p>\n<h3>\u00a1Desde la Marca, lo hacemos todo!<\/h3>\n<p>[\/vc_column_text][vc_column_text css_animation=\u00bbbottom-to-top\u00bb]En un entorno complejo, ayudamos a las marcas a encontrar la raz\u00f3n de ser que las conecte con sus usuarios. Defendemos la creatividad inteligente y con sentido. Creamos campa\u00f1as a medida de las necesidades de cada producto y en consonancia con la estrategia de la marca.[\/vc_column_text][vc_empty_space][vc_btn title=\u00bbNuestros servicios\u00bb style=\u00bbflat\u00bb shape=\u00bbsquare\u00bb color=\u00bbblack\u00bb size=\u00bblg\u00bb css_animation=\u00bbbottom-to-top\u00bb link=\u00bburl:https%3A%2F%2Fwww.wowcomunicacio.com%2Fes%2Fservicios%2F|\u00bb][\/vc_column_inner][\/vc_row_inner][\/vc_column][\/vc_row][vc_row full_width=\u00bbstretch_row\u00bb css_animation=\u00bbfadeIn\u00bb el_class=\u00bbsect-small\u00bb][vc_column][vc_row_inner][vc_column_inner el_class=\u00bbpadding-simple\u00bb width=\u00bb2\/3&#8243;][vc_column_text css_animation=\u00bbbottom-to-top\u00bb]<\/p>\n<h4>\u00a1Wow, qu\u00e9 equipo!<\/h4>\n<p>[\/vc_column_text][vc_column_text css_animation=\u00bbbottom-to-top\u00bb]<\/p>\n<h2>Las grandes ideas son las que tienen un poco de todos.<\/h2>\n<p>[\/vc_column_text][\/vc_column_inner][vc_column_inner width=\u00bb1\/3&#8243;][\/vc_column_inner][\/vc_row_inner][\/vc_column][\/vc_row][vc_row full_width=\u00bbstretch_row\u00bb css_animation=\u00bbfadeIn\u00bb el_class=\u00bbsect-large\u00bb][vc_column][vc_row_inner gap=\u00bb20&#8243; el_class=\u00bbequipgrid\u00bb][vc_column_inner el_class=\u00bbequip\u00bb width=\u00bb1\/3&#8243;][vc_single_image image=\u00bb1446&#8243; img_size=\u00bbfull\u00bb alignment=\u00bbcenter\u00bb][vc_column_text el_class=\u00bbequip-nom\u00bb]Anna Rodr\u00edguez[\/vc_column_text][vc_column_text el_class=\u00bbequip-carrec\u00bb]Servicio al cliente[\/vc_column_text][vc_column_text]\u00abEl diablo se esconde en los peque\u00f1os detalles\u00bb. Cordura y locura. Lidera los proyectos de la agencia trabajando siempre de la mano con los clientes.[\/vc_column_text][\/vc_column_inner][vc_column_inner el_class=\u00bbequip\u00bb width=\u00bb1\/3&#8243;][vc_single_image image=\u00bb1447&#8243; img_size=\u00bbfull\u00bb alignment=\u00bbcenter\u00bb][vc_column_text el_class=\u00bbequip-nom\u00bb]Sofia Ortun[\/vc_column_text][vc_column_text el_class=\u00bbequip-carrec\u00bb]Direcci\u00f3n de arte y dise\u00f1adora gr\u00e1fica[\/vc_column_text][vc_column_text]\u00abLa vida se ve mejor desde la cima de la monta\u00f1a\u00bb. Como una sherpa, pone el dise\u00f1o al servicio de las marcas para crear la mejor experiencia de usuario posible.[\/vc_column_text][\/vc_column_inner][vc_column_inner el_class=\u00bbequip\u00bb width=\u00bb1\/3&#8243;][vc_single_image image=\u00bb1452&#8243; img_size=\u00bbfull\u00bb alignment=\u00bbcenter\u00bb][vc_column_text el_class=\u00bbequip-nom\u00bb]Carla Aguilar[\/vc_column_text][vc_column_text el_class=\u00bbequip-carrec\u00bb]Contenidos y estrategia digital[\/vc_column_text][vc_column_text]\u00abSi no es relevante, no hagas una publicaci\u00f3n\u00bb. Explica historias para hacer que las marcas sean interesantes, divertidas o emocionantes, pero siempre relevantes.[\/vc_column_text][\/vc_column_inner][\/vc_row_inner][vc_row_inner gap=\u00bb20&#8243; el_class=\u00bbequipgrid\u00bb][vc_column_inner el_class=\u00bbequip\u00bb width=\u00bb1\/3&#8243;][vc_single_image image=\u00bb1453&#8243; img_size=\u00bbfull\u00bb alignment=\u00bbcenter\u00bb][vc_column_text el_class=\u00bbequip-nom\u00bb]Agustina Longas[\/vc_column_text][vc_column_text el_class=\u00bbequip-carrec\u00bb]Dise\u00f1adora gr\u00e1fica[\/vc_column_text][vc_column_text]\u00abSi es razonable, es factible\u00bb. Las buenas ideas se esconden en el fondo de una taza de mate.[\/vc_column_text][\/vc_column_inner][vc_column_inner el_class=\u00bbequip\u00bb width=\u00bb1\/3&#8243;][vc_single_image image=\u00bb1450&#8243; img_size=\u00bbfull\u00bb alignment=\u00bbcenter\u00bb][vc_column_text el_class=\u00bbequip-nom\u00bb]Joan Pau Casado[\/vc_column_text][vc_column_text el_class=\u00bbequip-carrec\u00bb]Dise\u00f1ador gr\u00e1fico[\/vc_column_text][vc_column_text]\u00abFuerza, equilibrio, valor y cordura\u00bb. Amante del trabajo bien hecho, de la coherencia en el dise\u00f1o.[\/vc_column_text][\/vc_column_inner][vc_column_inner el_class=\u00bbequip\u00bb width=\u00bb1\/3&#8243;][vc_single_image image=\u00bb1449&#8243; img_size=\u00bbfull\u00bb alignment=\u00bbcenter\u00bb css=\u00bb.vc_custom_1611223979589{margin-bottom: 20px !important;}\u00bb][vc_column_text el_class=\u00bbequip-nom\u00bb]Emilie Klasen[\/vc_column_text][vc_column_text el_class=\u00bbequip-carrec\u00bb]Arquitecta e interiorista[\/vc_column_text][vc_column_text]\u00bbDame un plano y mover\u00e9 el mundo.\u00bb Tiene una varita m\u00e1gica capaz de hacer cualquier sue\u00f1o realidad.[\/vc_column_text][\/vc_column_inner][\/vc_row_inner][vc_row_inner gap=\u00bb20&#8243; el_class=\u00bbequipgrid\u00bb][vc_column_inner el_class=\u00bbequip\u00bb width=\u00bb1\/3&#8243;][vc_single_image image=\u00bb4224&#8243; img_size=\u00bbfull\u00bb alignment=\u00bbcenter\u00bb css=\u00bb.vc_custom_1683124018890{margin-bottom: 20px !important;}\u00bb][vc_column_text el_class=\u00bbequip-nom\u00bb]Marta Toh\u00e0[\/vc_column_text][vc_column_text el_class=\u00bbequip-carrec\u00bb]Servicio al cliente y dise\u00f1adora gr\u00e1fica[\/vc_column_text][vc_column_text]\u00bbLos imposibles estan para hacerlos realidad\u00bb. Si crees que alguna cosa es imposible, es que a\u00fan no se lo has planteado.[\/vc_column_text][\/vc_column_inner][vc_column_inner el_class=\u00bbequip\u00bb width=\u00bb1\/3&#8243;][vc_single_image image=\u00bb4272&#8243; img_size=\u00bbfull\u00bb alignment=\u00bbcenter\u00bb css=\u00bb.vc_custom_1686566055924{margin-bottom: 20px !important;}\u00bb][vc_column_text el_class=\u00bbequip-nom\u00bb]Clara Beltr\u00e1n[\/vc_column_text][vc_column_text el_class=\u00bbequip-carrec\u00bb]Copywriter[\/vc_column_text][vc_column_text]\u00bbQue aquello a lo que te dedicas te haga vibrar\u00bb. Cree firmemente en el poder transformador que tienen las palabras y se entrega con pasi\u00f3n a la tarea de usarlas para dar vida a ideas, emociones y conceptos.[\/vc_column_text][\/vc_column_inner][vc_column_inner el_class=\u00bbequip\u00bb width=\u00bb1\/3&#8243;][\/vc_column_inner][\/vc_row_inner][\/vc_column][\/vc_row][vc_row full_width=\u00bbstretch_row_content\u00bb css_animation=\u00bbfadeIn\u00bb el_class=\u00bbblock-center last\u00bb][vc_column][vc_row_inner el_class=\u00bbfull\u00bb][vc_column_inner][vc_single_image image=\u00bb1620&#8243; img_size=\u00bbfull\u00bb alignment=\u00bbcenter\u00bb css_animation=\u00bbbottom-to-top\u00bb][\/vc_column_inner][\/vc_row_inner][\/vc_column][\/vc_row][vc_row full_width=\u00bbstretch_row\u00bb css_animation=\u00bbfadeIn\u00bb el_class=\u00bbcta-tancament\u00bb][vc_column][vc_row_inner][vc_column_inner el_class=\u00bbpadding-simple\u00bb width=\u00bb9\/12&#8243;][vc_column_text css_animation=\u00bbbottom-to-top\u00bb]<\/p>\n<h2>\u00abExisteixen tres possibles respostes a un disseny: s\u00ed, no i wow! Wow \u00e9s al que hem d\u2019aspirar.\u00bb<br \/><span class=\"nom\">Milton Glaser<\/span><\/h2>\n<p>[\/vc_column_text][vc_btn title=\u00bb\u00a1Hagamos wow!\u00bb style=\u00bbflat\u00bb shape=\u00bbsquare\u00bb color=\u00bbdanger\u00bb size=\u00bblg\u00bb css_animation=\u00bbbottom-to-top\u00bb link=\u00bburl:https%3A%2F%2Fwww.wowcomunicacio.com%2Fes%2Fcontacto%2F|\u00bb][\/vc_column_inner][vc_column_inner width=\u00bb3\/12&#8243;][\/vc_column_inner][\/vc_row_inner][\/vc_column][\/vc_row]<\/p>\n<\/div>","protected":false},"excerpt":{"rendered":"<p>[vc_row full_width=\u00bbstretch_row\u00bb css_animation=\u00bbfadeIn\u00bb el_class=\u00bbsect-small\u00bb][vc_column][vc_row_inner][vc_column_inner el_class=\u00bbpadding-simple\u00bb width=\u00bb2\/3&#8243;][vc_column_text css_animation=\u00bbbottom-to-top\u00bb] \u00a1Hola! [\/vc_column_text][vc_column_text css_animation=\u00bbnone\u00bb] Somos un equipo de personas que cree en las personas detr\u00e1s de las marcas. [\/vc_column_text][vc_empty_space height=\u00bb40&#8243; el_class=\u00bbrwdhide\u00bb][vc_column_text css_animation=\u00bbnone\u00bb]Compartimos una misma visi\u00f3n sobre nuestro trabajo y diferentes puntos de vista sobre cada proyecto. La pasi\u00f3n y la b\u00fasqueda de la excelencia son la raz\u00f3n de ser [&hellip;]<\/p>\n","protected":false},"author":4,"featured_media":0,"parent":0,"menu_order":2,"comment_status":"closed","ping_status":"closed","template":"","meta":{"_acf_changed":false,"_seopress_robots_primary_cat":"","_seopress_titles_title":"Una agencia s\u00f3lida y creativa | WOW Comunicaci\u00f3","_seopress_titles_desc":"Un equipo dividido entre Andorra y Tarragona, junto a la monta\u00f1a y el mar cerca, somos m\u00e1s creativos.","_seopress_robots_index":"","inline_featured_image":false,"footnotes":""},"class_list":["post-1740","page","type-page","status-publish","hentry"],"acf":[],"_links":{"self":[{"href":"https:\/\/www.wowcomunicacio.com\/es\/wp-json\/wp\/v2\/pages\/1740","targetHints":{"allow":["GET"]}}],"collection":[{"href":"https:\/\/www.wowcomunicacio.com\/es\/wp-json\/wp\/v2\/pages"}],"about":[{"href":"https:\/\/www.wowcomunicacio.com\/es\/wp-json\/wp\/v2\/types\/page"}],"author":[{"embeddable":true,"href":"https:\/\/www.wowcomunicacio.com\/es\/wp-json\/wp\/v2\/users\/4"}],"replies":[{"embeddable":true,"href":"https:\/\/www.wowcomunicacio.com\/es\/wp-json\/wp\/v2\/comments?post=1740"}],"version-history":[{"count":0,"href":"https:\/\/www.wowcomunicacio.com\/es\/wp-json\/wp\/v2\/pages\/1740\/revisions"}],"wp:attachment":[{"href":"https:\/\/www.wowcomunicacio.com\/es\/wp-json\/wp\/v2\/media?parent=1740"}],"curies":[{"name":"wp","href":"https:\/\/api.w.org\/{rel}","templated":true}]}}