{"id":1748,"date":"2021-02-24T14:47:46","date_gmt":"2021-02-24T12:47:46","guid":{"rendered":"https:\/\/www.wowcomunicacio.com\/servicios\/"},"modified":"2023-07-10T19:59:29","modified_gmt":"2023-07-10T17:59:29","slug":"servicios","status":"publish","type":"page","link":"https:\/\/www.wowcomunicacio.com\/es\/servicios\/","title":{"rendered":"Servicios"},"content":{"rendered":"<div class=\"wpb-content-wrapper\"><p>[vc_row full_width=\u00bbstretch_row\u00bb css_animation=\u00bbfadeIn\u00bb el_class=\u00bbsect-small\u00bb][vc_column][vc_row_inner][vc_column_inner el_class=\u00bbpadding-simple\u00bb width=\u00bb2\/3&#8243;][vc_column_text css_animation=\u00bbbottom-to-top\u00bb]<\/p>\n<h4>Nuestros servicios<\/h4>\n<p>[\/vc_column_text][vc_column_text css_animation=\u00bbbottom-to-top\u00bb]<\/p>\n<h1>Ofrecemos servicios transversales para la creaci\u00f3n de marcas l\u00edquidas<\/h1>\n<p>[\/vc_column_text][vc_empty_space height=\u00bb40px\u00bb el_class=\u00bbrwdhide\u00bb][vc_column_text css_animation=\u00bbnone\u00bb]Marcas adaptadas a la nueva realidad: resilientes y flexibles, que se despliegan en m\u00faltiples puntos de contacto. En un contexto cada vez m\u00e1s complejo y saturado, creemos que la \u00fanica manera de diferenciarnos es creando experiencias de marca relevantes y multidimensionales, que conecten y aporten valor a los usuarios, y no m\u00e1s ruido.[\/vc_column_text][\/vc_column_inner][vc_column_inner width=\u00bb1\/3&#8243;][\/vc_column_inner][\/vc_row_inner][\/vc_column][\/vc_row][vc_row full_width=\u00bbstretch_row_content_no_spaces\u00bb css_animation=\u00bbfadeIn\u00bb el_class=\u00bbsect-large\u00bb][vc_column][vc_empty_space height=\u00bb64&#8243; el_class=\u00bbrwdshow\u00bb][vc_row_inner][vc_column_inner][vc_raw_html]PGRpdiBjbGFzcz0iZW1iZWQtY29udGFpbmVyIj48aWZyYW1lIHNyYz0iaHR0cHM6Ly9wbGF5ZXIudmltZW8uY29tL3ZpZGVvLzUwNjk2OTQyMz9hdXRvcGxheT0xJmFtcDtsb29wPTEmYW1wO2F1dG9wYXVzZT0wJmFtcDtiYWNrZ3JvdW5kPTEiIHdpZHRoPSI2NDAiIGhlaWdodD0iMzYwIiBmcmFtZWJvcmRlcj0iMCIgYWxsb3c9ImF1dG9wbGF5OyBmdWxsc2NyZWVuOyBwaWN0dXJlLWluLXBpY3R1cmUiIGFsbG93ZnVsbHNjcmVlbj0iIj48L2lmcmFtZT48L2Rpdj4=[\/vc_raw_html][\/vc_column_inner][\/vc_row_inner][\/vc_column][\/vc_row][vc_row full_width=\u00bbstretch_row\u00bb css_animation=\u00bbfadeIn\u00bb el_class=\u00bbsect-small serveis\u00bb][vc_column][vc_row_inner equal_height=\u00bbyes\u00bb content_placement=\u00bbmiddle\u00bb el_class=\u00bbswap-on-mobile\u00bb][vc_column_inner el_class=\u00bbpadding-simple\u00bb width=\u00bb1\/2&#8243;][vc_column_text css_animation=\u00bbbottom-to-top\u00bb]<\/p>\n<h2 class=\"servei\">Estrategia de marca<\/h2>\n<p>[\/vc_column_text][vc_column_text css_animation=\u00bbbottom-to-top\u00bb]En un entorno cada vez m\u00e1s incierto, la estrategia de marca debe actuar como la \u00fanica certeza. En el punto de uni\u00f3n entre el usuario y la marca, surge la esencia de la marca, el punto de gu\u00eda que debe permitir desarrollar la estrategia de la marca para avanzar con coherencia y perspectiva.[\/vc_column_text][vc_empty_space height=\u00bb20px\u00bb][vc_column_text css_animation=\u00bbbottom-to-top\u00bb]<\/p>\n<ul>\n<li>An\u00e1lisis de mercado<\/li>\n<li>Arquitectura de marca<\/li>\n<li>Territorio de marca<\/li>\n<li>Brand guard<\/li>\n<li>Plan de comunicaci\u00f3n<\/li>\n<\/ul>\n<p>[\/vc_column_text][vc_empty_space height=\u00bb20px\u00bb][\/vc_column_inner][vc_column_inner width=\u00bb1\/2&#8243;][vc_single_image image=\u00bb1614&#8243; img_size=\u00bbfull\u00bb css_animation=\u00bbbottom-to-top\u00bb][\/vc_column_inner][\/vc_row_inner][\/vc_column][\/vc_row][vc_row full_width=\u00bbstretch_row\u00bb css_animation=\u00bbfadeIn\u00bb el_class=\u00bbsect-small serveis reverse\u00bb][vc_column][vc_row_inner equal_height=\u00bbyes\u00bb content_placement=\u00bbmiddle\u00bb][vc_column_inner width=\u00bb1\/2&#8243;][vc_single_image image=\u00bb1615&#8243; img_size=\u00bbfull\u00bb css_animation=\u00bbbottom-to-top\u00bb][\/vc_column_inner][vc_column_inner el_class=\u00bbpadding-simple\u00bb width=\u00bb1\/2&#8243;][vc_column_text css_animation=\u00bbbottom-to-top\u00bb]<\/p>\n<h2 class=\"servei\">Narrativa de marca<\/h2>\n<p>[\/vc_column_text][vc_column_text css_animation=\u00bbbottom-to-top\u00bb]En el nuevo paradigma, las marcas necesitan dotarse de una personalidad propia capaz de expresarse a trav\u00e9s de unas emociones, de un di\u00e1logo y de una comunicaci\u00f3n constante. Damos historias, palabras e im\u00e1genes a esta conversaci\u00f3n, construyendo una narrativa diferenciadora que conecte a las marcas con el mensaje relevante para sus usuarios.[\/vc_column_text][vc_empty_space height=\u00bb20px\u00bb][vc_column_text css_animation=\u00bbbottom-to-top\u00bb]\n<\/p>\n<ul>\n<li>Creaci\u00f3n de nombres de marca<\/li>\n<li>Punto de referencia<\/li>\n<li>Tono de voz<\/li>\n<li>Redacci\u00f3n publicitaria<\/li>\n<li>Identidad corporativa<\/li>\n<li>Direcci\u00f3n de arte<\/li>\n<\/ul>\n<p>\n[\/vc_column_text][vc_empty_space height=\u00bb20px\u00bb][\/vc_column_inner][\/vc_row_inner][\/vc_column][\/vc_row][vc_row full_width=\u00bbstretch_row\u00bb css_animation=\u00bbfadeIn\u00bb el_class=\u00bbsect-large serveis\u00bb][vc_column][vc_row_inner equal_height=\u00bbyes\u00bb content_placement=\u00bbmiddle\u00bb el_class=\u00bbswap-on-mobile\u00bb][vc_column_inner el_class=\u00bbpadding-simple\u00bb width=\u00bb1\/2&#8243;][vc_column_text css_animation=\u00bbbottom-to-top\u00bb]<\/p>\n<h2 class=\"servei\">Activaci\u00f3n de marca<\/h2>\n<p>[\/vc_column_text][vc_column_text css_animation=\u00bbbottom-to-top\u00bb]Desde un profundo an\u00e1lisis y entendimiento de las necesidades de la marca, definimos el plan de acciones orientado a implementar y visibilizar su valor. No se trata solo de estar en el lugar adecuado, sino de transmitir el mensaje pertinente. Ayudamos a nuestros clientes a conectar con su p\u00fablico en multiplataforma y \u200b\u200bresolvemos las necesidades de comunicaci\u00f3n para cada punto de contacto.[\/vc_column_text][vc_empty_space height=\u00bb20px\u00bb][vc_column_text css_animation=\u00bbbottom-to-top\u00bb]<\/p>\n<ul>\n<li>Dise\u00f1o gr\u00e1fico e ilustraci\u00f3n<\/li>\n<li>Stands y dise\u00f1o de espacios<\/li>\n<li>Packaging<\/li>\n<li>Producci\u00f3n audiovisual y fotograf\u00eda<\/li>\n<li>Desarrollo web<\/li>\n<li>Redes sociales<\/li>\n<li>SEO, SEM y marketing de entrada<\/li>\n<li>Plan de medios<\/li>\n<\/ul>\n<p>[\/vc_column_text][\/vc_column_inner][vc_column_inner width=\u00bb1\/2&#8243;][vc_single_image image=\u00bb1616&#8243; img_size=\u00bbfull\u00bb css_animation=\u00bbbottom-to-top\u00bb][\/vc_column_inner][\/vc_row_inner][\/vc_column][\/vc_row][vc_row full_width=\u00bbstretch_row\u00bb css_animation=\u00bbfadeIn\u00bb el_class=\u00bbsect-small\u00bb][vc_column][vc_row_inner][vc_column_inner el_class=\u00bbpadding-simple\u00bb][vc_column_text css_animation=\u00bbbottom-to-top\u00bb]<\/p>\n<h2>Nuestros servicios<\/h2>\n<p>[\/vc_column_text][\/vc_column_inner][\/vc_row_inner][\/vc_column][\/vc_row][vc_row full_width=\u00bbstretch_row_content\u00bb css_animation=\u00bbfadeIn\u00bb el_class=\u00bbsect-small\u00bb][vc_column][vc_row_inner][vc_column_inner el_class=\u00bbpadding-simple\u00bb][vc_masonry_grid post_type=\u00bbpage\u00bb max_items=\u00bb6&#8243; gap=\u00bb20&#8243; orderby=\u00bbrand\u00bb item=\u00bb3333&#8243; initial_loading_animation=\u00bbfadeIn\u00bb grid_id=\u00bbvc_gid:1681907299979-60ccc710-2985-5&#8243; exclude=\u00bb6, 1763, 3, 1885, 1888, 1740, 11, 9, 1890, 1045, 1756, 1143, 1877, 1121, 863, 1748, 1350, 1123, 1897, 1769, 13, 4101&#8243;][\/vc_column_inner][\/vc_row_inner][\/vc_column][\/vc_row][vc_row full_width=\u00bbstretch_row\u00bb css_animation=\u00bbfadeIn\u00bb el_class=\u00bbcta-tancament\u00bb][vc_column][vc_row_inner][vc_column_inner el_class=\u00bbpadding-simple\u00bb width=\u00bb9\/12&#8243;][vc_column_text css_animation=\u00bbbottom-to-top\u00bb]<\/p>\n<h2>\u00abExisten tres posibles respuestas a un dise\u00f1o: s\u00ed, no y \u00a1wow! Wow es a lo que debemos aspirar\u00bb.<br \/>\n<span class=\"nom\">Milton Glaser<\/span><\/h2>\n<p>[\/vc_column_text][vc_btn title=\u00bb\u00a1Hagamos wow!\u00bb style=\u00bbflat\u00bb shape=\u00bbsquare\u00bb color=\u00bbdanger\u00bb size=\u00bblg\u00bb css_animation=\u00bbbottom-to-top\u00bb link=\u00bburl:https%3A%2F%2Fwww.wowcomunicacio.com%2Fes%2Fcontacto%2F|\u00bb][\/vc_column_inner][vc_column_inner width=\u00bb3\/12&#8243;][\/vc_column_inner][\/vc_row_inner][\/vc_column][\/vc_row]<\/p>\n<\/div>","protected":false},"excerpt":{"rendered":"<p>[vc_row full_width=\u00bbstretch_row\u00bb css_animation=\u00bbfadeIn\u00bb el_class=\u00bbsect-small\u00bb][vc_column][vc_row_inner][vc_column_inner el_class=\u00bbpadding-simple\u00bb width=\u00bb2\/3&#8243;][vc_column_text css_animation=\u00bbbottom-to-top\u00bb] Nuestros servicios [\/vc_column_text][vc_column_text css_animation=\u00bbbottom-to-top\u00bb] Ofrecemos servicios transversales para la creaci\u00f3n de marcas l\u00edquidas [\/vc_column_text][vc_empty_space height=\u00bb40px\u00bb el_class=\u00bbrwdhide\u00bb][vc_column_text css_animation=\u00bbnone\u00bb]Marcas adaptadas a la nueva realidad: resilientes y flexibles, que se despliegan en m\u00faltiples puntos de contacto. En un contexto cada vez m\u00e1s complejo y saturado, creemos que la \u00fanica manera de [&hellip;]<\/p>\n","protected":false},"author":4,"featured_media":0,"parent":0,"menu_order":3,"comment_status":"closed","ping_status":"closed","template":"","meta":{"_acf_changed":false,"_seopress_robots_primary_cat":"","_seopress_titles_title":"Todos los servicios que ofrecemos | WOW Comunicaci\u00f3","_seopress_titles_desc":"La lista de todos los servicios que ofrecemos como agencia de publicidad y marketing","_seopress_robots_index":"","inline_featured_image":false,"footnotes":""},"class_list":["post-1748","page","type-page","status-publish","hentry"],"acf":[],"_links":{"self":[{"href":"https:\/\/www.wowcomunicacio.com\/es\/wp-json\/wp\/v2\/pages\/1748","targetHints":{"allow":["GET"]}}],"collection":[{"href":"https:\/\/www.wowcomunicacio.com\/es\/wp-json\/wp\/v2\/pages"}],"about":[{"href":"https:\/\/www.wowcomunicacio.com\/es\/wp-json\/wp\/v2\/types\/page"}],"author":[{"embeddable":true,"href":"https:\/\/www.wowcomunicacio.com\/es\/wp-json\/wp\/v2\/users\/4"}],"replies":[{"embeddable":true,"href":"https:\/\/www.wowcomunicacio.com\/es\/wp-json\/wp\/v2\/comments?post=1748"}],"version-history":[{"count":0,"href":"https:\/\/www.wowcomunicacio.com\/es\/wp-json\/wp\/v2\/pages\/1748\/revisions"}],"wp:attachment":[{"href":"https:\/\/www.wowcomunicacio.com\/es\/wp-json\/wp\/v2\/media?parent=1748"}],"curies":[{"name":"wp","href":"https:\/\/api.w.org\/{rel}","templated":true}]}}