{"id":1756,"date":"2021-03-04T10:58:48","date_gmt":"2021-03-04T08:58:48","guid":{"rendered":"https:\/\/www.wowcomunicacio.com\/suscribete-al-boletin-de-informacion\/"},"modified":"2026-03-04T13:50:14","modified_gmt":"2026-03-04T11:50:14","slug":"suscribete-al-boletin-de-informacion","status":"publish","type":"page","link":"https:\/\/www.wowcomunicacio.com\/es\/suscribete-al-boletin-de-informacion\/","title":{"rendered":"Suscr\u00edbete al bolet\u00edn de informaci\u00f3n"},"content":{"rendered":"<div class=\"wpb-content-wrapper\"><p>[vc_row full_width=\u00bbstretch_row\u00bb css_animation=\u00bbfadeIn\u00bb el_class=\u00bbsect-small contacte\u00bb][vc_column][vc_row_inner][vc_column_inner width=\u00bb4\/12&#8243;][vc_single_image image=\u00bb1638&#8243; img_size=\u00bbfull\u00bb][\/vc_column_inner][vc_column_inner el_class=\u00bbpadding-simple\u00bb width=\u00bb8\/12&#8243;][vc_column_text css_animation=\u00bbnone\u00bb]<\/p>\n<h1>La teva dosi mensual de continguts sobre br\u00e0nding i comunicaci\u00f3<\/h1>\n<p>[\/vc_column_text][vc_empty_space height=\u00bb40&#8243;][vc_column_text css_animation=\u00bbbottom-to-top\u00bb]Las \u00faltimas tendencias y algunas reflexiones sobre estrategia, identidad y contenido de marca. Descubre todo lo que la comunicaci\u00f3n puede hacer para tu proyecto. Ap\u00fantate aqu\u00ed.[\/vc_column_text][vc_empty_space height=\u00bb40&#8243;]\n<div class=\"wpcf7 no-js\" id=\"wpcf7-f5378-o1\" lang=\"es-ES\" dir=\"ltr\" data-wpcf7-id=\"5378\">\n<div class=\"screen-reader-response\"><p role=\"status\" aria-live=\"polite\" aria-atomic=\"true\"><\/p> <ul><\/ul><\/div>\n<form action=\"\/es\/wp-json\/wp\/v2\/pages\/1756#wpcf7-f5378-o1\" method=\"post\" class=\"wpcf7-form init wpcf7-acceptance-as-validation\" aria-label=\"Formulario de contacto\" novalidate=\"novalidate\" data-status=\"init\">\n<fieldset class=\"hidden-fields-container\"><input type=\"hidden\" name=\"_wpcf7\" value=\"5378\" \/><input type=\"hidden\" name=\"_wpcf7_version\" value=\"6.1.5\" \/><input type=\"hidden\" name=\"_wpcf7_locale\" value=\"es_ES\" \/><input type=\"hidden\" name=\"_wpcf7_unit_tag\" value=\"wpcf7-f5378-o1\" \/><input type=\"hidden\" name=\"_wpcf7_container_post\" value=\"0\" \/><input type=\"hidden\" name=\"_wpcf7_posted_data_hash\" value=\"\" \/>\n<\/fieldset>\n<p><label><span class=\"wpcf7-form-control-wrap\" data-name=\"your-name\"><input size=\"40\" maxlength=\"400\" class=\"wpcf7-form-control wpcf7-text wpcf7-validates-as-required\" aria-required=\"true\" aria-invalid=\"false\" placeholder=\"Tu nombre\" value=\"\" type=\"text\" name=\"your-name\" \/><\/span><\/label><br \/>\n<label><span class=\"wpcf7-form-control-wrap\" data-name=\"your-email\"><input size=\"40\" maxlength=\"400\" class=\"wpcf7-form-control wpcf7-email wpcf7-validates-as-required wpcf7-text wpcf7-validates-as-email\" aria-required=\"true\" aria-invalid=\"false\" placeholder=\"Tu direcci\u00f3n electr\u00f3nica\" value=\"\" type=\"email\" name=\"your-email\" \/><\/span><\/label>\n<\/p>\n<div class=\"acceptacio\">\n\t<p><span class=\"wpcf7-form-control-wrap\" data-name=\"your-consent\"><span class=\"wpcf7-form-control wpcf7-acceptance\"><span class=\"wpcf7-list-item\"><label><input type=\"checkbox\" name=\"your-consent\" value=\"1\" aria-invalid=\"false\" \/><span class=\"wpcf7-list-item-label\">He le\u00eddo, entendido y acepto la <a href=\"\/privacitat\/\">Pol\u00edtica de privacidad<\/a>.<\/span><\/label><\/span><\/span><\/span>\n\t<\/p>\n\t<p><span class=\"wpcf7-form-control-wrap\" data-name=\"your-consent3\"><span class=\"wpcf7-form-control wpcf7-acceptance\"><span class=\"wpcf7-list-item\"><label><input type=\"checkbox\" name=\"your-consent3\" value=\"1\" aria-invalid=\"false\" \/><span class=\"wpcf7-list-item-label\">Doy mi consentimiento expreso para recibir boletines de informaci\u00f3n de WOW por correo electr\u00f3nico y otros medios electr\u00f3nicos o postales.<\/span><\/label><\/span><\/span><\/span>\n\t<\/p>\n\t<p>Si posteriormente no desea seguir recibiendo nuestras comunicaciones y \/ o boletines de informaci\u00f3n, puede revocar el consentimiento enviando un correo electr\u00f3nico a &#x68;&#x6f;&#x6c;&#x61;&#64;&#119;owc&#x6f;&#x6d;&#x75;&#x6e;&#105;&#99;aci&#x6f;&#x2e;&#x61;&#x64; con la palabra \u00abBAJA\u00bb.<br \/>\nThis site is protected by reCAPTCHA and the Google Privacy Policy and Terms of Service apply.\n\t<\/p>\n<\/div>\n<p><input class=\"wpcf7-form-control wpcf7-submit has-spinner\" type=\"submit\" value=\"SUBSCR\u00cdBETE AL BOLET\u00cdN DE INFORMACI\u00d3N\" \/>\n<\/p><div class=\"wpcf7-response-output\" aria-hidden=\"true\"><\/div>\n<\/form>\n<\/div>\n[\/vc_column_inner][\/vc_row_inner][\/vc_column][\/vc_row]<\/p>\n<\/div>","protected":false},"excerpt":{"rendered":"<p>[vc_row full_width=\u00bbstretch_row\u00bb css_animation=\u00bbfadeIn\u00bb el_class=\u00bbsect-small contacte\u00bb][vc_column][vc_row_inner][vc_column_inner width=\u00bb4\/12&#8243;][vc_single_image image=\u00bb1638&#8243; img_size=\u00bbfull\u00bb][\/vc_column_inner][vc_column_inner el_class=\u00bbpadding-simple\u00bb width=\u00bb8\/12&#8243;][vc_column_text css_animation=\u00bbnone\u00bb] La teva dosi mensual de continguts sobre br\u00e0nding i comunicaci\u00f3 [\/vc_column_text][vc_empty_space height=\u00bb40&#8243;][vc_column_text css_animation=\u00bbbottom-to-top\u00bb]Las \u00faltimas tendencias y algunas reflexiones sobre estrategia, identidad y contenido de marca. Descubre todo lo que la comunicaci\u00f3n puede hacer para tu proyecto. Ap\u00fantate aqu\u00ed.[\/vc_column_text][vc_empty_space height=\u00bb40&#8243;][\/vc_column_inner][\/vc_row_inner][\/vc_column][\/vc_row]<\/p>\n","protected":false},"author":4,"featured_media":0,"parent":0,"menu_order":8,"comment_status":"closed","ping_status":"closed","template":"","meta":{"_acf_changed":false,"_seopress_robots_primary_cat":"","_seopress_titles_title":"Subscriu-te al butllet\u00ed d'informaci\u00f3","_seopress_titles_desc":"Informa't sobre les nostres not\u00edcies i serveis. Subscriu-te ja!","_seopress_robots_index":"","inline_featured_image":false,"footnotes":""},"class_list":["post-1756","page","type-page","status-publish","hentry"],"acf":[],"_links":{"self":[{"href":"https:\/\/www.wowcomunicacio.com\/es\/wp-json\/wp\/v2\/pages\/1756","targetHints":{"allow":["GET"]}}],"collection":[{"href":"https:\/\/www.wowcomunicacio.com\/es\/wp-json\/wp\/v2\/pages"}],"about":[{"href":"https:\/\/www.wowcomunicacio.com\/es\/wp-json\/wp\/v2\/types\/page"}],"author":[{"embeddable":true,"href":"https:\/\/www.wowcomunicacio.com\/es\/wp-json\/wp\/v2\/users\/4"}],"replies":[{"embeddable":true,"href":"https:\/\/www.wowcomunicacio.com\/es\/wp-json\/wp\/v2\/comments?post=1756"}],"version-history":[{"count":2,"href":"https:\/\/www.wowcomunicacio.com\/es\/wp-json\/wp\/v2\/pages\/1756\/revisions"}],"predecessor-version":[{"id":5567,"href":"https:\/\/www.wowcomunicacio.com\/es\/wp-json\/wp\/v2\/pages\/1756\/revisions\/5567"}],"wp:attachment":[{"href":"https:\/\/www.wowcomunicacio.com\/es\/wp-json\/wp\/v2\/media?parent=1756"}],"curies":[{"name":"wp","href":"https:\/\/api.w.org\/{rel}","templated":true}]}}