{"id":1769,"date":"2020-03-03T14:17:52","date_gmt":"2020-03-03T12:17:52","guid":{"rendered":"https:\/\/www.wowcomunicacio.com\/contacto\/"},"modified":"2023-10-13T12:17:46","modified_gmt":"2023-10-13T10:17:46","slug":"contacto","status":"publish","type":"page","link":"https:\/\/www.wowcomunicacio.com\/es\/contacto\/","title":{"rendered":"Contacto"},"content":{"rendered":"<div class=\"wpb-content-wrapper\"><p>[vc_row full_width=\u00bbstretch_row\u00bb css_animation=\u00bbfadeIn\u00bb el_class=\u00bbsect-small contacte\u00bb][vc_column][vc_row_inner css=\u00bb.vc_custom_1614784038291{margin-bottom: 30px !important;}\u00bb][vc_column_inner width=\u00bb4\/12&#8243;][vc_single_image image=\u00bb1657&#8243; img_size=\u00bbfull\u00bb][vc_empty_space height=\u00bb40&#8243; el_class=\u00bbrwdshow\u00bb][\/vc_column_inner][vc_column_inner el_class=\u00bbpadding-simple\u00bb width=\u00bb8\/12&#8243;][vc_column_text css_animation=\u00bbbottom-to-top\u00bb]<\/p>\n<h1>\u00bfHacemos Wow?<\/h1>\n<p>[\/vc_column_text][vc_column_text css_animation=\u00bbbottom-to-top\u00bb css=\u00bb.vc_custom_1697034223810{margin-top: 24px !important;}\u00bb]Conozc\u00e1monos mejor. Expl\u00edcanos tu proyecto a <a href=\"hol&#97;&#64;&#119;&#101;&#x61;&#x72;&#x65;&#x77;&#x6f;&#x77;&#x2e;com\">hola&#64;w&#101;&#97;&#114;&#101;&#119;&#111;&#119;&#x2e;&#x63;&#x6f;&#x6d;<\/a> y empezamos.[\/vc_column_text][vc_column_text css_animation=\u00bbbottom-to-top\u00bb css=\u00bb.vc_custom_1697034205455{margin-top: 24px !important;margin-bottom: 40px !important;}\u00bb]<a href=\"https:\/\/www.wowcomunicacio.com\/es\/andorra\/\">ANDORRA<\/a><br \/>\nC\/ Doctor Molines n\u00ba 10, 1r 1a<br \/>\nAndorra la Vella &#8211; ANDORRA<br \/>\nT. <a href=\"tel:00376808580\">+376 808 580<\/a>[\/vc_column_text]\n<div class=\"wpcf7 no-js\" id=\"wpcf7-f1903-o1\" lang=\"es-ES\" dir=\"ltr\" data-wpcf7-id=\"1903\">\n<div class=\"screen-reader-response\"><p role=\"status\" aria-live=\"polite\" aria-atomic=\"true\"><\/p> <ul><\/ul><\/div>\n<form action=\"\/es\/wp-json\/wp\/v2\/pages\/1769#wpcf7-f1903-o1\" method=\"post\" class=\"wpcf7-form init wpcf7-acceptance-as-validation\" aria-label=\"Formulario de contacto\" novalidate=\"novalidate\" data-status=\"init\">\n<fieldset class=\"hidden-fields-container\"><input type=\"hidden\" name=\"_wpcf7\" value=\"1903\" \/><input type=\"hidden\" name=\"_wpcf7_version\" value=\"6.1.5\" \/><input type=\"hidden\" name=\"_wpcf7_locale\" value=\"es_ES\" \/><input type=\"hidden\" name=\"_wpcf7_unit_tag\" value=\"wpcf7-f1903-o1\" \/><input type=\"hidden\" name=\"_wpcf7_container_post\" value=\"0\" \/><input type=\"hidden\" name=\"_wpcf7_posted_data_hash\" value=\"\" \/>\n<\/fieldset>\n<p><label><span class=\"wpcf7-form-control-wrap\" data-name=\"your-name\"><input size=\"40\" maxlength=\"400\" class=\"wpcf7-form-control wpcf7-text wpcf7-validates-as-required\" aria-required=\"true\" aria-invalid=\"false\" placeholder=\"Nombre\" value=\"\" type=\"text\" name=\"your-name\" \/><\/span><\/label><br \/>\n<label><span class=\"wpcf7-form-control-wrap\" data-name=\"your-email\"><input size=\"40\" maxlength=\"400\" class=\"wpcf7-form-control wpcf7-email wpcf7-validates-as-required wpcf7-text wpcf7-validates-as-email\" aria-required=\"true\" aria-invalid=\"false\" placeholder=\"E-mail\" value=\"\" type=\"email\" name=\"your-email\" \/><\/span><\/label><br \/>\n<label><span class=\"wpcf7-form-control-wrap\" data-name=\"your-company\"><input size=\"40\" maxlength=\"400\" class=\"wpcf7-form-control wpcf7-text\" aria-invalid=\"false\" placeholder=\"Empresa\" value=\"\" type=\"text\" name=\"your-company\" \/><\/span><\/label><br \/>\n<label><span class=\"wpcf7-form-control-wrap\" data-name=\"your-message\"><textarea cols=\"40\" rows=\"10\" maxlength=\"2000\" class=\"wpcf7-form-control wpcf7-textarea\" aria-invalid=\"false\" placeholder=\"M\u00e1s sobre el projecto\" name=\"your-message\"><\/textarea><\/span><\/label>\n<\/p>\n<div class=\"acceptacio\">\n\t<p><span class=\"wpcf7-form-control-wrap\" data-name=\"your-consent\"><span class=\"wpcf7-form-control wpcf7-acceptance\"><span class=\"wpcf7-list-item\"><label><input type=\"checkbox\" name=\"your-consent\" value=\"1\" aria-invalid=\"false\" \/><span class=\"wpcf7-list-item-label\">He le\u00eddo, entendido y acepto la <a href=\"\/privacitat\/\">Pol\u00edtica de privacidad<\/a>.<\/span><\/label><\/span><\/span><\/span>\n\t<\/p>\n\t<p><span class=\"wpcf7-form-control-wrap\" data-name=\"your-consent3\"><span class=\"wpcf7-form-control wpcf7-acceptance\"><span class=\"wpcf7-list-item\"><label><input type=\"checkbox\" name=\"your-consent3\" value=\"1\" aria-invalid=\"false\" \/><span class=\"wpcf7-list-item-label\">Doy mi consentimiento expreso para recibir boletines de informaci\u00f3n de WOW por correo electr\u00f3nico y otros medios electr\u00f3nicos o postales.<\/span><\/label><\/span><\/span><\/span>\n\t<\/p>\n\t<p>Si posteriormente no desea seguir recibiendo nuestras comunicaciones y \/ o boletines de informaci\u00f3n, puede revocar el consentimiento enviando un correo electr\u00f3nico a &#x68;&#111;&#x6c;&#x61;&#64;&#x77;&#111;w&#x63;&#111;m&#x75;&#110;i&#x63;&#97;c&#x69;&#111;&#x2e;&#x61;&#100; con la palabra \u00abBAJA\u00bb.\n\t<\/p>\n\t<p>This site is protected by reCAPTCHA and the Google Privacy Policy and Terms of Service apply.\n\t<\/p>\n<\/div>\n<p><input class=\"wpcf7-form-control wpcf7-submit has-spinner\" type=\"submit\" value=\"Enviar\" \/>\n<\/p><div class=\"wpcf7-response-output\" aria-hidden=\"true\"><\/div>\n<\/form>\n<\/div>\n[\/vc_column_inner][\/vc_row_inner][\/vc_column][\/vc_row]<\/p>\n<\/div>","protected":false},"excerpt":{"rendered":"<p>[vc_row full_width=\u00bbstretch_row\u00bb css_animation=\u00bbfadeIn\u00bb el_class=\u00bbsect-small contacte\u00bb][vc_column][vc_row_inner css=\u00bb.vc_custom_1614784038291{margin-bottom: 30px !important;}\u00bb][vc_column_inner width=\u00bb4\/12&#8243;][vc_single_image image=\u00bb1657&#8243; img_size=\u00bbfull\u00bb][vc_empty_space height=\u00bb40&#8243; el_class=\u00bbrwdshow\u00bb][\/vc_column_inner][vc_column_inner el_class=\u00bbpadding-simple\u00bb width=\u00bb8\/12&#8243;][vc_column_text css_animation=\u00bbbottom-to-top\u00bb] \u00bfHacemos Wow? [\/vc_column_text][vc_column_text css_animation=\u00bbbottom-to-top\u00bb css=\u00bb.vc_custom_1697034223810{margin-top: 24px !important;}\u00bb]Conozc\u00e1monos mejor. Expl\u00edcanos tu proyecto a &#104;&#x6f;l&#x61;&#64;&#119;&#x65;&#97;&#x72;e&#119;&#x6f;&#119;&#x2e;c&#x6f;&#x6d; y empezamos.[\/vc_column_text][vc_column_text css_animation=\u00bbbottom-to-top\u00bb css=\u00bb.vc_custom_1697034205455{margin-top: 24px !important;margin-bottom: 40px !important;}\u00bb]ANDORRA C\/ Doctor Molines n\u00ba 10, 1r 1a Andorra la Vella &#8211; ANDORRA T. +376 808 580[\/vc_column_text][\/vc_column_inner][\/vc_row_inner][\/vc_column][\/vc_row]<\/p>\n","protected":false},"author":4,"featured_media":0,"parent":0,"menu_order":7,"comment_status":"closed","ping_status":"closed","template":"","meta":{"_acf_changed":false,"_seopress_robots_primary_cat":"","_seopress_titles_title":"Contacto | WOW Comunicaci\u00f3","_seopress_titles_desc":"Nuestra p\u00e1gina de contacto, \u00bfnecesitas algo? Nos puedes contactar aqu\u00ed","_seopress_robots_index":"","inline_featured_image":false,"footnotes":""},"class_list":["post-1769","page","type-page","status-publish","hentry"],"acf":[],"_links":{"self":[{"href":"https:\/\/www.wowcomunicacio.com\/es\/wp-json\/wp\/v2\/pages\/1769","targetHints":{"allow":["GET"]}}],"collection":[{"href":"https:\/\/www.wowcomunicacio.com\/es\/wp-json\/wp\/v2\/pages"}],"about":[{"href":"https:\/\/www.wowcomunicacio.com\/es\/wp-json\/wp\/v2\/types\/page"}],"author":[{"embeddable":true,"href":"https:\/\/www.wowcomunicacio.com\/es\/wp-json\/wp\/v2\/users\/4"}],"replies":[{"embeddable":true,"href":"https:\/\/www.wowcomunicacio.com\/es\/wp-json\/wp\/v2\/comments?post=1769"}],"version-history":[{"count":0,"href":"https:\/\/www.wowcomunicacio.com\/es\/wp-json\/wp\/v2\/pages\/1769\/revisions"}],"wp:attachment":[{"href":"https:\/\/www.wowcomunicacio.com\/es\/wp-json\/wp\/v2\/media?parent=1769"}],"curies":[{"name":"wp","href":"https:\/\/api.w.org\/{rel}","templated":true}]}}