{"id":1877,"date":"2021-03-03T17:15:58","date_gmt":"2021-03-03T15:15:58","guid":{"rendered":"https:\/\/www.wowcomunicacio.com\/cookies\/"},"modified":"2023-07-28T12:20:22","modified_gmt":"2023-07-28T10:20:22","slug":"cookies","status":"publish","type":"page","link":"https:\/\/www.wowcomunicacio.com\/es\/cookies\/","title":{"rendered":"Cookies"},"content":{"rendered":"<div class=\"wpb-content-wrapper\"><p>[vc_row full_width=\u00bbstretch_row\u00bb css_animation=\u00bbfadeIn\u00bb el_class=\u00bbsect-small legal\u00bb][vc_column][vc_row_inner css=\u00bb.vc_custom_1614784023208{margin-bottom: 60px !important;}\u00bb][vc_column_inner width=\u00bb4\/12&#8243;][vc_single_image image=\u00bb1639&#8243; img_size=\u00bbfull\u00bb][\/vc_column_inner][vc_column_inner el_class=\u00bbpadding-simple\u00bb width=\u00bb8\/12&#8243;][vc_column_text css_animation=\u00bbnone\u00bb]<\/p>\n<h1>Cookies<\/h1>\n<p>[\/vc_column_text][vc_empty_space height=\u00bb30&#8243;][vc_column_text]<strong>\u00bfQu\u00e9 es una cookie?<\/strong><br \/>\nUna cookie es un archivo que se descarga en su ordenador al acceder a determinadas p\u00e1ginas web. Las cookies permiten a una p\u00e1gina web, entre otras cosas, almacenar y recuperar informaci\u00f3n sobre los h\u00e1bitos de navegaci\u00f3n de un usuario o de su equipo y, dependiendo de la informaci\u00f3n que contengan y de la forma en que utilice su equipo, se pueden utilizar para reconocer al usuario.<\/p>\n<p><strong>\u00bfQu\u00e9 tipos de cookies existen?<\/strong><br \/>\nHay varios tipos de cookies en funci\u00f3n de diferentes criterios:<\/p>\n<p>En funci\u00f3n del tiempo que permanecen activadas:<br \/>\nCookies de sesi\u00f3n: Son un tipo de cookies dise\u00f1adas para pedir y almacenar datos mientras el usuario accede a una p\u00e1gina web.<br \/>\nCookies permanentes: Son un tipo de cookies con las que los datos permanecen almacenados en el terminal. Se puede acceder a ellos y tratarlos durante un per\u00edodo definido por el responsable de la cookie.<\/p>\n<p>En funci\u00f3n de la titularidad:<br \/>\nCookies propias: Son las que pertenecen a WOW COMUNICACI\u00d3.<br \/>\nCookies de terceros: Son aquellas cuya titularidad es de un tercero, distinto de WOW COMUNICACI\u00d3, que ser\u00e1 quien trate la informaci\u00f3n recogida.<\/p>\n<p>En funci\u00f3n de su finalidad:<br \/>\nCookies t\u00e9cnicas o de personalizaci\u00f3n: Son aquellas que sirven para mejorar el servicio, localizar incidencias, reconocer al usuario, etc.<br \/>\nCookies de an\u00e1lisis o de publicidad: Son aquellas que sirven para analizar informaci\u00f3n sobre la navegaci\u00f3n y ofrecer publicidad, sea gen\u00e9rica o personalizada.<\/p>\n<p><strong>\u00bfQu\u00e9 tipo de cookies son m\u00e1s habituales? <\/strong><br \/>\nT\u00c9CNICAS: Son cookies PROPIAS, de sesi\u00f3n, de identificaci\u00f3n, de configuraci\u00f3n y de registro, estrictamente necesarias para la identificaci\u00f3n del usuario y para la prestaci\u00f3n de los servicios solicitados por el usuario. La informaci\u00f3n obtenida a trav\u00e9s de las mismas es tratada unicamente por WOW COMUNICACIO.<\/p>\n<p>DE AN\u00c1LISIS: Son aquellas que, bien tratadas por nosotros o por terceros, nos permiten cuantificar el n\u00famero de usuarios y as\u00ed realizar la medici\u00f3n y an\u00e1lisis estad\u00edstico de la utilizaci\u00f3n que hacen los usuarios del servicio ofrecido. Para ello, se analiza su navegaci\u00f3n en nuestra p\u00e1gina web para mejorar la oferta de productos o servicios que les ofrecemos.<\/p>\n<p>DE PUBLICIDAD: Son aquellas que, bien tratadas por nosotros o por terceros, permiten la gesti\u00f3n, de la forma m\u00e1s eficaz posible, de los espacios publicitarios que se pudieran incluir en nuestra p\u00e1gina web o que almacenan informaci\u00f3n del comportamiento de los usuarios obtenida a trav\u00e9s de la observaci\u00f3n continuada. Gracias a ellas, podemos conocer los h\u00e1bitos de navegaci\u00f3n en Internet y mostrarle publicidad relacionada con su perfil de navegaci\u00f3n.<\/p>\n<p><strong>\u00bfPara qu\u00e9 sirve una cookie?<\/strong><br \/>\nLas cookies se utilizan para poder ofrecerle servicios o publicidad personalizados, analizar el funcionamiento del sistema, reconocerlo cuando accede como usuario y localizar incidencias y problemas que puedan surgir y solucionarlos en el menor plazo posible, as\u00ed como para analizar y medir el uso y actividad de la p\u00e1gina web.<\/p>\n<p>\u00bfSe necesita mi consentimiento para implantar una cookie? No es necesario el consentimiento para la instalaci\u00f3n de cookies t\u00e9cnicas o las que sean estrictamente necesarias para la prestaci\u00f3n de un servicio de la sociedad de la informaci\u00f3n expresamente solicitado por el destinatario.<\/p>\n<p>Para el resto, s\u00ed se necesita el consentimiento del interesado que se puede solicitar por diferentes v\u00edas. En el caso de WOW COMUNICACI\u00d3, se entender\u00e1 otorgado si usted sigue utilizando la p\u00e1gina web, sin perjuicio de que en cualquier momento pueda revocar y desactivar las cookies.<\/p>\n<p><strong>\u00bfQu\u00e9 tipos de cookies utiliza esta p\u00e1gina web?<\/strong><br \/>\nCookies t\u00e9cnicas: Son aquellas creadas y gestionadas \u00fanicamente por nosotros, y permiten al usuario la navegaci\u00f3n a trav\u00e9s de nuestra p\u00e1gina web y la utilizaci\u00f3n de las diferentes opciones como, por ejemplo, identificar la sesi\u00f3n, personalizar informaci\u00f3n o acceder a zonas de acceso restringido.<\/p>\n<p>El sitio web de WOW COMUNICACION, utiliza (o puede utilizar) Google Analytics, una herramienta de anal\u00edtica web desarrollada por Google, que ayuda a los propietarios de sitios web a medir c\u00f3mo interact\u00faan los usuarios con el contenido del sitio. Para la prestaci\u00f3n de estos servicios, Google Analytics utiliza cookies que recopilan la informaci\u00f3n, incluida la direcci\u00f3n IP del usuario que ser\u00e1 transmitida, tratada y almacenada por Google en los t\u00e9rminos fijados en la web Google.com.<\/p>\n<p>Para m\u00e1s informaci\u00f3n ver:<br \/>\n<a href=\"https:\/\/developers.google.com\/analytics\/devguides\/collection\/analyticsjs\/cookie-usage\" target=\"_blank\" rel=\"noopener\">https:\/\/developers.google.com\/analytics\/devguides\/collection\/analyticsjs\/cookie-usage<\/a><\/p>\n<p>El dominio web www.wowcomunicacio.com utiliza los siguientes tipos de cookies:<\/p>\n<p>\u00bfC\u00f3mo desactivar cookies? Puede permitir, bloquear o eliminar las cookies instaladas en su equipo mediante la configuraci\u00f3n de las opciones del navegador en su ordenador.<\/p>\n<p>Firefox: <a href=\"https:\/\/support.mozilla.org\/es\/kb\/habilitar-y-deshabilitar-cookies-sitios-web-rastrear-preferencias?redirectlocale=es&amp;redirectslug=habilitar-y-deshabilitar-cookies-que-los-sitios-we\" target=\"_blank\" rel=\"noopener\">https:\/\/support.mozilla.org\/es\/kb\/habilitar-y-deshabilitar-cookies-sitios-web-rastrear-preferencias?redirectlocale=es&amp;redirectslug=habilitar-y-deshabilitar-cookies-que-los-sitios-we<\/a><\/p>\n<p>Chrome: <a href=\"https:\/\/support.google.com\/chrome\/answer\/95647?hl=es\" target=\"_blank\" rel=\"noopener\">https:\/\/support.google.com\/chrome\/answer\/95647?hl=es<\/a><\/p>\n<p>Internet Explorer: <a href=\"https:\/\/support.microsoft.com\/es-es\/products\/windows?os=windows-10\" target=\"_blank\" rel=\"noopener\">https:\/\/support.microsoft.com\/es-es\/products\/windows?os=windows-10<\/a><\/p>\n<p>Safari: <a href=\"https:\/\/support.apple.com\/kb\/ph5042?locale=es_ES\" target=\"_blank\" rel=\"noopener\">https:\/\/support.apple.com\/kb\/ph5042?locale=es_ES<\/a><\/p>\n<p>Safari para iOS: <a href=\"https:\/\/support.apple.com\/es-es\/HT201265\" target=\"_blank\" rel=\"noopener\">https:\/\/support.apple.com\/es-es\/HT201265<\/a><\/p>\n<p>Opera: <a href=\"http:\/\/help.opera.com\/Windows\/11.50\/es-ES\/cookies.html\" target=\"_blank\" rel=\"noopener\">http:\/\/help.opera.com\/Windows\/11.50\/es-ES\/cookies.html<\/a>[\/vc_column_text][\/vc_column_inner][\/vc_row_inner][\/vc_column][\/vc_row]<\/p>\n<\/div>","protected":false},"excerpt":{"rendered":"<p>[vc_row full_width=\u00bbstretch_row\u00bb css_animation=\u00bbfadeIn\u00bb el_class=\u00bbsect-small legal\u00bb][vc_column][vc_row_inner css=\u00bb.vc_custom_1614784023208{margin-bottom: 60px !important;}\u00bb][vc_column_inner width=\u00bb4\/12&#8243;][vc_single_image image=\u00bb1639&#8243; img_size=\u00bbfull\u00bb][\/vc_column_inner][vc_column_inner el_class=\u00bbpadding-simple\u00bb width=\u00bb8\/12&#8243;][vc_column_text css_animation=\u00bbnone\u00bb] Cookies [\/vc_column_text][vc_empty_space height=\u00bb30&#8243;][vc_column_text]\u00bfQu\u00e9 es una cookie? Una cookie es un archivo que se descarga en su ordenador al acceder a determinadas p\u00e1ginas web. Las cookies permiten a una p\u00e1gina web, entre otras cosas, almacenar y recuperar informaci\u00f3n sobre los h\u00e1bitos de [&hellip;]<\/p>\n","protected":false},"author":4,"featured_media":0,"parent":0,"menu_order":10,"comment_status":"closed","ping_status":"closed","template":"","meta":{"_acf_changed":false,"_seopress_robots_primary_cat":"","_seopress_titles_title":"Cookies","_seopress_titles_desc":"Nuestras cookies","_seopress_robots_index":"","inline_featured_image":false,"footnotes":""},"class_list":["post-1877","page","type-page","status-publish","hentry"],"acf":[],"_links":{"self":[{"href":"https:\/\/www.wowcomunicacio.com\/es\/wp-json\/wp\/v2\/pages\/1877","targetHints":{"allow":["GET"]}}],"collection":[{"href":"https:\/\/www.wowcomunicacio.com\/es\/wp-json\/wp\/v2\/pages"}],"about":[{"href":"https:\/\/www.wowcomunicacio.com\/es\/wp-json\/wp\/v2\/types\/page"}],"author":[{"embeddable":true,"href":"https:\/\/www.wowcomunicacio.com\/es\/wp-json\/wp\/v2\/users\/4"}],"replies":[{"embeddable":true,"href":"https:\/\/www.wowcomunicacio.com\/es\/wp-json\/wp\/v2\/comments?post=1877"}],"version-history":[{"count":0,"href":"https:\/\/www.wowcomunicacio.com\/es\/wp-json\/wp\/v2\/pages\/1877\/revisions"}],"wp:attachment":[{"href":"https:\/\/www.wowcomunicacio.com\/es\/wp-json\/wp\/v2\/media?parent=1877"}],"curies":[{"name":"wp","href":"https:\/\/api.w.org\/{rel}","templated":true}]}}