{"id":1885,"date":"2019-11-13T15:54:20","date_gmt":"2019-11-13T13:54:20","guid":{"rendered":"https:\/\/www.wowcomunicacio.com\/privacidad\/"},"modified":"2023-07-10T19:52:44","modified_gmt":"2023-07-10T17:52:44","slug":"privacidad","status":"publish","type":"page","link":"https:\/\/www.wowcomunicacio.com\/es\/privacidad\/","title":{"rendered":"Privacidad"},"content":{"rendered":"<div class=\"wpb-content-wrapper\"><p>[vc_row full_width=\u00bbstretch_row\u00bb css_animation=\u00bbfadeIn\u00bb el_class=\u00bbsect-small legal\u00bb][vc_column][vc_row_inner css=\u00bb.vc_custom_1614784023208{margin-bottom: 60px !important;}\u00bb][vc_column_inner el_class=\u00bbpadding-doble\u00bb width=\u00bb4\/12&#8243;][\/vc_column_inner][vc_column_inner el_class=\u00bbpadding-simple\u00bb width=\u00bb8\/12&#8243;][vc_column_text css_animation=\u00bbnone\u00bb]<\/p>\n<h1>Privacidad<\/h1>\n<p>[\/vc_column_text][vc_empty_space height=\u00bb30&#8243;][vc_column_text]En WOW COMUNICACIO trabajamos para garantizar la privacidad en el tratamiento de sus datos personales. Hemos actualizado nuestra Pol\u00edtica de Pprivacidad para informar claramente de c\u00f3mo recogemos, utilizamos y custodiamos los datos de las personas que contactan con nuestra empresa:<\/p>\n<p>\u2022 Responsable del tratamiento<br \/>\n\u2022 Finalidad del tratamiento de datos<br \/>\n\u2022 Periodo de conservaci\u00f3n de datos<br \/>\n\u2022 Legitimaci\u00f3n para el tratamiento de datos<br \/>\n\u2022 Comunicaci\u00f3n de datos<br \/>\n\u2022 Transferencias internacionales de datos<br \/>\n\u2022 Sus derechos<br \/>\n\u2022 Obtenci\u00f3n de sus datos<\/p>\n<p>\u00bfQui\u00e9n es el responsable del tratamiento de sus datos?<br \/>\nRaz\u00f3n social: WOW COMUNICACI\u00d3, SLU<br \/>\nNombre comercial: WOW COMUNICACI\u00d3<br \/>\nNRT: L-715339-W<br \/>\nRegistro de comercio : 921057W<br \/>\nDirecci\u00f3n postal: c\/ Doctor Molines, 10, 1-1 AD500 Andorra la Vella, &#8211; Principado de Andorra<br \/>\nTel\u00e9fono: +376 808 580<br \/>\nCorreo electr\u00f3nico: &#x69;&#x6e;&#102;o&#x40;&#x77;&#111;wc&#x6f;&#x6d;&#117;n&#x69;&#x63;&#97;&#99;i&#x6f;&#x2e;&#99;o&#x6d;<\/p>\n<p>\u00bfCon qu\u00e9 finalidad tratamos sus datos personales?<br \/>\nEn WOW COMUNICACI\u00d3 el tratamiento de datos se realiza con las siguientes finalidades, en funci\u00f3n del motivo por el que nos los haya facilitado:<\/p>\n<p>1. Gestionar datos facilitados directamente por el propio interesado para informar de nuestros productos y servicios, dar respuesta a su solicitud, petici\u00f3n o consulta y hacer un seguimiento posterior.<\/p>\n<p>2. Gestionar los datos proporcionados por el asociado en el momento de contratar nuestros servicios, a nivel organizativo, contable, fiscal y administrativo, as\u00ed como informar sobre servicios, eventos y noticias relacionados con nuestra actividad profesional que puedan ser de su inter\u00e9s.<\/p>\n<p>3. Gestionar los datos profesionales del usuario por su participaci\u00f3n en los diferentes eventos o actividades que organizamos y autorizarnos a informar sobre otras actividades o eventos que podamos organizar en relaci\u00f3n con proyectos o servicios que puedan ser de su inter\u00e9s.<\/p>\n<p>4. Realizar, en caso de que se haya suscrito a nuestros boletines de informaci\u00f3n, el env\u00edo de estos y tratar los datos para remit\u00edrselos.<\/p>\n<p>5. Realizar, si es el caso, el perfil de usuario para ofrecerle nuestros productos y servicios.<\/p>\n<p>\u00bfDurante cu\u00e1nto tiempo conservamos sus datos?<br \/>\nLos datos para la gesti\u00f3n de la relaci\u00f3n con el asociado y la facturaci\u00f3n y cobro de los servicios se conservar\u00e1n durante todo el tiempo en que el contrato est\u00e9 vigente. Una vez finalizada esta relaci\u00f3n, en su caso, los datos podr\u00e1n conservarse durante el tiempo exigido por la legislaci\u00f3n aplicable y hasta que prescriban las eventuales responsabilidades derivadas del contrato.<\/p>\n<p>Los datos relativos a publicaciones de comentarios sobre nuestros productos se mantendr\u00e1n durante la vigencia y publicidad de los productos o servicios a los que hacen referencia, a menos que se exprese su deseo de que sean eliminados en cualquier momento.<\/p>\n<p>Los datos para la participaci\u00f3n en eventos y actividades se conservar\u00e1n durante el tiempo que duren los mismos para gestionar su desarrollo y, despu\u00e9s, hasta que prescriban las posibles responsabilidades derivadas de su realizaci\u00f3n.<\/p>\n<p>Los datos para el env\u00edo de boletines de informaci\u00f3n ser\u00e1n conservados indefinidamente hasta que, en su caso, nos manifieste su voluntad de suprimirlos.<\/p>\n<p>Los datos para el env\u00edo de comunicaciones comerciales y elaboraci\u00f3n de perfiles comerciales de nuestros productos o servicios ser\u00e1n conservados indefinidamente hasta que, en su caso, nos manifieste su voluntad de suprimirlos.<\/p>\n<p>\u00bfCu\u00e1l es la legitimaci\u00f3n para el tratamiento de sus datos? La base legal para el tratamiento de sus datos de las finalidades 1 a 3 es la ejecuci\u00f3n contractual de la prestaci\u00f3n del servicio correspondiente.<\/p>\n<p>La oferta prospectiva de productos y servicios a asociados tiene como base la satisfacci\u00f3n del inter\u00e9s leg\u00edtimo empresarial consistente en poder ofrecer a nuestros clientes la contrataci\u00f3n de otros productos o servicios y conseguir as\u00ed su fidelizaci\u00f3n. Este inter\u00e9s leg\u00edtimo est\u00e1 reconocido por la normativa legal aplicable (Reglamento General de Protecci\u00f3n de Datos), que permite expresamente el tratamiento de datos personales sobre esta base legal con fines de marketing directo.<\/p>\n<p>Sin embargo, le recordamos que tiene derecho a oponerse a este tratamiento de sus datos. Puede hacerlo por cualquiera de los medios descritos en esta Pol\u00edtica.<\/p>\n<p>La base del env\u00edo de comunicaciones comerciales a usuarios no clientes es el consentimiento que se ha solicitado y que puede ser revocado en cualquier momento. La retirada de este consentimiento no afectar\u00e1 en ning\u00fan caso a la ejecuci\u00f3n del contrato, pero los tratamientos de datos con esta finalidad efectuados con anterioridad no perder\u00e1n su licitud debido a que el consentimiento se haya revocado.<\/p>\n<p>\u00bfA qu\u00e9 destinatarios se comunicar\u00e1n sus datos? No se ceder\u00e1n datos a terceros, excepto a:<br \/>\n\u2022 Las entidades financieras a trav\u00e9s de las que se articule la gesti\u00f3n de cobros y pagos.<br \/>\n\u2022 Las administraciones p\u00fablicas competentes, en los casos previstos en la Ley y para los fines en ella definidos.<\/p>\n<p>\u00bfTransferencias de datos a terceros pa\u00edses?<br \/>\nNo se realizan transferencias internacionales de datos.<\/p>\n<p>\u00bfCu\u00e1les son sus derechos cuando nos facilita sus datos?<br \/>\nCualquier persona tiene derecho a obtener confirmaci\u00f3n sobre si en WOW COMUNICACI\u00d3 estamos tratando datos personales que les conciernen o no.<\/p>\n<p>Los interesados \u200b\u200btienen derecho a acceder a sus datos personales, as\u00ed como a solicitar la rectificaci\u00f3n de los datos inexactos o, en su caso, solicitar su supresi\u00f3n cuando, entre otros motivos, los datos ya no sean necesarios para los fines para los que fueron recogidos.<\/p>\n<p>En determinadas circunstancias, los interesados \u200b\u200bpodr\u00e1n solicitar la limitaci\u00f3n del tratamiento de sus datos o su portabilidad. En este caso, \u00fanicamente los conservaremos para el ejercicio o la defensa de reclamaciones.<\/p>\n<p>En determinadas circunstancias y por motivos relacionados con su situaci\u00f3n particular, los interesados \u200b\u200bpodr\u00e1n oponerse al tratamiento de sus datos. En este caso, WOW COMUNICACI\u00d3 dejar\u00e1 de tratar los datos, excepto por motivos leg\u00edtimos imperiosos o por el ejercicio o la defensa de posibles reclamaciones.<\/p>\n<p>Usted podr\u00e1 ejercer materialmente sus derechos de la siguiente manera:<br \/>\nPor correo electr\u00f3nico, adjuntando una fotocopia de su documento de identidad, a: &#x69;n&#x66;&#111;&#64;&#x77;&#111;&#x77;&#x63;o&#x6d;&#117;n&#x69;&#99;&#x61;&#99;i&#x6f;&#46;c&#x6f;&#109;<\/p>\n<p>Por correo postal, adjuntando una fotocopia de su documento de identidad, a : c\/ Doctor Molines, 10, 1-1 AD500 Andorra la Vella, Principado de Andorra.<\/p>\n<p>En las direcciones de correo electr\u00f3nico y correo postal indicadas, le ofreceremos los formularios correspondientes para ejercitar materialmente estos derechos.<\/p>\n<p>Si ha otorgado su consentimiento para alguna finalidad concreta, tiene derecho a retirar el consentimiento otorgado en cualquier momento, sin que ello afecte a la licitud del tratamiento basado en su consentimiento previo a su retirada.<\/p>\n<p>En caso de que considere vulnerados sus derechos en cuanto a la protecci\u00f3n de sus datos personales, especialmente cuando no haya obtenido satisfacci\u00f3n en el ejercicio de sus derechos, puede presentar una reclamaci\u00f3n ante la autoridad de control en materia de protecci\u00f3n de datos competente a trav\u00e9s de su sitio web: www.agpd.es.<\/p>\n<p>\u00bfC\u00f3mo hemos obtenido sus datos? Los datos personales que tratamos en WOW COMUNICACI\u00d3 proceden de los propios interesados \u200b\u200bo de su representante legal.<\/p>\n<p>Le recordamos que no deber\u00eda proporcionar datos de terceros, a menos que tenga permiso para hacerlo y que previamente hayan sido informados.<\/p>\n<p>No se tratan categor\u00edas especiales de datos personales (son aquellos datos que revelan el origen \u00e9tnico o racial, las opiniones pol\u00edticas, las convicciones religiosas o filos\u00f3ficas, o la afiliaci\u00f3n sindical, datos gen\u00e9ticos, datos biom\u00e9tricos dirigidos a identificar de manera un\u00edvoca a una persona f\u00edsica, datos relativos a la salud o datos relativos a la vida sexual o cu\u00e1l es la orientaci\u00f3n sexual de una persona f\u00edsica).[\/vc_column_text][\/vc_column_inner][\/vc_row_inner][\/vc_column][\/vc_row]<\/p>\n<\/div>","protected":false},"excerpt":{"rendered":"<p>[vc_row full_width=\u00bbstretch_row\u00bb css_animation=\u00bbfadeIn\u00bb el_class=\u00bbsect-small legal\u00bb][vc_column][vc_row_inner css=\u00bb.vc_custom_1614784023208{margin-bottom: 60px !important;}\u00bb][vc_column_inner el_class=\u00bbpadding-doble\u00bb width=\u00bb4\/12&#8243;][\/vc_column_inner][vc_column_inner el_class=\u00bbpadding-simple\u00bb width=\u00bb8\/12&#8243;][vc_column_text css_animation=\u00bbnone\u00bb] Privacidad [\/vc_column_text][vc_empty_space height=\u00bb30&#8243;][vc_column_text]En WOW COMUNICACIO trabajamos para garantizar la privacidad en el tratamiento de sus datos personales. Hemos actualizado nuestra Pol\u00edtica de Pprivacidad para informar claramente de c\u00f3mo recogemos, utilizamos y custodiamos los datos de las personas que contactan con nuestra empresa: [&hellip;]<\/p>\n","protected":false},"author":4,"featured_media":0,"parent":0,"menu_order":10,"comment_status":"closed","ping_status":"closed","template":"","meta":{"_acf_changed":false,"_seopress_robots_primary_cat":"","_seopress_titles_title":"Privacidad","_seopress_titles_desc":"Privacidad de nuestra web","_seopress_robots_index":"","inline_featured_image":false,"footnotes":""},"class_list":["post-1885","page","type-page","status-publish","hentry"],"acf":[],"_links":{"self":[{"href":"https:\/\/www.wowcomunicacio.com\/es\/wp-json\/wp\/v2\/pages\/1885","targetHints":{"allow":["GET"]}}],"collection":[{"href":"https:\/\/www.wowcomunicacio.com\/es\/wp-json\/wp\/v2\/pages"}],"about":[{"href":"https:\/\/www.wowcomunicacio.com\/es\/wp-json\/wp\/v2\/types\/page"}],"author":[{"embeddable":true,"href":"https:\/\/www.wowcomunicacio.com\/es\/wp-json\/wp\/v2\/users\/4"}],"replies":[{"embeddable":true,"href":"https:\/\/www.wowcomunicacio.com\/es\/wp-json\/wp\/v2\/comments?post=1885"}],"version-history":[{"count":0,"href":"https:\/\/www.wowcomunicacio.com\/es\/wp-json\/wp\/v2\/pages\/1885\/revisions"}],"wp:attachment":[{"href":"https:\/\/www.wowcomunicacio.com\/es\/wp-json\/wp\/v2\/media?parent=1885"}],"curies":[{"name":"wp","href":"https:\/\/api.w.org\/{rel}","templated":true}]}}