{"id":3156,"date":"2022-11-15T13:31:06","date_gmt":"2022-11-15T11:31:06","guid":{"rendered":"https:\/\/www.wowcomunicacio.com\/branding\/"},"modified":"2025-05-12T12:51:08","modified_gmt":"2025-05-12T10:51:08","slug":"branding","status":"publish","type":"page","link":"https:\/\/www.wowcomunicacio.com\/es\/branding\/","title":{"rendered":"Branding"},"content":{"rendered":"<div class=\"wpb-content-wrapper\"><p>[vc_row full_width=\u00bbstretch_row\u00bb css_animation=\u00bbfadeIn\u00bb el_class=\u00bbsect-small\u00bb][vc_column][vc_row_inner el_class=\u00bbportfoliorow\u00bb][vc_column_inner width=\u00bb2\/3&#8243;][vc_column_text css_animation=\u00bbbottom-to-top\u00bb el_class=\u00bbtext\u00bb]<\/p>\n<h4>M\u00e1s all\u00e1 del logotipo<\/h4>\n<p>[\/vc_column_text][vc_column_text css_animation=\u00bbbottom-to-top\u00bb css=\u00bb\u00bb el_class=\u00bbtext\u00bb]<\/p>\n<h1>Agencia de Branding Andorra<\/h1>\n<p>[\/vc_column_text][vc_empty_space height=\u00bb40px\u00bb el_class=\u00bbrwdhide\u00bb][vc_column_text css_animation=\u00bbnone\u00bb el_class=\u00bbtext\u00bb]En un contexto cambiante, las marcas deben encontrar su espacio, la raz\u00f3n de ser que las conecte con sus usuarios. En el punto de uni\u00f3n entre el usuario y la marca, surge la esencia de la marca , la gu\u00eda que debe permitir desarrollar toda la<br \/>\n<b>estrategia de branding<\/b> para avanzar con coherencia y perspectiva.<\/p>\n<p>La <b>identidad de marca<\/b> debe trascender el simple<br \/>\n<b>logotipo<\/b>. Creamos proyectos que parten del territorio y personalidad de marca para definir su forma y colores.[\/vc_column_text][\/vc_column_inner][vc_column_inner width=\u00bb1\/3&#8243;][\/vc_column_inner][\/vc_row_inner][\/vc_column][\/vc_row][vc_row full_width=\u00bbstretch_row_content\u00bb css_animation=\u00bbfadeIn\u00bb el_class=\u00bbblock-right sect-large big-image\u00bb][vc_column][vc_empty_space height=\u00bb64&#8243; el_class=\u00bbrwdshow\u00bb][vc_row_inner disable_element=\u00bbyes\u00bb][vc_column_inner][vc_raw_html]PGRpdiBjbGFzcz0iZW1iZWQtY29udGFpbmVyIj48aWZyYW1lIHNyYz0iaHR0cHM6Ly9wbGF5ZXIudmltZW8uY29tL3ZpZGVvLzUwNjk2OTQyMz9hdXRvcGxheT0xJmFtcDtsb29wPTEmYW1wO2F1dG9wYXVzZT0wJmFtcDtiYWNrZ3JvdW5kPTEiIHdpZHRoPSI2NDAiIGhlaWdodD0iMzYwIiBmcmFtZWJvcmRlcj0iMCIgYWxsb3c9ImF1dG9wbGF5OyBmdWxsc2NyZWVuOyBwaWN0dXJlLWluLXBpY3R1cmUiIGFsbG93ZnVsbHNjcmVlbj0iIj48L2lmcmFtZT48L2Rpdj4=[\/vc_raw_html][\/vc_column_inner][\/vc_row_inner][vc_row_inner disable_element=\u00bbyes\u00bb css=\u00bb.vc_custom_1671457218199{background-image: url(https:\/\/www.wowcomunicacio.com\/wp-content\/uploads\/2022\/11\/ConcursLlengua_Coloms-2.jpg?id=3123) !important;background-position: center !important;background-repeat: no-repeat !important;background-size: cover !important;}\u00bb][vc_column_inner][vc_empty_space height=\u00bb820&#8243;][\/vc_column_inner][\/vc_row_inner][vc_single_image image=\u00bb3840&#8243; img_size=\u00bbfull\u00bb alignment=\u00bbcenter\u00bb css_animation=\u00bbtop-to-bottom\u00bb][\/vc_column][\/vc_row][vc_row full_width=\u00bbstretch_row\u00bb css_animation=\u00bbfadeIn\u00bb el_class=\u00bbsect-large\u00bb][vc_column][vc_row_inner el_class=\u00bbportfoliorow\u00bb][vc_column_inner width=\u00bb2\/3&#8243;][vc_column_text css_animation=\u00bbbottom-to-top\u00bb css=\u00bb\u00bb el_class=\u00bbtext\u00bb]<\/p>\n<h2 class=\"servei\">Estrategia de marca Andorra<\/h2>\n<p>[\/vc_column_text][vc_column_text css_animation=\u00bbbottom-to-top\u00bb el_class=\u00bbtext\u00bb]Nuestro compromiso es el \u00e9xito del proyecto. Nuestro reto, extraer todo su potencial.<\/p>\n<p>Como <b>agencia de branding<\/b>, creemos en la innovaci\u00f3n, la honestidad y la calidad. Consideramos que el resultado de un proyecto bien trabajado puede suponer, adem\u00e1s de la consecuci\u00f3n de los objetivos marcados, una generaci\u00f3n de ideas, nuevos escenarios y oportunidades que favorecer\u00e1n el desarrollo de tu negocio.<\/p>\n<p>Trabajamos la <b>estrategia de branding<\/b><br \/>\nen estrecha colaboraci\u00f3n es la clave para obtener resultados: necesitamos conocer todo sobre la marca y su p\u00fablico objetivo, productos, servicios, entorno, valores, motivaciones, historia, equipo humano&#8230; para poder trabajar en las soluciones \u00f3ptimas y contribuir a su crecimiento.[\/vc_column_text][vc_empty_space height=\u00bb20px\u00bb][\/vc_column_inner][vc_column_inner width=\u00bb1\/3&#8243;][\/vc_column_inner][\/vc_row_inner][\/vc_column][\/vc_row][vc_row full_width=\u00bbstretch_row\u00bb css_animation=\u00bbfadeIn\u00bb el_class=\u00bbsect-large\u00bb][vc_column el_class=\u00bbcolumn_inversion_mobile mobile_padding_spacer\u00bb][vc_row_inner equal_height=\u00bbyes\u00bb content_placement=\u00bbmiddle\u00bb el_class=\u00bbportfoliorow\u00bb][vc_column_inner el_class=\u00bbpadding-simple\u00bb width=\u00bb1\/2&#8243; offset=\u00bbvc_col-lg-8 vc_col-md-6&#8243;][vc_single_image image=\u00bb3088&#8243; img_size=\u00bbfull\u00bb css_animation=\u00bbbottom-to-top\u00bb][\/vc_column_inner][vc_column_inner width=\u00bb1\/2&#8243; offset=\u00bbvc_col-lg-4 vc_col-md-6&#8243;][vc_column_text css_animation=\u00bbbottom-to-top\u00bb]<\/p>\n<h4>\u00bfQu\u00e9 ofrecemos?<\/h4>\n<p>[\/vc_column_text][vc_column_text css_animation=\u00bbbottom-to-top\u00bb css=\u00bb\u00bb el_class=\u00bbservei\u00bb]<\/p>\n<h2 class=\"servei\">Arquitectura de marca y naming Andorra<\/h2>\n<p>[\/vc_column_text][vc_column_text css_animation=\u00bbbottom-to-top\u00bb]La organizaci\u00f3n de la marca, las bases sobre las que se estructuran sus pilares. Trabajamos en la <strong>estrat\u00e8egia de desarrollo de la marca y sus productos y servicios<\/strong> y te ayudamos a definir como se <strong>estructura tu marca y su portfolio de productos<\/strong>.[\/vc_column_text][\/vc_column_inner][\/vc_row_inner][\/vc_column][\/vc_row][vc_row full_width=\u00bbstretch_row\u00bb css_animation=\u00bbfadeIn\u00bb el_class=\u00bbsect-large serveis\u00bb][vc_column el_class=\u00bbmobile_padding_spacer\u00bb][vc_row_inner equal_height=\u00bbyes\u00bb content_placement=\u00bbmiddle\u00bb el_class=\u00bbportfoliorow\u00bb][vc_column_inner width=\u00bb1\/2&#8243; offset=\u00bbvc_col-lg-4 vc_col-md-6&#8243;][vc_column_text css_animation=\u00bbbottom-to-top\u00bb]<\/p>\n<h2 class=\"servei\">Territorio de marca<\/h2>\n<p>[\/vc_column_text][vc_column_text css_animation=\u00bbbottom-to-top\u00bb]La esencia de lo que transmite la marca a los usuarios, lo que la hace \u00fanica Te ayudamos a definir los <strong>atributos de marca<\/strong> para encontrar ese espacio conceptual, el <strong>territorio de marca<\/strong>, la hoja de ruta de tu <strong>estrategia de contenidos<\/strong>.[\/vc_column_text][\/vc_column_inner][vc_column_inner el_class=\u00bbpadding-simple\u00bb width=\u00bb1\/2&#8243; offset=\u00bbvc_col-lg-8 vc_col-md-6&#8243;][vc_single_image image=\u00bb3998&#8243; img_size=\u00bbfull\u00bb alignment=\u00bbright\u00bb css_animation=\u00bbbottom-to-top\u00bb][\/vc_column_inner][\/vc_row_inner][\/vc_column][\/vc_row][vc_row full_width=\u00bbstretch_row\u00bb css_animation=\u00bbfadeIn\u00bb el_class=\u00bbsect-large serveis reverse\u00bb][vc_column el_class=\u00bbcolumn_inversion_mobile mobile_padding_spacer\u00bb][vc_row_inner equal_height=\u00bbyes\u00bb content_placement=\u00bbmiddle\u00bb el_class=\u00bbportfoliorow\u00bb][vc_column_inner el_class=\u00bbpadding-simple\u00bb width=\u00bb1\/2&#8243; offset=\u00bbvc_col-lg-8 vc_col-md-6&#8243;][vc_single_image image=\u00bb3090&#8243; img_size=\u00bbfull\u00bb css_animation=\u00bbbottom-to-top\u00bb][\/vc_column_inner][vc_column_inner width=\u00bb1\/2&#8243; offset=\u00bbvc_col-lg-4 vc_col-md-6&#8243;][vc_column_text css_animation=\u00bbbottom-to-top\u00bb]<\/p>\n<h2 class=\"servei\">Naming<\/h2>\n<p>[\/vc_column_text][vc_column_text css_animation=\u00bbbottom-to-top\u00bb]Todo de todo el mundo tiene un nombre. Como <strong>agencia de naming<\/strong>, creamos nombres identificativos, asociados a una personalidad y un tono de voz. Creamos <strong>namings<\/strong> de marca coherentes y relevantes.[\/vc_column_text][\/vc_column_inner][\/vc_row_inner][\/vc_column][\/vc_row][vc_row full_width=\u00bbstretch_row_content\u00bb css_animation=\u00bbfadeIn\u00bb el_class=\u00bbblock-right sect-large big-image\u00bb][vc_column][vc_row_inner disable_element=\u00bbyes\u00bb][vc_column_inner][vc_empty_space height=\u00bb64&#8243; el_class=\u00bbrwdshow\u00bb][vc_raw_html]PGRpdiBjbGFzcz0iZW1iZWQtY29udGFpbmVyIj48aWZyYW1lIHNyYz0iaHR0cHM6Ly9wbGF5ZXIudmltZW8uY29tL3ZpZGVvLzUwNjk2OTQyMz9hdXRvcGxheT0xJmFtcDtsb29wPTEmYW1wO2F1dG9wYXVzZT0wJmFtcDtiYWNrZ3JvdW5kPTEiIHdpZHRoPSI2NDAiIGhlaWdodD0iMzYwIiBmcmFtZWJvcmRlcj0iMCIgYWxsb3c9ImF1dG9wbGF5OyBmdWxsc2NyZWVuOyBwaWN0dXJlLWluLXBpY3R1cmUiIGFsbG93ZnVsbHNjcmVlbj0iIj48L2lmcmFtZT48L2Rpdj4=[\/vc_raw_html][\/vc_column_inner][\/vc_row_inner][vc_row_inner disable_element=\u00bbyes\u00bb css=\u00bb.vc_custom_1671457218199{background-image: url(https:\/\/www.wowcomunicacio.com\/wp-content\/uploads\/2022\/11\/ConcursLlengua_Coloms-2.jpg?id=3123) !important;background-position: center !important;background-repeat: no-repeat !important;background-size: cover !important;}\u00bb][vc_column_inner][vc_empty_space height=\u00bb820&#8243;][\/vc_column_inner][\/vc_row_inner][vc_single_image image=\u00bb3844&#8243; img_size=\u00bbfull\u00bb alignment=\u00bbcenter\u00bb css_animation=\u00bbtop-to-bottom\u00bb][\/vc_column][\/vc_row][vc_row full_width=\u00bbstretch_row_content_no_spaces\u00bb css_animation=\u00bbfadeIn\u00bb disable_element=\u00bbyes\u00bb el_class=\u00bbsect-large\u00bb][vc_column][vc_row_inner css=\u00bb.vc_custom_1668611406059{background-image: url(https:\/\/www.wowcomunicacio.com\/wp-content\/uploads\/2022\/11\/animacio-1.jpg?id=3113) !important;background-position: center !important;background-repeat: no-repeat !important;background-size: cover !important;}\u00bb][vc_column_inner][vc_empty_space height=\u00bb820&#8243;][\/vc_column_inner][\/vc_row_inner][\/vc_column][\/vc_row][vc_row full_width=\u00bbstretch_row\u00bb css_animation=\u00bbfadeIn\u00bb el_class=\u00bbsect-large serveis\u00bb][vc_column el_class=\u00bbmobile_padding_spacer\u00bb][vc_row_inner equal_height=\u00bbyes\u00bb content_placement=\u00bbmiddle\u00bb el_class=\u00bbportfoliorow\u00bb][vc_column_inner width=\u00bb1\/2&#8243; offset=\u00bbvc_col-lg-4 vc_col-md-6&#8243;][vc_column_text css_animation=\u00bbbottom-to-top\u00bb]<\/p>\n<h2 class=\"servei\">Logotipo y lenguaje gr\u00e1fico<\/h2>\n<p>[\/vc_column_text][vc_column_text css_animation=\u00bbbottom-to-top\u00bb]El elemento que tangibiliza el valor de la marca. Creamos proyectos de <strong>identidad de corporativa<\/strong> que se despliegan m\u00e1s all\u00e1 del <strong>logotipo<\/strong>, desarrollando un <strong>lenguaje gr\u00e1fico<\/strong> identitario y \u00fanico.[\/vc_column_text][\/vc_column_inner][vc_column_inner el_class=\u00bbpadding-simple\u00bb width=\u00bb1\/2&#8243; offset=\u00bbvc_col-lg-8 vc_col-md-6&#8243;][vc_single_image image=\u00bb3086&#8243; img_size=\u00bbfull\u00bb alignment=\u00bbright\u00bb css_animation=\u00bbbottom-to-top\u00bb][\/vc_column_inner][\/vc_row_inner][\/vc_column][\/vc_row][vc_row full_width=\u00bbstretch_row\u00bb css_animation=\u00bbfadeIn\u00bb el_class=\u00bbsect-large\u00bb][vc_column el_class=\u00bbcolumn_inversion_mobile mobile_padding_spacer\u00bb][vc_row_inner equal_height=\u00bbyes\u00bb content_placement=\u00bbmiddle\u00bb el_class=\u00bbportfoliorow\u00bb][vc_column_inner el_class=\u00bbpadding-simple\u00bb width=\u00bb1\/2&#8243; offset=\u00bbvc_col-lg-8 vc_col-md-6&#8243;][vc_single_image image=\u00bb3080&#8243; img_size=\u00bbfull\u00bb css_animation=\u00bbbottom-to-top\u00bb][\/vc_column_inner][vc_column_inner width=\u00bb1\/2&#8243; offset=\u00bbvc_col-lg-4 vc_col-md-6&#8243;][vc_column_text css_animation=\u00bbbottom-to-top\u00bb el_class=\u00bbservei\u00bb]<\/p>\n<h2 class=\"servei\">Brand guard<\/h2>\n<p>[\/vc_column_text][vc_column_text css_animation=\u00bbbottom-to-top\u00bb]Ofrecemos <strong>servicios de consultor\u00eda<\/strong> always on para ayudarte en las decisiones de marca. Como guardianes de marca, defendemos la hoja de ruta marcada en la <strong>estrategia de marca<\/strong> y, si es necesario, la adaptamos para ajustarnos a nuevos contextos.[\/vc_column_text][\/vc_column_inner][\/vc_row_inner][\/vc_column][\/vc_row][vc_row full_width=\u00bbstretch_row_content\u00bb css_animation=\u00bbfadeIn\u00bb el_class=\u00bbblock-right sect-large big-image\u00bb][vc_column][vc_row_inner disable_element=\u00bbyes\u00bb][vc_column_inner][vc_empty_space height=\u00bb64&#8243; el_class=\u00bbrwdshow\u00bb][vc_raw_html]PGRpdiBjbGFzcz0iZW1iZWQtY29udGFpbmVyIj48aWZyYW1lIHNyYz0iaHR0cHM6Ly9wbGF5ZXIudmltZW8uY29tL3ZpZGVvLzUwNjk2OTQyMz9hdXRvcGxheT0xJmFtcDtsb29wPTEmYW1wO2F1dG9wYXVzZT0wJmFtcDtiYWNrZ3JvdW5kPTEiIHdpZHRoPSI2NDAiIGhlaWdodD0iMzYwIiBmcmFtZWJvcmRlcj0iMCIgYWxsb3c9ImF1dG9wbGF5OyBmdWxsc2NyZWVuOyBwaWN0dXJlLWluLXBpY3R1cmUiIGFsbG93ZnVsbHNjcmVlbj0iIj48L2lmcmFtZT48L2Rpdj4=[\/vc_raw_html][\/vc_column_inner][\/vc_row_inner][vc_row_inner disable_element=\u00bbyes\u00bb css=\u00bb.vc_custom_1671457218199{background-image: url(https:\/\/www.wowcomunicacio.com\/wp-content\/uploads\/2022\/11\/ConcursLlengua_Coloms-2.jpg?id=3123) !important;background-position: center !important;background-repeat: no-repeat !important;background-size: cover !important;}\u00bb][vc_column_inner][vc_empty_space height=\u00bb820&#8243;][\/vc_column_inner][\/vc_row_inner][vc_single_image image=\u00bb3842&#8243; img_size=\u00bbfull\u00bb alignment=\u00bbcenter\u00bb css_animation=\u00bbtop-to-bottom\u00bb][\/vc_column][\/vc_row][vc_row full_width=\u00bbstretch_row_content_no_spaces\u00bb css_animation=\u00bbfadeIn\u00bb disable_element=\u00bbyes\u00bb el_class=\u00bbsect-large\u00bb][vc_column][vc_row_inner css=\u00bb.vc_custom_1668595069398{background-image: url(https:\/\/www.wowcomunicacio.com\/wp-content\/uploads\/2022\/11\/caldea_branding-1.jpg?id=3081) !important;}\u00bb][vc_column_inner][vc_empty_space height=\u00bb820&#8243;][\/vc_column_inner][\/vc_row_inner][\/vc_column][\/vc_row][vc_row full_width=\u00bbstretch_row\u00bb css_animation=\u00bbfadeIn\u00bb el_class=\u00bbcta-tancament\u00bb][vc_column][vc_row_inner][vc_column_inner width=\u00bb9\/12&#8243;][vc_column_text css_animation=\u00bbbottom-to-top\u00bb]<\/p>\n<h2>Hacemos Wow<\/h2>\n<p>Conozc\u00e1monos mejor. Explica nos tu proyecto y empezamos.[\/vc_column_text]\n<div class=\"wpcf7 no-js\" id=\"wpcf7-f3139-o1\" lang=\"ca\" dir=\"ltr\" data-wpcf7-id=\"3139\">\n<div class=\"screen-reader-response\"><p role=\"status\" aria-live=\"polite\" aria-atomic=\"true\"><\/p> <ul><\/ul><\/div>\n<form action=\"\/es\/wp-json\/wp\/v2\/pages\/3156#wpcf7-f3139-o1\" method=\"post\" class=\"wpcf7-form init wpcf7-acceptance-as-validation\" aria-label=\"Formulari de contacte\" novalidate=\"novalidate\" data-status=\"init\">\n<fieldset class=\"hidden-fields-container\"><input type=\"hidden\" name=\"_wpcf7\" value=\"3139\" \/><input type=\"hidden\" name=\"_wpcf7_version\" value=\"6.1.5\" \/><input type=\"hidden\" name=\"_wpcf7_locale\" value=\"ca\" \/><input type=\"hidden\" name=\"_wpcf7_unit_tag\" value=\"wpcf7-f3139-o1\" \/><input type=\"hidden\" name=\"_wpcf7_container_post\" value=\"0\" \/><input type=\"hidden\" name=\"_wpcf7_posted_data_hash\" value=\"\" \/>\n<\/fieldset>\n<p><label><span class=\"wpcf7-form-control-wrap\" data-name=\"your-name\"><input size=\"40\" maxlength=\"400\" class=\"wpcf7-form-control wpcf7-text wpcf7-validates-as-required\" aria-required=\"true\" aria-invalid=\"false\" placeholder=\"El teu nom\" value=\"\" type=\"text\" name=\"your-name\" \/><\/span><\/label><br \/>\n<label><span class=\"wpcf7-form-control-wrap\" data-name=\"your-email\"><input size=\"40\" maxlength=\"400\" class=\"wpcf7-form-control wpcf7-email wpcf7-validates-as-required wpcf7-text wpcf7-validates-as-email\" aria-required=\"true\" aria-invalid=\"false\" placeholder=\"La teva adre\u00e7a electr\u00f2nica\" value=\"\" type=\"email\" name=\"your-email\" \/><\/span><\/label><br \/>\n<label><span class=\"wpcf7-form-control-wrap\" data-name=\"your-company\"><input size=\"40\" maxlength=\"400\" class=\"wpcf7-form-control wpcf7-text\" aria-invalid=\"false\" placeholder=\"Empresa\" value=\"\" type=\"text\" name=\"your-company\" \/><\/span><\/label><br \/>\n<label><span class=\"wpcf7-form-control-wrap\" data-name=\"your-message\"><textarea cols=\"40\" rows=\"10\" maxlength=\"2000\" class=\"wpcf7-form-control wpcf7-textarea\" aria-invalid=\"false\" placeholder=\"M\u00e9s sobre el projecte\" name=\"your-message\"><\/textarea><\/span><\/label>\n<\/p>\n<div class=\"acceptacio\">\n\t<p><span class=\"wpcf7-form-control-wrap\" data-name=\"your-consent\"><span class=\"wpcf7-form-control wpcf7-acceptance\"><span class=\"wpcf7-list-item\"><label><input type=\"checkbox\" name=\"your-consent\" value=\"1\" aria-invalid=\"false\" \/><span class=\"wpcf7-list-item-label\">He llegit, ent\u00e8s i accepto la <a href=\"\/privacitat\/\">Pol\u00edtica de privacitat<\/a>.<\/span><\/label><\/span><\/span><\/span>\n\t<\/p>\n\t<p><span class=\"wpcf7-form-control-wrap\" data-name=\"your-consent3\"><span class=\"wpcf7-form-control wpcf7-acceptance\"><span class=\"wpcf7-list-item\"><label><input type=\"checkbox\" name=\"your-consent3\" value=\"1\" aria-invalid=\"false\" \/><span class=\"wpcf7-list-item-label\">Dono el meu consentiment expr\u00e9s per rebre butlletins d\u2019informaci\u00f3 de WOW per correu electr\u00f2nic i altres mitjans electr\u00f2nics o postals.<\/span><\/label><\/span><\/span><\/span>\n\t<\/p>\n\t<p>Si posteriorment no voleu continuar rebent les nostres comunicacions i\/o butlletins d\u2019informaci\u00f3, podeu revocar el consentiment enviant un correu electr\u00f2nic a hola&#64;w&#111;&#119;&#99;&#111;&#109;&#117;&#110;&#x69;&#x63;&#x61;&#x63;&#x69;&#x6f;&#x2e;&#x61;&#x64; amb la paraula \u00abBAIXA\u00bb.\n\t<\/p>\n\t<p>This site is protected by reCAPTCHA and the Google Privacy Policy and Terms of Service apply.\n\t<\/p>\n<\/div>\n<p><input class=\"wpcf7-form-control wpcf7-submit has-spinner\" type=\"submit\" value=\"Envia\" \/>\n<\/p><div class=\"wpcf7-response-output\" aria-hidden=\"true\"><\/div>\n<\/form>\n<\/div>\n[\/vc_column_inner][vc_column_inner width=\u00bb3\/12&#8243;][\/vc_column_inner][\/vc_row_inner][\/vc_column][\/vc_row]<\/p>\n<\/div>","protected":false},"excerpt":{"rendered":"<p>[vc_row full_width=\u00bbstretch_row\u00bb css_animation=\u00bbfadeIn\u00bb el_class=\u00bbsect-small\u00bb][vc_column][vc_row_inner el_class=\u00bbportfoliorow\u00bb][vc_column_inner width=\u00bb2\/3&#8243;][vc_column_text css_animation=\u00bbbottom-to-top\u00bb el_class=\u00bbtext\u00bb] M\u00e1s all\u00e1 del logotipo [\/vc_column_text][vc_column_text css_animation=\u00bbbottom-to-top\u00bb css=\u00bb\u00bb el_class=\u00bbtext\u00bb] Agencia de Branding Andorra [\/vc_column_text][vc_empty_space height=\u00bb40px\u00bb el_class=\u00bbrwdhide\u00bb][vc_column_text css_animation=\u00bbnone\u00bb el_class=\u00bbtext\u00bb]En un contexto cambiante, las marcas deben encontrar su espacio, la raz\u00f3n de ser que las conecte con sus usuarios. En el punto de uni\u00f3n entre el usuario y la marca, [&hellip;]<\/p>\n","protected":false},"author":5,"featured_media":3947,"parent":0,"menu_order":0,"comment_status":"closed","ping_status":"closed","template":"","meta":{"_acf_changed":false,"_seopress_robots_primary_cat":"","_seopress_titles_title":"Agencia de Branding Andorra y Estrategia de Marca | WOW Comunicaci\u00f3","_seopress_titles_desc":"Agencia de Branding en Tarragona Servicios y consultor\u00eda naming An\u00e1lisis, estrategia de marca, identidad Corporativa y merchandising","_seopress_robots_index":"","inline_featured_image":false,"footnotes":""},"class_list":["post-3156","page","type-page","status-publish","has-post-thumbnail","hentry"],"acf":[],"_links":{"self":[{"href":"https:\/\/www.wowcomunicacio.com\/es\/wp-json\/wp\/v2\/pages\/3156","targetHints":{"allow":["GET"]}}],"collection":[{"href":"https:\/\/www.wowcomunicacio.com\/es\/wp-json\/wp\/v2\/pages"}],"about":[{"href":"https:\/\/www.wowcomunicacio.com\/es\/wp-json\/wp\/v2\/types\/page"}],"author":[{"embeddable":true,"href":"https:\/\/www.wowcomunicacio.com\/es\/wp-json\/wp\/v2\/users\/5"}],"replies":[{"embeddable":true,"href":"https:\/\/www.wowcomunicacio.com\/es\/wp-json\/wp\/v2\/comments?post=3156"}],"version-history":[{"count":0,"href":"https:\/\/www.wowcomunicacio.com\/es\/wp-json\/wp\/v2\/pages\/3156\/revisions"}],"wp:featuredmedia":[{"embeddable":true,"href":"https:\/\/www.wowcomunicacio.com\/es\/wp-json\/wp\/v2\/media\/3947"}],"wp:attachment":[{"href":"https:\/\/www.wowcomunicacio.com\/es\/wp-json\/wp\/v2\/media?parent=3156"}],"curies":[{"name":"wp","href":"https:\/\/api.w.org\/{rel}","templated":true}]}}