{"id":3214,"date":"2022-11-14T17:08:26","date_gmt":"2022-11-14T15:08:26","guid":{"rendered":"https:\/\/www.wowcomunicacio.com\/diseno-grafico\/"},"modified":"2024-12-12T16:20:36","modified_gmt":"2024-12-12T14:20:36","slug":"diseno-grafico","status":"publish","type":"page","link":"https:\/\/www.wowcomunicacio.com\/es\/diseno-grafico\/","title":{"rendered":"Dise\u00f1o"},"content":{"rendered":"<div class=\"wpb-content-wrapper\"><p>[vc_row full_width=\u00bbstretch_row\u00bb css_animation=\u00bbfadeIn\u00bb el_class=\u00bbsect-small\u00bb][vc_column][vc_row_inner el_class=\u00bbportfoliorow\u00bb][vc_column_inner width=\u00bb2\/3&#8243;][vc_column_text css_animation=\u00bbbottom-to-top\u00bb]<\/p>\n<h4>Servicios<\/h4>\n<p>[\/vc_column_text][vc_column_text css_animation=\u00bbbottom-to-top\u00bb css=\u00bb\u00bb]<\/p>\n<h1>Agencia de Dise\u00f1o Gr\u00e1fico Andorra<\/h1>\n<p>[\/vc_column_text][vc_empty_space height=\u00bb40px\u00bb el_class=\u00bbrwdhide\u00bb][vc_column_text css_animation=\u00bbnone\u00bb]Trabajamos los proyectos de <b>dise\u00f1o gr\u00e1fico<\/b> de forma estrechamente vinculada a la <b>identidad y lenguaje de marca<\/b>. Entendemos el <b>dise\u00f1o gr\u00e1fico<\/b><br \/>\ncomo una herramienta facilitadora, inspiradora, que debe estar integrada en cualquier<br \/>\n<b>proyecto creativo.<\/b>[\/vc_column_text][\/vc_column_inner][vc_column_inner width=\u00bb1\/3&#8243;][\/vc_column_inner][\/vc_row_inner][\/vc_column][\/vc_row][vc_row full_width=\u00bbstretch_row_content_no_spaces\u00bb css_animation=\u00bbfadeIn\u00bb el_class=\u00bbsect-large big-image\u00bb][vc_column][vc_empty_space height=\u00bb64&#8243; el_class=\u00bbrwdshow\u00bb][vc_row_inner disable_element=\u00bbyes\u00bb][vc_column_inner][vc_raw_html]PGRpdiBjbGFzcz0iZW1iZWQtY29udGFpbmVyIj48aWZyYW1lIHNyYz0iaHR0cHM6Ly9wbGF5ZXIudmltZW8uY29tL3ZpZGVvLzUwNjk2OTQyMz9hdXRvcGxheT0xJmFtcDtsb29wPTEmYW1wO2F1dG9wYXVzZT0wJmFtcDtiYWNrZ3JvdW5kPTEiIHdpZHRoPSI2NDAiIGhlaWdodD0iMzYwIiBmcmFtZWJvcmRlcj0iMCIgYWxsb3c9ImF1dG9wbGF5OyBmdWxsc2NyZWVuOyBwaWN0dXJlLWluLXBpY3R1cmUiIGFsbG93ZnVsbHNjcmVlbj0iIj48L2lmcmFtZT48L2Rpdj4=[\/vc_raw_html][\/vc_column_inner][\/vc_row_inner][vc_single_image image=\u00bb3828&#8243; img_size=\u00bbfull\u00bb alignment=\u00bbcenter\u00bb][\/vc_column][\/vc_row][vc_row full_width=\u00bbstretch_row\u00bb css_animation=\u00bbfadeIn\u00bb disable_element=\u00bbyes\u00bb el_class=\u00bbsect-small\u00bb][vc_column][vc_row_inner][vc_column_inner el_class=\u00bbpadding-simple\u00bb width=\u00bb2\/3&#8243;][vc_column_text css_animation=\u00bbbottom-to-top\u00bb]<\/p>\n<h2 class=\"servei\">Tu agencia de branding<\/h2>\n<p>[\/vc_column_text][\/vc_column_inner][vc_column_inner width=\u00bb1\/3&#8243;][\/vc_column_inner][\/vc_row_inner][\/vc_column][\/vc_row][vc_row full_width=\u00bbstretch_row\u00bb css_animation=\u00bbfadeIn\u00bb el_class=\u00bbsect-large\u00bb][vc_column][vc_row_inner el_class=\u00bbportfoliorow\u00bb][vc_column_inner width=\u00bb2\/3&#8243;][vc_column_text css_animation=\u00bbbottom-to-top\u00bb]<strong>El dise\u00f1o gr\u00e1fico como herramienta<\/strong><\/p>\n<p>El dise\u00f1o gr\u00e1fico es la forma en que se materializa el mensaje, c\u00f3mo se visualiza el contenido. Pero tambi\u00e9n es la clave para que una mensaje llegue de forma efectiva a su receptor. Ofrecemos servicios de dise\u00f1o gr\u00e1fico para que esta forma sea coherente con lo que es la marca y con lo que el usuario necesita.<\/p>\n<p>&nbsp;<\/p>\n<p><strong>La funci\u00f3n por encima de la forma<\/strong><\/p>\n<p>Defendemos el dise\u00f1o gr\u00e1fico con sentido, donde \u00e9ste cumpla su funci\u00f3n principal: dar a conocer, de forma comprensible, un contenido. La misi\u00f3n comunicativa del dise\u00f1o gr\u00e1fico s\u00f3lo se cumple desde un enfoque global, donde forma y funci\u00f3n se unen para crear la mejor experiencia de usuario.[\/vc_column_text][vc_empty_space height=\u00bb20px\u00bb][\/vc_column_inner][vc_column_inner width=\u00bb1\/3&#8243;][\/vc_column_inner][\/vc_row_inner][\/vc_column][\/vc_row][vc_row full_width=\u00bbstretch_row\u00bb css_animation=\u00bbfadeIn\u00bb el_class=\u00bbserveis reverse sect-large\u00bb][vc_column el_class=\u00bbcolumn_inversion_mobile mobile_padding_spacer\u00bb][vc_row_inner equal_height=\u00bbyes\u00bb content_placement=\u00bbmiddle\u00bb el_class=\u00bbportfoliorow\u00bb][vc_column_inner el_class=\u00bbpadding-simple\u00bb width=\u00bb1\/2&#8243; offset=\u00bbvc_col-lg-8 vc_col-md-6&#8243;][vc_single_image image=\u00bb3104&#8243; img_size=\u00bbfull\u00bb css_animation=\u00bbbottom-to-top\u00bb][\/vc_column_inner][vc_column_inner width=\u00bb1\/2&#8243; offset=\u00bbvc_col-lg-4 vc_col-md-6&#8243;][vc_column_text css_animation=\u00bbbottom-to-top\u00bb]<\/p>\n<h4>\u00bfQu\u00e9 ofrecemos?<\/h4>\n<p>[\/vc_column_text][vc_column_text css_animation=\u00bbbottom-to-top\u00bb]<\/p>\n<h2 class=\"servei\">Dise\u00f1o de ilustraci\u00f3n<\/h2>\n<p>[\/vc_column_text][vc_column_text css_animation=\u00bbbottom-to-top\u00bb]Los <b>proyectos de ilustraci\u00f3n<\/b>, realizados de forma espec\u00edfica para cada proyecto, aportan un valor \u00fanico, intransferible. Partimos siempre del objetivo del proyecto y de la personalidad de la marca y su usuario para desarrollar ilustraciones adaptadas a cada mensaje.[\/vc_column_text][\/vc_column_inner][\/vc_row_inner][\/vc_column][\/vc_row][vc_row full_width=\u00bbstretch_row\u00bb css_animation=\u00bbfadeIn\u00bb el_class=\u00bbsect-large serveis reverse\u00bb][vc_column el_class=\u00bbmobile_padding_spacer\u00bb][vc_row_inner equal_height=\u00bbyes\u00bb content_placement=\u00bbmiddle\u00bb el_class=\u00bbportfoliorow\u00bb][vc_column_inner width=\u00bb1\/2&#8243; offset=\u00bbvc_col-lg-4 vc_col-md-6&#8243;][vc_column_text css_animation=\u00bbbottom-to-top\u00bb]<\/p>\n<h2 class=\"servei\">Se\u00f1al\u00e9tica<\/h2>\n<p>[\/vc_column_text][vc_column_text css_animation=\u00bbbottom-to-top\u00bb]Nuestro expertise en proyectos complejos, nos permite abordar los <b>encargos de se\u00f1al\u00e9tica<\/b> desde la inteligibilidad y la medida. Ofrecemos servicios de <b>se\u00f1al\u00e9tica corporativa y proyectos de se\u00f1alizaci\u00f3n integrales<\/b>.[\/vc_column_text][\/vc_column_inner][vc_column_inner width=\u00bb1\/2&#8243; offset=\u00bbvc_col-lg-8 vc_col-md-6&#8243;][vc_single_image image=\u00bb3134&#8243; img_size=\u00bbfull\u00bb alignment=\u00bbright\u00bb css_animation=\u00bbbottom-to-top\u00bb][\/vc_column_inner][\/vc_row_inner][\/vc_column][\/vc_row][vc_row full_width=\u00bbstretch_row\u00bb css_animation=\u00bbfadeIn\u00bb el_class=\u00bbsect-large serveis\u00bb][vc_column el_class=\u00bbcolumn_inversion_mobile mobile_padding_spacer\u00bb][vc_row_inner equal_height=\u00bbyes\u00bb content_placement=\u00bbmiddle\u00bb el_class=\u00bbportfoliorow\u00bb][vc_column_inner el_class=\u00bbpadding-simple\u00bb width=\u00bb1\/2&#8243; offset=\u00bbvc_col-lg-8 vc_col-md-6&#8243;][vc_single_image image=\u00bb3168&#8243; img_size=\u00bbfull\u00bb css_animation=\u00bbbottom-to-top\u00bb][\/vc_column_inner][vc_column_inner width=\u00bb1\/2&#8243; offset=\u00bbvc_col-lg-4 vc_col-md-6&#8243;][vc_column_text css_animation=\u00bbbottom-to-top\u00bb]<\/p>\n<h2 class=\"servei\">Dise\u00f1o editorial<\/h2>\n<p>[\/vc_column_text][vc_column_text css_animation=\u00bbbottom-to-top\u00bb]Abordamos los proyectos de <b>dise\u00f1o gr\u00e1fico editorial<\/b> como peque\u00f1as obras de arte. Ponemos la est\u00e9tica al servicio de las palabras para realzar los contenidos, siempre buscando la legibilidad como valor principal.[\/vc_column_text][\/vc_column_inner][\/vc_row_inner][\/vc_column][\/vc_row][vc_row full_width=\u00bbstretch_row_content_no_spaces\u00bb css_animation=\u00bbfadeIn\u00bb el_class=\u00bbsect-large big-image\u00bb][vc_column][vc_single_image image=\u00bb4002&#8243; img_size=\u00bbfull\u00bb alignment=\u00bbcenter\u00bb][\/vc_column][\/vc_row][vc_row full_width=\u00bbstretch_row\u00bb css_animation=\u00bbfadeIn\u00bb el_class=\u00bbsect-large serveis\u00bb][vc_column el_class=\u00bbmobile_padding_spacer\u00bb][vc_row_inner equal_height=\u00bbyes\u00bb content_placement=\u00bbmiddle\u00bb el_class=\u00bbportfoliorow\u00bb][vc_column_inner width=\u00bb1\/2&#8243; offset=\u00bbvc_col-lg-4 vc_col-md-6&#8243;][vc_column_text css_animation=\u00bbbottom-to-top\u00bb]<\/p>\n<h2 class=\"servei\">Packaging<\/h2>\n<p>[\/vc_column_text][vc_column_text css_animation=\u00bbbottom-to-top\u00bb]Los proyectos de <b>dise\u00f1o de packaging<\/b> nos permiten desarrollar la identidad <b>y el lenguaje de marca hasta el \u00faltimo nivel Abordamos cada encargo de <b>dise\u00f1o y producci\u00f3n de packaging<\/b> como una obra de artesan\u00eda donde el envoltorio es tan importante como el contenido.[\/vc_column_text][\/vc_column_inner][vc_column_inner el_class=\u00bbpadding-simple\u00bb width=\u00bb1\/2&#8243; offset=\u00bbvc_col-lg-8 vc_col-md-6&#8243;][vc_single_image image=\u00bb3108&#8243; img_size=\u00bbfull\u00bb alignment=\u00bbright\u00bb css_animation=\u00bbbottom-to-top\u00bb][\/vc_column_inner][\/vc_row_inner][\/vc_column][\/vc_row][vc_row full_width=\u00bbstretch_row_content_no_spaces\u00bb css_animation=\u00bbfadeIn\u00bb el_class=\u00bbsect-large big-image\u00bb][vc_column][vc_single_image image=\u00bb3824&#8243; img_size=\u00bbfull\u00bb alignment=\u00bbcenter\u00bb][\/vc_column][\/vc_row][vc_row full_width=\u00bbstretch_row\u00bb css_animation=\u00bbfadeIn\u00bb el_class=\u00bbcta-tancament\u00bb][vc_column][vc_row_inner][vc_column_inner width=\u00bb9\/12&#8243;][vc_column_text css_animation=\u00bbbottom-to-top\u00bb]<\/b><\/p>\n<h2>Hacemos Wow<\/h2>\n<p>Conozc\u00e1monos mejor. Explica nos tu proyecto y empezamos.[\/vc_column_text]\n<div class=\"wpcf7 no-js\" id=\"wpcf7-f3139-o1\" lang=\"ca\" dir=\"ltr\" data-wpcf7-id=\"3139\">\n<div class=\"screen-reader-response\"><p role=\"status\" aria-live=\"polite\" aria-atomic=\"true\"><\/p> <ul><\/ul><\/div>\n<form action=\"\/es\/wp-json\/wp\/v2\/pages\/3214#wpcf7-f3139-o1\" method=\"post\" class=\"wpcf7-form init wpcf7-acceptance-as-validation\" aria-label=\"Formulari de contacte\" novalidate=\"novalidate\" data-status=\"init\">\n<fieldset class=\"hidden-fields-container\"><input type=\"hidden\" name=\"_wpcf7\" value=\"3139\" \/><input type=\"hidden\" name=\"_wpcf7_version\" value=\"6.1.5\" \/><input type=\"hidden\" name=\"_wpcf7_locale\" value=\"ca\" \/><input type=\"hidden\" name=\"_wpcf7_unit_tag\" value=\"wpcf7-f3139-o1\" \/><input type=\"hidden\" name=\"_wpcf7_container_post\" value=\"0\" \/><input type=\"hidden\" name=\"_wpcf7_posted_data_hash\" value=\"\" \/>\n<\/fieldset>\n<p><label><span class=\"wpcf7-form-control-wrap\" data-name=\"your-name\"><input size=\"40\" maxlength=\"400\" class=\"wpcf7-form-control wpcf7-text wpcf7-validates-as-required\" aria-required=\"true\" aria-invalid=\"false\" placeholder=\"El teu nom\" value=\"\" type=\"text\" name=\"your-name\" \/><\/span><\/label><br \/>\n<label><span class=\"wpcf7-form-control-wrap\" data-name=\"your-email\"><input size=\"40\" maxlength=\"400\" class=\"wpcf7-form-control wpcf7-email wpcf7-validates-as-required wpcf7-text wpcf7-validates-as-email\" aria-required=\"true\" aria-invalid=\"false\" placeholder=\"La teva adre\u00e7a electr\u00f2nica\" value=\"\" type=\"email\" name=\"your-email\" \/><\/span><\/label><br \/>\n<label><span class=\"wpcf7-form-control-wrap\" data-name=\"your-company\"><input size=\"40\" maxlength=\"400\" class=\"wpcf7-form-control wpcf7-text\" aria-invalid=\"false\" placeholder=\"Empresa\" value=\"\" type=\"text\" name=\"your-company\" \/><\/span><\/label><br \/>\n<label><span class=\"wpcf7-form-control-wrap\" data-name=\"your-message\"><textarea cols=\"40\" rows=\"10\" maxlength=\"2000\" class=\"wpcf7-form-control wpcf7-textarea\" aria-invalid=\"false\" placeholder=\"M\u00e9s sobre el projecte\" name=\"your-message\"><\/textarea><\/span><\/label>\n<\/p>\n<div class=\"acceptacio\">\n\t<p><span class=\"wpcf7-form-control-wrap\" data-name=\"your-consent\"><span class=\"wpcf7-form-control wpcf7-acceptance\"><span class=\"wpcf7-list-item\"><label><input type=\"checkbox\" name=\"your-consent\" value=\"1\" aria-invalid=\"false\" \/><span class=\"wpcf7-list-item-label\">He llegit, ent\u00e8s i accepto la <a href=\"\/privacitat\/\">Pol\u00edtica de privacitat<\/a>.<\/span><\/label><\/span><\/span><\/span>\n\t<\/p>\n\t<p><span class=\"wpcf7-form-control-wrap\" data-name=\"your-consent3\"><span class=\"wpcf7-form-control wpcf7-acceptance\"><span class=\"wpcf7-list-item\"><label><input type=\"checkbox\" name=\"your-consent3\" value=\"1\" aria-invalid=\"false\" \/><span class=\"wpcf7-list-item-label\">Dono el meu consentiment expr\u00e9s per rebre butlletins d\u2019informaci\u00f3 de WOW per correu electr\u00f2nic i altres mitjans electr\u00f2nics o postals.<\/span><\/label><\/span><\/span><\/span>\n\t<\/p>\n\t<p>Si posteriorment no voleu continuar rebent les nostres comunicacions i\/o butlletins d\u2019informaci\u00f3, podeu revocar el consentiment enviant un correu electr\u00f2nic a &#104;o&#x6c;a&#x40;w&#x6f;&#119;&#x63;&#111;&#x6d;&#117;n&#x69;c&#x61;c&#x69;&#111;&#x2e;&#97;&#x64; amb la paraula \u00abBAIXA\u00bb.\n\t<\/p>\n\t<p>This site is protected by reCAPTCHA and the Google Privacy Policy and Terms of Service apply.\n\t<\/p>\n<\/div>\n<p><input class=\"wpcf7-form-control wpcf7-submit has-spinner\" type=\"submit\" value=\"Envia\" \/>\n<\/p><div class=\"wpcf7-response-output\" aria-hidden=\"true\"><\/div>\n<\/form>\n<\/div>\n[\/vc_column_inner][vc_column_inner width=\u00bb3\/12&#8243;][\/vc_column_inner][\/vc_row_inner][\/vc_column][\/vc_row]<\/p>\n<\/div>","protected":false},"excerpt":{"rendered":"<p>[vc_row full_width=\u00bbstretch_row\u00bb css_animation=\u00bbfadeIn\u00bb el_class=\u00bbsect-small\u00bb][vc_column][vc_row_inner el_class=\u00bbportfoliorow\u00bb][vc_column_inner width=\u00bb2\/3&#8243;][vc_column_text css_animation=\u00bbbottom-to-top\u00bb] Servicios [\/vc_column_text][vc_column_text css_animation=\u00bbbottom-to-top\u00bb css=\u00bb\u00bb] Agencia de Dise\u00f1o Gr\u00e1fico Andorra [\/vc_column_text][vc_empty_space height=\u00bb40px\u00bb el_class=\u00bbrwdhide\u00bb][vc_column_text css_animation=\u00bbnone\u00bb]Trabajamos los proyectos de dise\u00f1o gr\u00e1fico de forma estrechamente vinculada a la identidad y lenguaje de marca. Entendemos el dise\u00f1o gr\u00e1fico como una herramienta facilitadora, inspiradora, que debe estar integrada en cualquier proyecto creativo.[\/vc_column_text][\/vc_column_inner][vc_column_inner width=\u00bb1\/3&#8243;][\/vc_column_inner][\/vc_row_inner][\/vc_column][\/vc_row][vc_row full_width=\u00bbstretch_row_content_no_spaces\u00bb [&hellip;]<\/p>\n","protected":false},"author":5,"featured_media":3951,"parent":0,"menu_order":0,"comment_status":"closed","ping_status":"closed","template":"","meta":{"_acf_changed":false,"_seopress_robots_primary_cat":"","_seopress_titles_title":"Agencia de Dise\u00f1o Gr\u00e1fico Andorra | WOW Comunicaci\u00f3","_seopress_titles_desc":"Agencia de Dise\u00f1o Gr\u00e1fico en Andorra. Dise\u00f1o de packaging digital. Dise\u00f1o editorial. Servicios de dise\u00f1o gr\u00e1fico online e ilustraci\u00f3n.","_seopress_robots_index":"","inline_featured_image":false,"footnotes":""},"class_list":["post-3214","page","type-page","status-publish","has-post-thumbnail","hentry"],"acf":[],"_links":{"self":[{"href":"https:\/\/www.wowcomunicacio.com\/es\/wp-json\/wp\/v2\/pages\/3214","targetHints":{"allow":["GET"]}}],"collection":[{"href":"https:\/\/www.wowcomunicacio.com\/es\/wp-json\/wp\/v2\/pages"}],"about":[{"href":"https:\/\/www.wowcomunicacio.com\/es\/wp-json\/wp\/v2\/types\/page"}],"author":[{"embeddable":true,"href":"https:\/\/www.wowcomunicacio.com\/es\/wp-json\/wp\/v2\/users\/5"}],"replies":[{"embeddable":true,"href":"https:\/\/www.wowcomunicacio.com\/es\/wp-json\/wp\/v2\/comments?post=3214"}],"version-history":[{"count":0,"href":"https:\/\/www.wowcomunicacio.com\/es\/wp-json\/wp\/v2\/pages\/3214\/revisions"}],"wp:featuredmedia":[{"embeddable":true,"href":"https:\/\/www.wowcomunicacio.com\/es\/wp-json\/wp\/v2\/media\/3951"}],"wp:attachment":[{"href":"https:\/\/www.wowcomunicacio.com\/es\/wp-json\/wp\/v2\/media?parent=3214"}],"curies":[{"name":"wp","href":"https:\/\/api.w.org\/{rel}","templated":true}]}}