{"id":3219,"date":"2022-11-16T17:14:03","date_gmt":"2022-11-16T15:14:03","guid":{"rendered":"https:\/\/www.wowcomunicacio.com\/diseno-de-estands\/"},"modified":"2024-12-12T16:21:01","modified_gmt":"2024-12-12T14:21:01","slug":"diseno-de-estands","status":"publish","type":"page","link":"https:\/\/www.wowcomunicacio.com\/es\/diseno-de-estands\/","title":{"rendered":"Stands"},"content":{"rendered":"<div class=\"wpb-content-wrapper\"><p>[vc_row full_width=\u00bbstretch_row\u00bb css_animation=\u00bbfadeIn\u00bb el_class=\u00bbsect-small\u00bb][vc_column][vc_row_inner el_class=\u00bbportfoliorow\u00bb][vc_column_inner width=\u00bb2\/3&#8243;][vc_column_text css_animation=\u00bbbottom-to-top\u00bb]<\/p>\n<h4>Servicios<\/h4>\n<p>[\/vc_column_text][vc_column_text css_animation=\u00bbbottom-to-top\u00bb css=\u00bb\u00bb]<\/p>\n<h1>Dise\u00f1o de estands Andorra<\/h1>\n<p>[\/vc_column_text][vc_empty_space height=\u00bb40px\u00bb el_class=\u00bbrwdhide\u00bb][vc_column_text css_animation=\u00bbnone\u00bb]Desarrollamos experiencias de marca hasta el \u00faltimo punto: el espacio f\u00edsico en el que se materializa la identidad y el lenguaje de marca, pero tambi\u00e9n su propuesta de valor.<\/p>\n<p>El punto donde las marcas y usuarios interact\u00faan de forma tangible y se crean las<br \/>\n<b>experiencias de marca<\/b> reales.<\/p>\n<p>Nuestro equipo tiene una amplia experiencia en <b>dise\u00f1o de stands y proyectos de arquitectura e interiorismo <\/b>reconocido alrededor del mundo.[\/vc_column_text][\/vc_column_inner][vc_column_inner width=\u00bb1\/3&#8243;][\/vc_column_inner][\/vc_row_inner][\/vc_column][\/vc_row][vc_row full_width=\u00bbstretch_row_content_no_spaces\u00bb css_animation=\u00bbfadeIn\u00bb el_class=\u00bbsect-large big-image\u00bb][vc_column][vc_empty_space height=\u00bb64&#8243; el_class=\u00bbrwdshow\u00bb][vc_row_inner disable_element=\u00bbyes\u00bb][vc_column_inner][vc_raw_html]PGRpdiBjbGFzcz0iZW1iZWQtY29udGFpbmVyIj48aWZyYW1lIHNyYz0iaHR0cHM6Ly9wbGF5ZXIudmltZW8uY29tL3ZpZGVvLzUwNjk2OTQyMz9hdXRvcGxheT0xJmFtcDtsb29wPTEmYW1wO2F1dG9wYXVzZT0wJmFtcDtiYWNrZ3JvdW5kPTEiIHdpZHRoPSI2NDAiIGhlaWdodD0iMzYwIiBmcmFtZWJvcmRlcj0iMCIgYWxsb3c9ImF1dG9wbGF5OyBmdWxsc2NyZWVuOyBwaWN0dXJlLWluLXBpY3R1cmUiIGFsbG93ZnVsbHNjcmVlbj0iIj48L2lmcmFtZT48L2Rpdj4=[\/vc_raw_html][\/vc_column_inner][\/vc_row_inner][vc_single_image image=\u00bb3858&#8243; img_size=\u00bbfull\u00bb alignment=\u00bbcenter\u00bb][\/vc_column][\/vc_row][vc_row full_width=\u00bbstretch_row\u00bb css_animation=\u00bbfadeIn\u00bb disable_element=\u00bbyes\u00bb el_class=\u00bbsect-small\u00bb][vc_column][vc_row_inner][vc_column_inner el_class=\u00bbpadding-simple\u00bb width=\u00bb2\/3&#8243;][vc_column_text css_animation=\u00bbbottom-to-top\u00bb]<\/p>\n<h2 class=\"servei\">Tu agencia de branding<\/h2>\n<p>[\/vc_column_text][\/vc_column_inner][vc_column_inner width=\u00bb1\/3&#8243;][\/vc_column_inner][\/vc_row_inner][\/vc_column][\/vc_row][vc_row full_width=\u00bbstretch_row\u00bb css_animation=\u00bbfadeIn\u00bb el_class=\u00bbsect-large serveis reverse\u00bb][vc_column el_class=\u00bbcolumn_inversion_mobile mobile_padding_spacer\u00bb][vc_row_inner equal_height=\u00bbyes\u00bb content_placement=\u00bbmiddle\u00bb el_class=\u00bbportfoliorow\u00bb][vc_column_inner el_class=\u00bbpadding-simple\u00bb width=\u00bb1\/2&#8243; offset=\u00bbvc_col-lg-8 vc_col-md-6&#8243;][vc_single_image image=\u00bb3132&#8243; img_size=\u00bbfull\u00bb css_animation=\u00bbbottom-to-top\u00bb][\/vc_column_inner][vc_column_inner width=\u00bb1\/2&#8243; offset=\u00bbvc_col-lg-4 vc_col-md-6&#8243;][vc_column_text css_animation=\u00bbbottom-to-top\u00bb]<\/p>\n<h4>\u00bfQu\u00e9 ofrecemos?<\/h4>\n<p>[\/vc_column_text][vc_column_text css_animation=\u00bbbottom-to-top\u00bb]<\/p>\n<h2 class=\"servei\">Dise\u00f1o y producci\u00f3n de estands<\/h2>\n<p>[\/vc_column_text][vc_column_text css_animation=\u00bbbottom-to-top\u00bb]En todos los espacios que proyectamos, <b>estands, instalaciones e interiorismo<\/b>, partimos de la relaci\u00f3n entre el<br \/>\n<b>branding y el dise\u00f1o de interiores<\/b>, creando una imagen con personalidad propia, que ayuda a atraer y fidelizar al cliente.[\/vc_column_text][\/vc_column_inner][\/vc_row_inner][\/vc_column][\/vc_row][vc_row full_width=\u00bbstretch_row\u00bb equal_height=\u00bbyes\u00bb css_animation=\u00bbfadeIn\u00bb el_class=\u00bbsect-large serveis reverse\u00bb][vc_column el_class=\u00bbmobile_padding_spacer\u00bb][vc_row_inner content_placement=\u00bbmiddle\u00bb el_class=\u00bbportfoliorow\u00bb][vc_column_inner width=\u00bb1\/2&#8243; offset=\u00bbvc_col-lg-4 vc_col-md-6&#8243;][vc_column_text css_animation=\u00bbbottom-to-top\u00bb]<\/p>\n<h2 class=\"servei\">Instalaciones y estands publicitarios<\/h2>\n<p>[\/vc_column_text][vc_column_text css_animation=\u00bbbottom-to-top\u00bb]Ofrecemos <b>servicios de dise\u00f1o de estands, dise\u00f1o de estands para exposiciones y eventos<\/b><br \/>\nde toda clase, donde el dise\u00f1o y la experiencia de usuario se interrelacionan y crean una vivencia \u00fanica. M\u00e1s que espacios ef\u00edmeros, creamos memorias perdurables.[\/vc_column_text][\/vc_column_inner][vc_column_inner el_class=\u00bbpadding-simple\u00bb width=\u00bb1\/2&#8243; offset=\u00bbvc_col-lg-8 vc_col-md-2&#8243;][vc_single_image image=\u00bb4008&#8243; img_size=\u00bb732&#215;538&#8243; alignment=\u00bbright\u00bb css_animation=\u00bbbottom-to-top\u00bb][\/vc_column_inner][\/vc_row_inner][\/vc_column][\/vc_row][vc_row full_width=\u00bbstretch_row\u00bb css_animation=\u00bbfadeIn\u00bb el_class=\u00bbsect-large serveis\u00bb][vc_column el_class=\u00bbcolumn_inversion_mobile mobile_padding_spacer\u00bb][vc_row_inner content_placement=\u00bbmiddle\u00bb el_class=\u00bbportfoliorow\u00bb][vc_column_inner el_class=\u00bbpadding-simple\u00bb width=\u00bb1\/2&#8243; offset=\u00bbvc_col-lg-8 vc_col-md-6&#8243;][vc_single_image image=\u00bb3130&#8243; img_size=\u00bb732&#215;538&#8243; css_animation=\u00bbbottom-to-top\u00bb][\/vc_column_inner][vc_column_inner width=\u00bb1\/2&#8243; offset=\u00bbvc_col-lg-4 vc_col-md-2&#8243;][vc_column_text css_animation=\u00bbbottom-to-top\u00bb]<\/p>\n<h2 class=\"servei\">Dise\u00f1o muse\u00edstico<\/h2>\n<p>[\/vc_column_text][vc_column_text css_animation=\u00bbbottom-to-top\u00bb]Creamos <b>proyectos muse\u00edsticos<\/b> 360\u00b0 en los que contenidos, experiencia y continente interact\u00faan para hacer que la aproximaci\u00f3n del usuario o visitante sea genuina.<br \/>\n<b>Itinerarios, exposiciones, visitas interactivas<\/b>,&#8230; planteamos los proyectos siempre partiendo de c\u00f3mo el usuario vivir\u00e1 la experiencia[\/vc_column_text][\/vc_column_inner][\/vc_row_inner][\/vc_column][\/vc_row][vc_row full_width=\u00bbstretch_row_content_no_spaces\u00bb css_animation=\u00bbfadeIn\u00bb el_class=\u00bbsect-large big-image\u00bb][vc_column][vc_single_image image=\u00bb3850&#8243; img_size=\u00bbfull\u00bb alignment=\u00bbcenter\u00bb][\/vc_column][\/vc_row][vc_row full_width=\u00bbstretch_row\u00bb css_animation=\u00bbfadeIn\u00bb el_class=\u00bbsect-large serveis\u00bb][vc_column el_class=\u00bbmobile_padding_spacer\u00bb][vc_row_inner equal_height=\u00bbyes\u00bb content_placement=\u00bbmiddle\u00bb el_class=\u00bbportfoliorow\u00bb][vc_column_inner width=\u00bb1\/2&#8243; offset=\u00bbvc_col-lg-4 vc_col-md-6&#8243;][vc_column_text css_animation=\u00bbbottom-to-top\u00bb]<\/p>\n<h2 class=\"servei\">Interiorismo<\/h2>\n<p>[\/vc_column_text][vc_column_text css_animation=\u00bbbottom-to-top\u00bb]Trabajamos los proyectos de <b>dise\u00f1o interior<\/b> mano a mano con los clientes para ofrecer la soluci\u00f3n que mejor se adapte al espacio y lo que la marca quiere transmitir. Imaginamos <b>proyectos creativos<\/b>, que aporten una perspectiva diferenciadora, apostando siempre por la sostenibilidad.[\/vc_column_text][\/vc_column_inner][vc_column_inner el_class=\u00bbpadding-simple\u00bb width=\u00bb1\/2&#8243; offset=\u00bbvc_col-lg-8 vc_col-md-2&#8243;][vc_single_image image=\u00bb3112&#8243; img_size=\u00bb732&#215;538&#8243; alignment=\u00bbright\u00bb css_animation=\u00bbbottom-to-top\u00bb][\/vc_column_inner][\/vc_row_inner][\/vc_column][\/vc_row][vc_row full_width=\u00bbstretch_row_content_no_spaces\u00bb css_animation=\u00bbfadeIn\u00bb el_class=\u00bbsect-large big-image\u00bb][vc_column][vc_single_image image=\u00bb3860&#8243; img_size=\u00bbfull\u00bb alignment=\u00bbcenter\u00bb][\/vc_column][\/vc_row][vc_row full_width=\u00bbstretch_row\u00bb css_animation=\u00bbfadeIn\u00bb el_class=\u00bbcta-tancament\u00bb][vc_column][vc_row_inner][vc_column_inner width=\u00bb9\/12&#8243;][vc_column_text css_animation=\u00bbbottom-to-top\u00bb]<\/p>\n<h2>Hacemos Wow<\/h2>\n<p>Conozc\u00e1monos mejor. Explica nos tu proyecto y empezamos.[\/vc_column_text]\n<div class=\"wpcf7 no-js\" id=\"wpcf7-f3139-o1\" lang=\"ca\" dir=\"ltr\" data-wpcf7-id=\"3139\">\n<div class=\"screen-reader-response\"><p role=\"status\" aria-live=\"polite\" aria-atomic=\"true\"><\/p> <ul><\/ul><\/div>\n<form action=\"\/es\/wp-json\/wp\/v2\/pages\/3219#wpcf7-f3139-o1\" method=\"post\" class=\"wpcf7-form init wpcf7-acceptance-as-validation\" aria-label=\"Formulari de contacte\" novalidate=\"novalidate\" data-status=\"init\">\n<fieldset class=\"hidden-fields-container\"><input type=\"hidden\" name=\"_wpcf7\" value=\"3139\" \/><input type=\"hidden\" name=\"_wpcf7_version\" value=\"6.1.5\" \/><input type=\"hidden\" name=\"_wpcf7_locale\" value=\"ca\" \/><input type=\"hidden\" name=\"_wpcf7_unit_tag\" value=\"wpcf7-f3139-o1\" \/><input type=\"hidden\" name=\"_wpcf7_container_post\" value=\"0\" \/><input type=\"hidden\" name=\"_wpcf7_posted_data_hash\" value=\"\" \/>\n<\/fieldset>\n<p><label><span class=\"wpcf7-form-control-wrap\" data-name=\"your-name\"><input size=\"40\" maxlength=\"400\" class=\"wpcf7-form-control wpcf7-text wpcf7-validates-as-required\" aria-required=\"true\" aria-invalid=\"false\" placeholder=\"El teu nom\" value=\"\" type=\"text\" name=\"your-name\" \/><\/span><\/label><br \/>\n<label><span class=\"wpcf7-form-control-wrap\" data-name=\"your-email\"><input size=\"40\" maxlength=\"400\" class=\"wpcf7-form-control wpcf7-email wpcf7-validates-as-required wpcf7-text wpcf7-validates-as-email\" aria-required=\"true\" aria-invalid=\"false\" placeholder=\"La teva adre\u00e7a electr\u00f2nica\" value=\"\" type=\"email\" name=\"your-email\" \/><\/span><\/label><br \/>\n<label><span class=\"wpcf7-form-control-wrap\" data-name=\"your-company\"><input size=\"40\" maxlength=\"400\" class=\"wpcf7-form-control wpcf7-text\" aria-invalid=\"false\" placeholder=\"Empresa\" value=\"\" type=\"text\" name=\"your-company\" \/><\/span><\/label><br \/>\n<label><span class=\"wpcf7-form-control-wrap\" data-name=\"your-message\"><textarea cols=\"40\" rows=\"10\" maxlength=\"2000\" class=\"wpcf7-form-control wpcf7-textarea\" aria-invalid=\"false\" placeholder=\"M\u00e9s sobre el projecte\" name=\"your-message\"><\/textarea><\/span><\/label>\n<\/p>\n<div class=\"acceptacio\">\n\t<p><span class=\"wpcf7-form-control-wrap\" data-name=\"your-consent\"><span class=\"wpcf7-form-control wpcf7-acceptance\"><span class=\"wpcf7-list-item\"><label><input type=\"checkbox\" name=\"your-consent\" value=\"1\" aria-invalid=\"false\" \/><span class=\"wpcf7-list-item-label\">He llegit, ent\u00e8s i accepto la <a href=\"\/privacitat\/\">Pol\u00edtica de privacitat<\/a>.<\/span><\/label><\/span><\/span><\/span>\n\t<\/p>\n\t<p><span class=\"wpcf7-form-control-wrap\" data-name=\"your-consent3\"><span class=\"wpcf7-form-control wpcf7-acceptance\"><span class=\"wpcf7-list-item\"><label><input type=\"checkbox\" name=\"your-consent3\" value=\"1\" aria-invalid=\"false\" \/><span class=\"wpcf7-list-item-label\">Dono el meu consentiment expr\u00e9s per rebre butlletins d\u2019informaci\u00f3 de WOW per correu electr\u00f2nic i altres mitjans electr\u00f2nics o postals.<\/span><\/label><\/span><\/span><\/span>\n\t<\/p>\n\t<p>Si posteriorment no voleu continuar rebent les nostres comunicacions i\/o butlletins d\u2019informaci\u00f3, podeu revocar el consentiment enviant un correu electr\u00f2nic a &#x68;&#x6f;&#108;&#97;&#64;w&#x6f;&#x77;&#x63;&#111;mu&#x6e;&#x69;&#x63;&#97;&#99;i&#x6f;&#x2e;&#x61;&#100; amb la paraula \u00abBAIXA\u00bb.\n\t<\/p>\n\t<p>This site is protected by reCAPTCHA and the Google Privacy Policy and Terms of Service apply.\n\t<\/p>\n<\/div>\n<p><input class=\"wpcf7-form-control wpcf7-submit has-spinner\" type=\"submit\" value=\"Envia\" \/>\n<\/p><div class=\"wpcf7-response-output\" aria-hidden=\"true\"><\/div>\n<\/form>\n<\/div>\n[\/vc_column_inner][vc_column_inner width=\u00bb3\/12&#8243;][\/vc_column_inner][\/vc_row_inner][\/vc_column][\/vc_row]<\/p>\n<\/div>","protected":false},"excerpt":{"rendered":"<p>[vc_row full_width=\u00bbstretch_row\u00bb css_animation=\u00bbfadeIn\u00bb el_class=\u00bbsect-small\u00bb][vc_column][vc_row_inner el_class=\u00bbportfoliorow\u00bb][vc_column_inner width=\u00bb2\/3&#8243;][vc_column_text css_animation=\u00bbbottom-to-top\u00bb] Servicios [\/vc_column_text][vc_column_text css_animation=\u00bbbottom-to-top\u00bb css=\u00bb\u00bb] Dise\u00f1o de estands Andorra [\/vc_column_text][vc_empty_space height=\u00bb40px\u00bb el_class=\u00bbrwdhide\u00bb][vc_column_text css_animation=\u00bbnone\u00bb]Desarrollamos experiencias de marca hasta el \u00faltimo punto: el espacio f\u00edsico en el que se materializa la identidad y el lenguaje de marca, pero tambi\u00e9n su propuesta de valor. El punto donde las marcas y usuarios interact\u00faan [&hellip;]<\/p>\n","protected":false},"author":5,"featured_media":3959,"parent":0,"menu_order":0,"comment_status":"closed","ping_status":"closed","template":"","meta":{"_acf_changed":false,"_seopress_robots_primary_cat":"","_seopress_titles_title":"Empresa de Dise\u00f1o de Stands Andorra | WOW Comunicaci\u00f3","_seopress_titles_desc":"Empresa de Dise\u00f1o de Stands publicitarios en Andorra. Dise\u00f1o de interiores, arquitectura ef\u00edmera, se\u00f1al\u00e9tica. Agencia de publicidad cretiva WOW","_seopress_robots_index":"","inline_featured_image":false,"footnotes":""},"class_list":["post-3219","page","type-page","status-publish","has-post-thumbnail","hentry"],"acf":[],"_links":{"self":[{"href":"https:\/\/www.wowcomunicacio.com\/es\/wp-json\/wp\/v2\/pages\/3219","targetHints":{"allow":["GET"]}}],"collection":[{"href":"https:\/\/www.wowcomunicacio.com\/es\/wp-json\/wp\/v2\/pages"}],"about":[{"href":"https:\/\/www.wowcomunicacio.com\/es\/wp-json\/wp\/v2\/types\/page"}],"author":[{"embeddable":true,"href":"https:\/\/www.wowcomunicacio.com\/es\/wp-json\/wp\/v2\/users\/5"}],"replies":[{"embeddable":true,"href":"https:\/\/www.wowcomunicacio.com\/es\/wp-json\/wp\/v2\/comments?post=3219"}],"version-history":[{"count":0,"href":"https:\/\/www.wowcomunicacio.com\/es\/wp-json\/wp\/v2\/pages\/3219\/revisions"}],"wp:featuredmedia":[{"embeddable":true,"href":"https:\/\/www.wowcomunicacio.com\/es\/wp-json\/wp\/v2\/media\/3959"}],"wp:attachment":[{"href":"https:\/\/www.wowcomunicacio.com\/es\/wp-json\/wp\/v2\/media?parent=3219"}],"curies":[{"name":"wp","href":"https:\/\/api.w.org\/{rel}","templated":true}]}}