{"id":3250,"date":"2022-11-17T10:04:09","date_gmt":"2022-11-17T08:04:09","guid":{"rendered":"https:\/\/www.wowcomunicacio.com\/servicios-web\/"},"modified":"2024-12-12T16:22:15","modified_gmt":"2024-12-12T14:22:15","slug":"servicios-web","status":"publish","type":"page","link":"https:\/\/www.wowcomunicacio.com\/es\/servicios-web\/","title":{"rendered":"Web"},"content":{"rendered":"<div class=\"wpb-content-wrapper\"><p>[vc_row full_width=\u00bbstretch_row\u00bb css_animation=\u00bbfadeIn\u00bb el_class=\u00bbsect-small\u00bb][vc_column][vc_row_inner el_class=\u00bbportfoliorow\u00bb][vc_column_inner width=\u00bb2\/3&#8243;][vc_column_text css_animation=\u00bbbottom-to-top\u00bb]<\/p>\n<h4>Servicios<\/h4>\n<p>[\/vc_column_text][vc_column_text css_animation=\u00bbbottom-to-top\u00bb]<\/p>\n<h1>Agencia de Dise\u00f1o Web Andorra<\/h1>\n<p>[\/vc_column_text][vc_empty_space height=\u00bb40px\u00bb el_class=\u00bbrwdhide\u00bb][vc_column_text css_animation=\u00bbnone\u00bb]Gestionamos proyectos de <b>dise\u00f1o y desarrollo web<\/b> a medida de cada cliente, poniendo el foco en la marca y la experiencia de usuario. Construimos <strong>ecosistemas digitales<\/strong> a medida desde la idea y conceptualizaci\u00f3n pasando por el dise\u00f1o, la redacci\u00f3n de contenidos y el desarrollo.[\/vc_column_text][\/vc_column_inner][vc_column_inner width=\u00bb1\/3&#8243;][\/vc_column_inner][\/vc_row_inner][\/vc_column][\/vc_row][vc_row full_width=\u00bbstretch_row_content_no_spaces\u00bb css_animation=\u00bbfadeIn\u00bb el_class=\u00bbsect-large big-image\u00bb][vc_column][vc_empty_space height=\u00bb64&#8243; el_class=\u00bbrwdshow\u00bb][vc_row_inner disable_element=\u00bbyes\u00bb][vc_column_inner][vc_raw_html]PGRpdiBjbGFzcz0iZW1iZWQtY29udGFpbmVyIj48aWZyYW1lIHNyYz0iaHR0cHM6Ly9wbGF5ZXIudmltZW8uY29tL3ZpZGVvLzUwNjk2OTQyMz9hdXRvcGxheT0xJmFtcDtsb29wPTEmYW1wO2F1dG9wYXVzZT0wJmFtcDtiYWNrZ3JvdW5kPTEiIHdpZHRoPSI2NDAiIGhlaWdodD0iMzYwIiBmcmFtZWJvcmRlcj0iMCIgYWxsb3c9ImF1dG9wbGF5OyBmdWxsc2NyZWVuOyBwaWN0dXJlLWluLXBpY3R1cmUiIGFsbG93ZnVsbHNjcmVlbj0iIj48L2lmcmFtZT48L2Rpdj4=[\/vc_raw_html][\/vc_column_inner][\/vc_row_inner][vc_single_image image=\u00bb3854&#8243; img_size=\u00bbfull\u00bb alignment=\u00bbcenter\u00bb][\/vc_column][\/vc_row][vc_row full_width=\u00bbstretch_row\u00bb css_animation=\u00bbfadeIn\u00bb disable_element=\u00bbyes\u00bb el_class=\u00bbsect-small\u00bb][vc_column][vc_row_inner][vc_column_inner el_class=\u00bbpadding-simple\u00bb width=\u00bb2\/3&#8243;][vc_column_text css_animation=\u00bbbottom-to-top\u00bb]<\/p>\n<h2 class=\"servei\">Tu agencia de branding<\/h2>\n<p>[\/vc_column_text][\/vc_column_inner][vc_column_inner width=\u00bb1\/3&#8243;][\/vc_column_inner][\/vc_row_inner][\/vc_column][\/vc_row][vc_row full_width=\u00bbstretch_row\u00bb css_animation=\u00bbfadeIn\u00bb el_class=\u00bbserveis reverse sect-large\u00bb][vc_column el_class=\u00bbcolumn_inversion_mobile mobile_padding_spacer\u00bb][vc_row_inner equal_height=\u00bbyes\u00bb content_placement=\u00bbmiddle\u00bb el_class=\u00bbportfoliorow\u00bb][vc_column_inner el_class=\u00bbpadding-simple\u00bb width=\u00bb1\/2&#8243; offset=\u00bbvc_col-lg-8 vc_col-md-6&#8243;][vc_single_image image=\u00bb3229&#8243; img_size=\u00bbfull\u00bb css_animation=\u00bbbottom-to-top\u00bb][\/vc_column_inner][vc_column_inner width=\u00bb1\/2&#8243; offset=\u00bbvc_col-lg-4 vc_col-md-6&#8243;][vc_column_text css_animation=\u00bbbottom-to-top\u00bb]<\/p>\n<h4>\u00bfQu\u00e9 ofrecemos?<\/h4>\n<p>[\/vc_column_text][vc_column_text css_animation=\u00bbbottom-to-top\u00bb]<\/p>\n<h2 class=\"servei\">Desarrollo y dise\u00f1o web<\/h2>\n<p>[\/vc_column_text][vc_column_text css_animation=\u00bbbottom-to-top\u00bb]Trabajamos cada <b>proyecto de desarrollo web<\/b> alineada a las necesidades de la marca, siguiendo las buenas pr\u00e1cticas de <b>dise\u00f1o UX<\/b>, creando un entorno atractivo que facilite la interacci\u00f3n y consulta de contenidos.<\/p>\n<p>Como <b>agencia de dise\u00f1o web<\/b>, trabajamos las diferentes fases del proyecto, desde la <b>arquitectura de la web y redacci\u00f3n de contenidos<\/b> hasta el <b>dise\u00f1o UI<\/b> y desarrollo. Logramos todos los puntos de optimizaci\u00f3n con el objetivo de ofrecer una buena experiencia de usuario.[\/vc_column_text][\/vc_column_inner][\/vc_row_inner][\/vc_column][\/vc_row][vc_row full_width=\u00bbstretch_row\u00bb css_animation=\u00bbfadeIn\u00bb el_class=\u00bbsect-large serveis reverse\u00bb][vc_column el_class=\u00bbmobile_padding_spacer\u00bb][vc_row_inner equal_height=\u00bbyes\u00bb content_placement=\u00bbmiddle\u00bb el_class=\u00bbportfoliorow\u00bb][vc_column_inner width=\u00bb1\/2&#8243; offset=\u00bbvc_col-lg-4 vc_col-md-6&#8243;][vc_column_text css_animation=\u00bbbottom-to-top\u00bb]<\/p>\n<h2 class=\"servei\">Campa\u00f1as publicitarias digitales<\/h2>\n<p>[\/vc_column_text][vc_column_text css_animation=\u00bbbottom-to-top\u00bb]Ofrecemos <b>servicios de campa\u00f1as publicitarias digitales<\/b> para que las marcas puedan conectar con sus audiencias, ganar visibilidad y promover la interacci\u00f3n. La activaci\u00f3n a trav\u00e9s de una <b>campa\u00f1a digital<\/b> es una opci\u00f3n muy eficiente gracias a las posibilidades de segmentaci\u00f3n en funci\u00f3n del perfil de nuestros clientes o usuarios y la gran variedad de posibilidades creativas.[\/vc_column_text][\/vc_column_inner][vc_column_inner el_class=\u00bbpadding-simple\u00bb width=\u00bb1\/2&#8243; offset=\u00bbvc_col-lg-8 vc_col-md-6&#8243;][vc_single_image image=\u00bb3241&#8243; img_size=\u00bbfull\u00bb alignment=\u00bbright\u00bb css_animation=\u00bbbottom-to-top\u00bb][\/vc_column_inner][\/vc_row_inner][\/vc_column][\/vc_row][vc_row full_width=\u00bbstretch_row\u00bb css_animation=\u00bbfadeIn\u00bb el_class=\u00bbsect-large serveis\u00bb][vc_column el_class=\u00bbcolumn_inversion_mobile mobile_padding_spacer\u00bb][vc_row_inner equal_height=\u00bbyes\u00bb content_placement=\u00bbmiddle\u00bb el_class=\u00bbportfoliorow\u00bb][vc_column_inner el_class=\u00bbpadding-simple\u00bb width=\u00bb1\/2&#8243; offset=\u00bbvc_col-lg-8 vc_col-md-6&#8243;][vc_single_image image=\u00bb4021&#8243; img_size=\u00bbfull\u00bb css_animation=\u00bbbottom-to-top\u00bb][\/vc_column_inner][vc_column_inner width=\u00bb1\/2&#8243; offset=\u00bbvc_col-lg-4 vc_col-md-6&#8243;][vc_column_text css_animation=\u00bbbottom-to-top\u00bb]<\/p>\n<h2 class=\"servei\">Agencia de SEO<\/h2>\n<p>[\/vc_column_text][vc_column_text css_animation=\u00bbbottom-to-top\u00bb]A trav\u00e9s de <b>proyectos de estrategia SEO<\/b> (Search Engine Optimization), aseguramos la visibilidad del <b>contenido web<\/b> optimizando el <b>posicionamiento SEO<\/b>.<br \/>\nEnfocamos el <b>posicionamiento web<\/b> a trav\u00e9s de un an\u00e1lisis de palabras clave y de los <b>aspectos t\u00e9cnicos de SEO de la web<\/b> (rapidez de carga web, UX, c\u00f3digo, URL&#8217;S)[\/vc_column_text][\/vc_column_inner][\/vc_row_inner][\/vc_column][\/vc_row][vc_row full_width=\u00bbstretch_row_content_no_spaces\u00bb css_animation=\u00bbfadeIn\u00bb el_class=\u00bbsect-large big-image\u00bb][vc_column][vc_single_image image=\u00bb4023&#8243; img_size=\u00bbfull\u00bb alignment=\u00bbcenter\u00bb][\/vc_column][\/vc_row][vc_row full_width=\u00bbstretch_row\u00bb css_animation=\u00bbfadeIn\u00bb el_class=\u00bbsect-large serveis\u00bb][vc_column el_class=\u00bbmobile_padding_spacer\u00bb][vc_row_inner equal_height=\u00bbyes\u00bb content_placement=\u00bbmiddle\u00bb el_class=\u00bbportfoliorow\u00bb][vc_column_inner width=\u00bb1\/2&#8243; offset=\u00bbvc_col-lg-4 vc_col-md-6&#8243;][vc_column_text css_animation=\u00bbbottom-to-top\u00bb]<\/p>\n<h2 class=\"servei\">Agencia de SEM<\/h2>\n<p>[\/vc_column_text][vc_column_text css_animation=\u00bbbottom-to-top\u00bb]La activaci\u00f3n en <b>Search Engine Marketing<\/b> (SEM) nos permite ganar visibilidad a trav\u00e9s de <b>campa\u00f1a publicitaria en buscadores<\/b>. La <b>campa\u00f1a en SEM<\/b> es una opci\u00f3n r\u00e1pida y efectiva para que, aquellos que buscan palabras clave en buscadores, nos encuentren[\/vc_column_text][\/vc_column_inner][vc_column_inner el_class=\u00bbpadding-simple\u00bb width=\u00bb1\/2&#8243; offset=\u00bbvc_col-lg-8 vc_col-md-6&#8243;][vc_single_image image=\u00bb4019&#8243; img_size=\u00bbfull\u00bb alignment=\u00bbright\u00bb css_animation=\u00bbbottom-to-top\u00bb css=\u00bb.vc_custom_1674735784133{background-image: url(https:\/\/www.wowcomunicacio.com\/wp-content\/uploads\/2022\/11\/Paraules_clau.jpg?id=3233) !important;}\u00bb][\/vc_column_inner][\/vc_row_inner][\/vc_column][\/vc_row][vc_row full_width=\u00bbstretch_row_content_no_spaces\u00bb css_animation=\u00bbfadeIn\u00bb el_class=\u00bbsect-large big-image\u00bb][vc_column][vc_single_image image=\u00bb3863&#8243; img_size=\u00bbfull\u00bb alignment=\u00bbcenter\u00bb][\/vc_column][\/vc_row][vc_row full_width=\u00bbstretch_row\u00bb css_animation=\u00bbfadeIn\u00bb el_class=\u00bbcta-tancament\u00bb][vc_column][vc_row_inner][vc_column_inner width=\u00bb9\/12&#8243;][vc_column_text css_animation=\u00bbbottom-to-top\u00bb]<\/p>\n<h2>Hacemos Wow<\/h2>\n<p>Conozc\u00e1monos mejor. Explica nos tu proyecto y empezamos.[\/vc_column_text]\n<div class=\"wpcf7 no-js\" id=\"wpcf7-f3139-o1\" lang=\"ca\" dir=\"ltr\" data-wpcf7-id=\"3139\">\n<div class=\"screen-reader-response\"><p role=\"status\" aria-live=\"polite\" aria-atomic=\"true\"><\/p> <ul><\/ul><\/div>\n<form action=\"\/es\/wp-json\/wp\/v2\/pages\/3250#wpcf7-f3139-o1\" method=\"post\" class=\"wpcf7-form init wpcf7-acceptance-as-validation\" aria-label=\"Formulari de contacte\" novalidate=\"novalidate\" data-status=\"init\">\n<fieldset class=\"hidden-fields-container\"><input type=\"hidden\" name=\"_wpcf7\" value=\"3139\" \/><input type=\"hidden\" name=\"_wpcf7_version\" value=\"6.1.5\" \/><input type=\"hidden\" name=\"_wpcf7_locale\" value=\"ca\" \/><input type=\"hidden\" name=\"_wpcf7_unit_tag\" value=\"wpcf7-f3139-o1\" \/><input type=\"hidden\" name=\"_wpcf7_container_post\" value=\"0\" \/><input type=\"hidden\" name=\"_wpcf7_posted_data_hash\" value=\"\" \/>\n<\/fieldset>\n<p><label><span class=\"wpcf7-form-control-wrap\" data-name=\"your-name\"><input size=\"40\" maxlength=\"400\" class=\"wpcf7-form-control wpcf7-text wpcf7-validates-as-required\" aria-required=\"true\" aria-invalid=\"false\" placeholder=\"El teu nom\" value=\"\" type=\"text\" name=\"your-name\" \/><\/span><\/label><br \/>\n<label><span class=\"wpcf7-form-control-wrap\" data-name=\"your-email\"><input size=\"40\" maxlength=\"400\" class=\"wpcf7-form-control wpcf7-email wpcf7-validates-as-required wpcf7-text wpcf7-validates-as-email\" aria-required=\"true\" aria-invalid=\"false\" placeholder=\"La teva adre\u00e7a electr\u00f2nica\" value=\"\" type=\"email\" name=\"your-email\" \/><\/span><\/label><br \/>\n<label><span class=\"wpcf7-form-control-wrap\" data-name=\"your-company\"><input size=\"40\" maxlength=\"400\" class=\"wpcf7-form-control wpcf7-text\" aria-invalid=\"false\" placeholder=\"Empresa\" value=\"\" type=\"text\" name=\"your-company\" \/><\/span><\/label><br \/>\n<label><span class=\"wpcf7-form-control-wrap\" data-name=\"your-message\"><textarea cols=\"40\" rows=\"10\" maxlength=\"2000\" class=\"wpcf7-form-control wpcf7-textarea\" aria-invalid=\"false\" placeholder=\"M\u00e9s sobre el projecte\" name=\"your-message\"><\/textarea><\/span><\/label>\n<\/p>\n<div class=\"acceptacio\">\n\t<p><span class=\"wpcf7-form-control-wrap\" data-name=\"your-consent\"><span class=\"wpcf7-form-control wpcf7-acceptance\"><span class=\"wpcf7-list-item\"><label><input type=\"checkbox\" name=\"your-consent\" value=\"1\" aria-invalid=\"false\" \/><span class=\"wpcf7-list-item-label\">He llegit, ent\u00e8s i accepto la <a href=\"\/privacitat\/\">Pol\u00edtica de privacitat<\/a>.<\/span><\/label><\/span><\/span><\/span>\n\t<\/p>\n\t<p><span class=\"wpcf7-form-control-wrap\" data-name=\"your-consent3\"><span class=\"wpcf7-form-control wpcf7-acceptance\"><span class=\"wpcf7-list-item\"><label><input type=\"checkbox\" name=\"your-consent3\" value=\"1\" aria-invalid=\"false\" \/><span class=\"wpcf7-list-item-label\">Dono el meu consentiment expr\u00e9s per rebre butlletins d\u2019informaci\u00f3 de WOW per correu electr\u00f2nic i altres mitjans electr\u00f2nics o postals.<\/span><\/label><\/span><\/span><\/span>\n\t<\/p>\n\t<p>Si posteriorment no voleu continuar rebent les nostres comunicacions i\/o butlletins d\u2019informaci\u00f3, podeu revocar el consentiment enviant un correu electr\u00f2nic a &#104;&#x6f;&#x6c;a&#64;&#x77;o&#119;&#x63;o&#109;&#x75;n&#105;&#x63;&#x61;&#99;&#x69;&#x6f;&#46;&#97;&#x64; amb la paraula \u00abBAIXA\u00bb.\n\t<\/p>\n\t<p>This site is protected by reCAPTCHA and the Google Privacy Policy and Terms of Service apply.\n\t<\/p>\n<\/div>\n<p><input class=\"wpcf7-form-control wpcf7-submit has-spinner\" type=\"submit\" value=\"Envia\" \/>\n<\/p><div class=\"wpcf7-response-output\" aria-hidden=\"true\"><\/div>\n<\/form>\n<\/div>\n[\/vc_column_inner][vc_column_inner width=\u00bb3\/12&#8243;][\/vc_column_inner][\/vc_row_inner][\/vc_column][\/vc_row]<\/p>\n<\/div>","protected":false},"excerpt":{"rendered":"<p>[vc_row full_width=\u00bbstretch_row\u00bb css_animation=\u00bbfadeIn\u00bb el_class=\u00bbsect-small\u00bb][vc_column][vc_row_inner el_class=\u00bbportfoliorow\u00bb][vc_column_inner width=\u00bb2\/3&#8243;][vc_column_text css_animation=\u00bbbottom-to-top\u00bb] Servicios [\/vc_column_text][vc_column_text css_animation=\u00bbbottom-to-top\u00bb] Agencia de Dise\u00f1o Web Andorra [\/vc_column_text][vc_empty_space height=\u00bb40px\u00bb el_class=\u00bbrwdhide\u00bb][vc_column_text css_animation=\u00bbnone\u00bb]Gestionamos proyectos de dise\u00f1o y desarrollo web a medida de cada cliente, poniendo el foco en la marca y la experiencia de usuario. Construimos ecosistemas digitales a medida desde la idea y conceptualizaci\u00f3n pasando por el dise\u00f1o, [&hellip;]<\/p>\n","protected":false},"author":5,"featured_media":3957,"parent":0,"menu_order":0,"comment_status":"closed","ping_status":"closed","template":"","meta":{"_acf_changed":false,"_seopress_robots_primary_cat":"","_seopress_titles_title":"Agencia de Dise\u00f1o Web Andorra | WOW Comunicaci\u00f3","_seopress_titles_desc":"Empresa de Dise\u00f1o Web en Andorra y Tarragona. Servicios de creaci\u00f3n, UX y desarrollo web. Agencia de marketing online, dise\u00f1o y desarrollo web corporativo","_seopress_robots_index":"","inline_featured_image":false,"footnotes":""},"class_list":["post-3250","page","type-page","status-publish","has-post-thumbnail","hentry"],"acf":[],"_links":{"self":[{"href":"https:\/\/www.wowcomunicacio.com\/es\/wp-json\/wp\/v2\/pages\/3250","targetHints":{"allow":["GET"]}}],"collection":[{"href":"https:\/\/www.wowcomunicacio.com\/es\/wp-json\/wp\/v2\/pages"}],"about":[{"href":"https:\/\/www.wowcomunicacio.com\/es\/wp-json\/wp\/v2\/types\/page"}],"author":[{"embeddable":true,"href":"https:\/\/www.wowcomunicacio.com\/es\/wp-json\/wp\/v2\/users\/5"}],"replies":[{"embeddable":true,"href":"https:\/\/www.wowcomunicacio.com\/es\/wp-json\/wp\/v2\/comments?post=3250"}],"version-history":[{"count":0,"href":"https:\/\/www.wowcomunicacio.com\/es\/wp-json\/wp\/v2\/pages\/3250\/revisions"}],"wp:featuredmedia":[{"embeddable":true,"href":"https:\/\/www.wowcomunicacio.com\/es\/wp-json\/wp\/v2\/media\/3957"}],"wp:attachment":[{"href":"https:\/\/www.wowcomunicacio.com\/es\/wp-json\/wp\/v2\/media?parent=3250"}],"curies":[{"name":"wp","href":"https:\/\/api.w.org\/{rel}","templated":true}]}}