{"id":4162,"date":"2023-04-06T13:03:29","date_gmt":"2023-04-06T11:03:29","guid":{"rendered":"https:\/\/www.wowcomunicacio.com\/andorra\/"},"modified":"2024-12-12T16:18:02","modified_gmt":"2024-12-12T14:18:02","slug":"andorra","status":"publish","type":"page","link":"https:\/\/www.wowcomunicacio.com\/es\/andorra\/","title":{"rendered":"Andorra"},"content":{"rendered":"<div class=\"wpb-content-wrapper\"><p>[vc_row][vc_column][vc_column_text]<\/p>\n<p>[\/vc_column_text][\/vc_column][\/vc_row][vc_row full_width=\u00bbstretch_row\u00bb css_animation=\u00bbfadeIn\u00bb el_class=\u00bbsect-small\u00bb][vc_column][vc_row_inner][vc_column_inner width=\u00bb2\/3&#8243;][vc_column_text css_animation=\u00bbbottom-to-top\u00bb el_class=\u00bbtext\u00bb]<\/p>\n<h4>WOW<\/h4>\n<p>[\/vc_column_text][vc_column_text css_animation=\u00bbbottom-to-top\u00bb el_class=\u00bbtext\u00bb]<\/p>\n<h1>Agencia de Publicidad y Marketing Andorra<\/h1>\n<p>[\/vc_column_text][vc_empty_space height=\u00bb40px\u00bb][vc_column_text css_animation=\u00bbnone\u00bb el_class=\u00bbtext\u00bb]Wow es una empresa de comunicaci\u00f3n con sede en Andorra que, desde 2009, ofrece los servicios de creatividad y estrategia para impulsar marcas y negocios.<\/p>\n<p>Trabajamos desde el conocimiento del mercado local para desarrollar estrategias ajustadas a las caracter\u00edsticas del pa\u00eds. Tenemos una amplia trayectoria como agencia de comunicaci\u00f3n de clientes institucionales de Andorra y conocemos las especificidades del panorama de medios y eventos local.[\/vc_column_text][\/vc_column_inner][vc_column_inner width=\u00bb1\/3&#8243;][\/vc_column_inner][\/vc_row_inner][\/vc_column][\/vc_row][vc_row full_width=\u00bbstretch_row\u00bb css_animation=\u00bbfadeIn\u00bb el_class=\u00bbblock-right sect-large big-image\u00bb css=\u00bb.vc_custom_1683532179957{background-position: center !important;background-repeat: no-repeat !important;background-size: cover !important;}\u00bb][vc_column][vc_row_inner css=\u00bb.vc_custom_1683532186155{background-image: url(https:\/\/www.wowcomunicacio.com\/wp-content\/uploads\/2023\/04\/montanyes-andorra-wow-e1683531667250.jpg?id=4106) !important;background-position: center !important;background-repeat: no-repeat !important;background-size: cover !important;}\u00bb][vc_column_inner][vc_empty_space height=\u00bb58rem\u00bb][\/vc_column_inner][\/vc_row_inner][\/vc_column][\/vc_row][vc_row full_width=\u00bbstretch_row\u00bb css_animation=\u00bbfadeIn\u00bb el_class=\u00bbsect-large\u00bb][vc_column][vc_row_inner el_class=\u00bbportfoliorow\u00bb][vc_column_inner width=\u00bb1\/2&#8243;][vc_single_image image=\u00bb4110&#8243; img_size=\u00bb270&#215;259&#8243; alignment=\u00bbcenter\u00bb css=\u00bb.vc_custom_1681148066446{padding-bottom: 48px !important;}\u00bb][vc_column_text css_animation=\u00bbbottom-to-top\u00bb el_class=\u00bbtext\u00bb css=\u00bb.vc_custom_1681148181528{padding-bottom: 24px !important;}\u00bb]<\/p>\n<h2 class=\"servei\" style=\"text-align: center;\">Branding een Andorra<\/h2>\n<p>[\/vc_column_text][vc_column_text css_animation=\u00bbbottom-to-top\u00bb el_class=\u00bbtext\u00bb]<\/p>\n<p style=\"text-align: center;\">Proyectos adaptados a la realidad y contexto local como base para la creaci\u00f3n de un relato propio y diferenciado. Creemos en las marcas que aportan y construyen identidad de pa\u00eds, de forma coherente e inclusiva.<\/p>\n<p>[\/vc_column_text][vc_empty_space height=\u00bb20px\u00bb][\/vc_column_inner][vc_column_inner width=\u00bb1\/2&#8243;][\/vc_column_inner][\/vc_row_inner][\/vc_column][\/vc_row][vc_row full_width=\u00bbstretch_row\u00bb css_animation=\u00bbfadeIn\u00bb el_class=\u00bbsect-large image-andorra\u00bb][vc_column el_class=\u00bbandorra-tarragona-align\u00bb][vc_row_inner el_class=\u00bbportfoliorow\u00bb][vc_column_inner width=\u00bb1\/2&#8243;][\/vc_column_inner][vc_column_inner width=\u00bb1\/2&#8243;][vc_single_image image=\u00bb4114&#8243; img_size=\u00bbfull\u00bb alignment=\u00bbcenter\u00bb css=\u00bb.vc_custom_1681148057069{padding-bottom: 48px !important;}\u00bb][vc_column_text css_animation=\u00bbbottom-to-top\u00bb el_class=\u00bbtext\u00bb css=\u00bb.vc_custom_1681148171426{padding-bottom: 24px !important;}\u00bb]<\/p>\n<h2 class=\"servei\" style=\"text-align: center;\">Dise\u00f1o gr\u00e1fico en Andorra<\/h2>\n<p>[\/vc_column_text][vc_column_text css_animation=\u00bbbottom-to-top\u00bb el_class=\u00bbtext\u00bb]<\/p>\n<p style=\"text-align: center;\">Defendemos los proyectos de dise\u00f1o gr\u00e1fico en los que la forma est\u00e9 al servicio de la funci\u00f3n. Proyectos al servicio de la comprensi\u00f3n y la simplicidad que ayuden a mejorar la experiencia de usuario.<\/p>\n<p>[\/vc_column_text][vc_empty_space height=\u00bb20px\u00bb][\/vc_column_inner][\/vc_row_inner][\/vc_column][\/vc_row][vc_row full_width=\u00bbstretch_row\u00bb css_animation=\u00bbfadeIn\u00bb el_class=\u00bbsect-large image-andorra\u00bb][vc_column el_class=\u00bbandorra-tarragona-align\u00bb][vc_row_inner el_class=\u00bbportfoliorow\u00bb][vc_column_inner width=\u00bb1\/2&#8243;][vc_single_image image=\u00bb4118&#8243; img_size=\u00bb423&#215;312&#8243; alignment=\u00bbcenter\u00bb css=\u00bb.vc_custom_1681148047977{padding-bottom: 48px !important;}\u00bb][vc_column_text css_animation=\u00bbbottom-to-top\u00bb el_class=\u00bbtext\u00bb css=\u00bb.vc_custom_1681148162323{padding-bottom: 24px !important;}\u00bb]<\/p>\n<h2 class=\"servei\" style=\"text-align: center;\">Servicios digitales en Andorra<\/h2>\n<p>[\/vc_column_text][vc_column_text css_animation=\u00bbbottom-to-top\u00bb el_class=\u00bbtext\u00bb]<\/p>\n<p style=\"text-align: center;\">Desarrollamos ecosistemas digitales de forma transversal, teniendo en cuenta que la experiencia de usuario final sea \u00f3ptima. Ofrecemos servicios de planificaci\u00f3n y activaci\u00f3n de campa\u00f1as digitales, siempre partiendo del conocimiento del mercado andorrano.<\/p>\n<p>[\/vc_column_text][vc_empty_space height=\u00bb20px\u00bb][\/vc_column_inner][vc_column_inner width=\u00bb1\/2&#8243;][\/vc_column_inner][\/vc_row_inner][\/vc_column][\/vc_row][vc_row full_width=\u00bbstretch_row\u00bb css_animation=\u00bbfadeIn\u00bb el_class=\u00bbsect-large image-andorra\u00bb][vc_column el_class=\u00bbandorra-tarragona-align\u00bb][vc_row_inner el_class=\u00bbportfoliorow\u00bb][vc_column_inner width=\u00bb1\/2&#8243;][\/vc_column_inner][vc_column_inner width=\u00bb1\/2&#8243;][vc_single_image image=\u00bb4116&#8243; img_size=\u00bb411&#215;406&#8243; alignment=\u00bbcenter\u00bb css=\u00bb.vc_custom_1681148036506{padding-bottom: 48px !important;}\u00bb][vc_column_text css_animation=\u00bbbottom-to-top\u00bb el_class=\u00bbtext\u00bb css=\u00bb.vc_custom_1681148153199{padding-bottom: 24px !important;}\u00bb]<\/p>\n<h2 class=\"servei\" style=\"text-align: center;\">Agencia de Publicidad en Andorra<\/h2>\n<p>[\/vc_column_text][vc_column_text css_animation=\u00bbbottom-to-top\u00bb el_class=\u00bbtext\u00bb]<\/p>\n<p style=\"text-align: center;\">Creamos campa\u00f1as de publicidad a medida de las necesidades y la realidad de cada producto y cliente. Partimos siempre del conocimiento del mercado local para desarrollar campa\u00f1as multimedia, integradas y glocales.<\/p>\n<p>[\/vc_column_text][vc_empty_space height=\u00bb20px\u00bb][\/vc_column_inner][\/vc_row_inner][\/vc_column][\/vc_row][vc_row full_width=\u00bbstretch_row\u00bb css_animation=\u00bbfadeIn\u00bb el_class=\u00bbsect-large image-andorra\u00bb][vc_column el_class=\u00bbandorra-tarragona-align\u00bb][vc_row_inner el_class=\u00bbportfoliorow\u00bb][vc_column_inner width=\u00bb1\/2&#8243;][vc_single_image image=\u00bb4112&#8243; img_size=\u00bb346&#215;362&#8243; alignment=\u00bbcenter\u00bb css=\u00bb.vc_custom_1681148020140{padding-bottom: 48px !important;}\u00bb][vc_column_text css_animation=\u00bbbottom-to-top\u00bb el_class=\u00bbtext\u00bb css=\u00bb.vc_custom_1681148145047{padding-bottom: 24px !important;}\u00bb]<\/p>\n<h2 class=\"servei\" style=\"text-align: center;\">Dise\u00f1o de stands en Andorra<\/h2>\n<p>[\/vc_column_text][vc_column_text css_animation=\u00bbbottom-to-top\u00bb el_class=\u00bbtext\u00bb]<\/p>\n<p style=\"text-align: center;\">Nuestro equipo tiene un amplio recorrido en dise\u00f1o de stands y proyectos de arquitectura e interiorismo reconocidos en todo el mundo y con una larga experiencia en stands y proyectos muse\u00edsticos para clientes reconocidos de Andorra.<\/p>\n<p>[\/vc_column_text][vc_empty_space height=\u00bb20px\u00bb][\/vc_column_inner][vc_column_inner width=\u00bb1\/2&#8243;][\/vc_column_inner][\/vc_row_inner][\/vc_column][\/vc_row][vc_row full_width=\u00bbstretch_row\u00bb css_animation=\u00bbfadeIn\u00bb el_class=\u00bbsect-large image-andorra\u00bb][vc_column el_class=\u00bbandorra-tarragona-align\u00bb][vc_row_inner el_class=\u00bbportfoliorow\u00bb][vc_column_inner width=\u00bb1\/2&#8243;][\/vc_column_inner][vc_column_inner width=\u00bb1\/2&#8243;][vc_single_image image=\u00bb4120&#8243; img_size=\u00bb298&#215;231&#8243; alignment=\u00bbcenter\u00bb css=\u00bb.vc_custom_1681148008825{padding-bottom: 48px !important;}\u00bb][vc_column_text css_animation=\u00bbbottom-to-top\u00bb el_class=\u00bbtext\u00bb css=\u00bb.vc_custom_1681148135400{padding-bottom: 24px !important;}\u00bb]<\/p>\n<h2 class=\"servei\" style=\"text-align: center;\">Contenidos y redes sociales en Andorra<\/h2>\n<p>[\/vc_column_text][vc_column_text css_animation=\u00bbbottom-to-top\u00bb el_class=\u00bbtext\u00bb]<\/p>\n<p style=\"text-align: center;\">Partimos siempre del territorio y tono de voz de la marca para crear un relato diferenciador y propio. Ofrecemos servicios de redacci\u00f3n de contenidos para web y blog y gesti\u00f3n de redes sociales en contacto directo con la realidad en Andorra.<\/p>\n<p>[\/vc_column_text][vc_empty_space height=\u00bb20px\u00bb][\/vc_column_inner][\/vc_row_inner][\/vc_column][\/vc_row][vc_row full_width=\u00bbstretch_row\u00bb css_animation=\u00bbfadeIn\u00bb el_class=\u00bbcta-tancament\u00bb][vc_column][vc_row_inner][vc_column_inner width=\u00bb2\/12&#8243;][\/vc_column_inner][vc_column_inner width=\u00bb8\/12&#8243;][vc_column_text css_animation=\u00bbbottom-to-top\u00bb]<\/p>\n<h2>Hacemos Wow<\/h2>\n<p>Conozc\u00e1monos mejor. Explica nos tu proyecto y empezamos.[\/vc_column_text]\n<div class=\"wpcf7 no-js\" id=\"wpcf7-f3139-o1\" lang=\"ca\" dir=\"ltr\" data-wpcf7-id=\"3139\">\n<div class=\"screen-reader-response\"><p role=\"status\" aria-live=\"polite\" aria-atomic=\"true\"><\/p> <ul><\/ul><\/div>\n<form action=\"\/es\/wp-json\/wp\/v2\/pages\/4162#wpcf7-f3139-o1\" method=\"post\" class=\"wpcf7-form init wpcf7-acceptance-as-validation\" aria-label=\"Formulari de contacte\" novalidate=\"novalidate\" data-status=\"init\">\n<fieldset class=\"hidden-fields-container\"><input type=\"hidden\" name=\"_wpcf7\" value=\"3139\" \/><input type=\"hidden\" name=\"_wpcf7_version\" value=\"6.1.5\" \/><input type=\"hidden\" name=\"_wpcf7_locale\" value=\"ca\" \/><input type=\"hidden\" name=\"_wpcf7_unit_tag\" value=\"wpcf7-f3139-o1\" \/><input type=\"hidden\" name=\"_wpcf7_container_post\" value=\"0\" \/><input type=\"hidden\" name=\"_wpcf7_posted_data_hash\" value=\"\" \/>\n<\/fieldset>\n<p><label><span class=\"wpcf7-form-control-wrap\" data-name=\"your-name\"><input size=\"40\" maxlength=\"400\" class=\"wpcf7-form-control wpcf7-text wpcf7-validates-as-required\" aria-required=\"true\" aria-invalid=\"false\" placeholder=\"El teu nom\" value=\"\" type=\"text\" name=\"your-name\" \/><\/span><\/label><br \/>\n<label><span class=\"wpcf7-form-control-wrap\" data-name=\"your-email\"><input size=\"40\" maxlength=\"400\" class=\"wpcf7-form-control wpcf7-email wpcf7-validates-as-required wpcf7-text wpcf7-validates-as-email\" aria-required=\"true\" aria-invalid=\"false\" placeholder=\"La teva adre\u00e7a electr\u00f2nica\" value=\"\" type=\"email\" name=\"your-email\" \/><\/span><\/label><br \/>\n<label><span class=\"wpcf7-form-control-wrap\" data-name=\"your-company\"><input size=\"40\" maxlength=\"400\" class=\"wpcf7-form-control wpcf7-text\" aria-invalid=\"false\" placeholder=\"Empresa\" value=\"\" type=\"text\" name=\"your-company\" \/><\/span><\/label><br \/>\n<label><span class=\"wpcf7-form-control-wrap\" data-name=\"your-message\"><textarea cols=\"40\" rows=\"10\" maxlength=\"2000\" class=\"wpcf7-form-control wpcf7-textarea\" aria-invalid=\"false\" placeholder=\"M\u00e9s sobre el projecte\" name=\"your-message\"><\/textarea><\/span><\/label>\n<\/p>\n<div class=\"acceptacio\">\n\t<p><span class=\"wpcf7-form-control-wrap\" data-name=\"your-consent\"><span class=\"wpcf7-form-control wpcf7-acceptance\"><span class=\"wpcf7-list-item\"><label><input type=\"checkbox\" name=\"your-consent\" value=\"1\" aria-invalid=\"false\" \/><span class=\"wpcf7-list-item-label\">He llegit, ent\u00e8s i accepto la <a href=\"\/privacitat\/\">Pol\u00edtica de privacitat<\/a>.<\/span><\/label><\/span><\/span><\/span>\n\t<\/p>\n\t<p><span class=\"wpcf7-form-control-wrap\" data-name=\"your-consent3\"><span class=\"wpcf7-form-control wpcf7-acceptance\"><span class=\"wpcf7-list-item\"><label><input type=\"checkbox\" name=\"your-consent3\" value=\"1\" aria-invalid=\"false\" \/><span class=\"wpcf7-list-item-label\">Dono el meu consentiment expr\u00e9s per rebre butlletins d\u2019informaci\u00f3 de WOW per correu electr\u00f2nic i altres mitjans electr\u00f2nics o postals.<\/span><\/label><\/span><\/span><\/span>\n\t<\/p>\n\t<p>Si posteriorment no voleu continuar rebent les nostres comunicacions i\/o butlletins d\u2019informaci\u00f3, podeu revocar el consentiment enviant un correu electr\u00f2nic a &#x68;o&#x6c;&#97;&#x40;&#119;o&#x77;c&#x6f;&#109;&#x75;&#110;i&#x63;&#97;&#x63;&#105;o&#x2e;a&#x64; amb la paraula \u00abBAIXA\u00bb.\n\t<\/p>\n\t<p>This site is protected by reCAPTCHA and the Google Privacy Policy and Terms of Service apply.\n\t<\/p>\n<\/div>\n<p><input class=\"wpcf7-form-control wpcf7-submit has-spinner\" type=\"submit\" value=\"Envia\" \/>\n<\/p><div class=\"wpcf7-response-output\" aria-hidden=\"true\"><\/div>\n<\/form>\n<\/div>\n[\/vc_column_inner][vc_column_inner width=\u00bb2\/12&#8243;][\/vc_column_inner][\/vc_row_inner][\/vc_column][\/vc_row]<\/p>\n<\/div>","protected":false},"excerpt":{"rendered":"<p>[vc_row][vc_column][vc_column_text] [\/vc_column_text][\/vc_column][\/vc_row][vc_row full_width=\u00bbstretch_row\u00bb css_animation=\u00bbfadeIn\u00bb el_class=\u00bbsect-small\u00bb][vc_column][vc_row_inner][vc_column_inner width=\u00bb2\/3&#8243;][vc_column_text css_animation=\u00bbbottom-to-top\u00bb el_class=\u00bbtext\u00bb] WOW [\/vc_column_text][vc_column_text css_animation=\u00bbbottom-to-top\u00bb el_class=\u00bbtext\u00bb] Agencia de Publicidad y Marketing Andorra [\/vc_column_text][vc_empty_space height=\u00bb40px\u00bb][vc_column_text css_animation=\u00bbnone\u00bb el_class=\u00bbtext\u00bb]Wow es una empresa de comunicaci\u00f3n con sede en Andorra que, desde 2009, ofrece los servicios de creatividad y estrategia para impulsar marcas y negocios. Trabajamos desde el conocimiento del mercado local para desarrollar [&hellip;]<\/p>\n","protected":false},"author":5,"featured_media":0,"parent":0,"menu_order":0,"comment_status":"closed","ping_status":"closed","template":"","meta":{"_acf_changed":false,"_seopress_robots_primary_cat":"","_seopress_titles_title":"Agencia de Publicidad y Marketing en Andorra | WOW Comunicaci\u00f3","_seopress_titles_desc":"En WOW Comunicaci\u00f3 somos una Agencia de Publicidad y Marketing en Andorra. Especialistas en branding, dise\u00f1o gr\u00e1fico, dise\u00f1o web, contenidos, redes sociales","_seopress_robots_index":"","inline_featured_image":false,"footnotes":""},"class_list":["post-4162","page","type-page","status-publish","hentry"],"acf":[],"_links":{"self":[{"href":"https:\/\/www.wowcomunicacio.com\/es\/wp-json\/wp\/v2\/pages\/4162","targetHints":{"allow":["GET"]}}],"collection":[{"href":"https:\/\/www.wowcomunicacio.com\/es\/wp-json\/wp\/v2\/pages"}],"about":[{"href":"https:\/\/www.wowcomunicacio.com\/es\/wp-json\/wp\/v2\/types\/page"}],"author":[{"embeddable":true,"href":"https:\/\/www.wowcomunicacio.com\/es\/wp-json\/wp\/v2\/users\/5"}],"replies":[{"embeddable":true,"href":"https:\/\/www.wowcomunicacio.com\/es\/wp-json\/wp\/v2\/comments?post=4162"}],"version-history":[{"count":0,"href":"https:\/\/www.wowcomunicacio.com\/es\/wp-json\/wp\/v2\/pages\/4162\/revisions"}],"wp:attachment":[{"href":"https:\/\/www.wowcomunicacio.com\/es\/wp-json\/wp\/v2\/media?parent=4162"}],"curies":[{"name":"wp","href":"https:\/\/api.w.org\/{rel}","templated":true}]}}