{"id":5305,"date":"2024-12-02T18:10:51","date_gmt":"2024-12-02T16:10:51","guid":{"rendered":"https:\/\/www.wowcomunicacio.com\/xarxes-socials\/"},"modified":"2024-12-02T18:14:20","modified_gmt":"2024-12-02T16:14:20","slug":"redes-sociales","status":"publish","type":"page","link":"https:\/\/www.wowcomunicacio.com\/es\/redes-sociales\/","title":{"rendered":"Xarxes Socials"},"content":{"rendered":"<div class=\"wpb-content-wrapper\"><p>[vc_row full_width=\u00bbstretch_row\u00bb css_animation=\u00bbfadeIn\u00bb el_class=\u00bbsect-small\u00bb][vc_column][vc_row_inner el_class=\u00bbportfoliorow\u00bb][vc_column_inner width=\u00bb2\/3&#8243;][vc_column_text css_animation=\u00bbbottom-to-top\u00bb]<\/p>\n<h4>Serveis<\/h4>\n<p>[\/vc_column_text][vc_column_text css_animation=\u00bbbottom-to-top\u00bb css=\u00bb\u00bb]<\/p>\n<h1>Agencia de Redes Sociales Andorra<\/h1>\n<p>[\/vc_column_text][vc_empty_space height=\u00bb40px\u00bb el_class=\u00bbrwdhide\u00bb][vc_column_text css_animation=\u00bbnone\u00bb css=\u00bb\u00bb]Detr\u00e1s de una marca siempre hay personas y una historia que la define. Nos dedicamos a generar contenido para aquellas marcas que valoran tanto escuchar como compartir historias. Estamos convencidos de la relevancia de desarrollar historias de marca aut\u00e9nticas, ajustadas al territorio y al tono de voz caracter\u00edstico de cada marca. Proporcionamos servicios de creaci\u00f3n de contenidos, siempre bas\u00e1ndonos en un an\u00e1lisis previo para garantizar un enfoque coherente y alineado con la identidad de la marca.[\/vc_column_text][\/vc_column_inner][vc_column_inner width=\u00bb1\/3&#8243;][\/vc_column_inner][\/vc_row_inner][\/vc_column][\/vc_row][vc_row full_width=\u00bbstretch_row_content_no_spaces\u00bb css_animation=\u00bbfadeIn\u00bb el_class=\u00bbblock-right sect-large big-image\u00bb][vc_column][vc_empty_space height=\u00bb64&#8243;][vc_row_inner disable_element=\u00bbyes\u00bb][vc_column_inner][vc_raw_html]JTNDZGl2JTIwY2xhc3MlM0QlMjdlbWJlZC1jb250YWluZXIlMjclM0UlM0NpZnJhbWUlMjBzcmMlM0QlMjJodHRwcyUzQSUyRiUyRnBsYXllci52aW1lby5jb20lMkZ2aWRlbyUyRjUwNjk2OTQyMyUzRmF1dG9wbGF5JTNEMSUyNmxvb3AlM0QxJTI2YXV0b3BhdXNlJTNEMCUyNmJhY2tncm91bmQlM0QxJTIyJTIwd2lkdGglM0QlMjI2NDAlMjIlMjBoZWlnaHQlM0QlMjIzNjAlMjIlMjBmcmFtZWJvcmRlciUzRCUyMjAlMjIlMjBhbGxvdyUzRCUyMmF1dG9wbGF5JTNCJTIwZnVsbHNjcmVlbiUzQiUyMHBpY3R1cmUtaW4tcGljdHVyZSUyMiUyMGFsbG93ZnVsbHNjcmVlbiUzRSUzQyUyRmlmcmFtZSUzRSUzQyUyRmRpdiUzRQ==[\/vc_raw_html][\/vc_column_inner][\/vc_row_inner][vc_row_inner disable_element=\u00bbyes\u00bb css=\u00bb.vc_custom_1671475659070{background-image: url(https:\/\/www.wowcomunicacio.com\/wp-content\/uploads\/2022\/11\/00_club8-1.jpg?id=3178) !important;background-position: center !important;background-repeat: no-repeat !important;background-size: cover !important;}\u00bb][vc_column_inner][vc_empty_space height=\u00bb820&#8243;][\/vc_column_inner][\/vc_row_inner][vc_single_image image=\u00bb3852&#8243; img_size=\u00bbfull\u00bb alignment=\u00bbcenter\u00bb][\/vc_column][\/vc_row][vc_row full_width=\u00bbstretch_row\u00bb css_animation=\u00bbfadeIn\u00bb disable_element=\u00bbyes\u00bb el_class=\u00bbsect-small\u00bb][vc_column][vc_row_inner][vc_column_inner el_class=\u00bbpadding-simple\u00bb width=\u00bb2\/3&#8243;][vc_column_text css_animation=\u00bbbottom-to-top\u00bb]<\/p>\n<h2 class=\"servei\">La teva ag\u00e8ncia de branding<\/h2>\n<p>[\/vc_column_text][\/vc_column_inner][vc_column_inner width=\u00bb1\/3&#8243;][\/vc_column_inner][\/vc_row_inner][\/vc_column][\/vc_row][vc_row full_width=\u00bbstretch_row\u00bb css_animation=\u00bbfadeIn\u00bb el_class=\u00bbsect-large serveis\u00bb][vc_column el_class=\u00bbcolumn_inversion_mobile mobile_padding_spacer\u00bb][vc_row_inner equal_height=\u00bbyes\u00bb content_placement=\u00bbmiddle\u00bb el_class=\u00bbportfoliorow\u00bb][vc_column_inner el_class=\u00bbpadding-simple\u00bb width=\u00bb1\/2&#8243; offset=\u00bbvc_col-lg-8 vc_col-md-6&#8243;][vc_single_image image=\u00bb3186&#8243; img_size=\u00bbfull\u00bb css_animation=\u00bbbottom-to-top\u00bb][\/vc_column_inner][vc_column_inner width=\u00bb1\/2&#8243; offset=\u00bbvc_col-lg-4 vc_col-md-6&#8243;][vc_column_text css_animation=\u00bbbottom-to-top\u00bb css=\u00bb\u00bb]<\/p>\n<h2 class=\"servei\">Agencia Social Media Andorra<\/h2>\n<p>[\/vc_column_text][vc_column_text css_animation=\u00bbbottom-to-top\u00bb css=\u00bb\u00bb]Las redes sociales son el sitio donde las marcas conectan e interact\u00faan con sus usuarios. Dise\u00f1amos estrategias de contenido para redes sociales que construyen relaciones genuinas y aprovechen los recursos propios de cada marca, potenciando tanto la interacci\u00f3n como la visibilidad. Desarrollamos el marketing de contenidos para redes sociales trabajando codo con codo con nuestros clientes, ofreciendo servicios que incluyen contenidos audiovisuales para redes sociales, fotograf\u00eda, v\u00eddeo y cobertura de eventos.[\/vc_column_text][\/vc_column_inner][\/vc_row_inner][\/vc_column][\/vc_row][vc_row full_width=\u00bbstretch_row_content_no_spaces\u00bb css_animation=\u00bbfadeIn\u00bb el_class=\u00bbblock-right sect-large big-image\u00bb][vc_column][vc_row_inner disable_element=\u00bbyes\u00bb][vc_column_inner][vc_empty_space height=\u00bb64&#8243; el_class=\u00bbrwdshow\u00bb][vc_raw_html]JTNDZGl2JTIwY2xhc3MlM0QlMjdlbWJlZC1jb250YWluZXIlMjclM0UlM0NpZnJhbWUlMjBzcmMlM0QlMjJodHRwcyUzQSUyRiUyRnBsYXllci52aW1lby5jb20lMkZ2aWRlbyUyRjUwNjk2OTQyMyUzRmF1dG9wbGF5JTNEMSUyNmxvb3AlM0QxJTI2YXV0b3BhdXNlJTNEMCUyNmJhY2tncm91bmQlM0QxJTIyJTIwd2lkdGglM0QlMjI2NDAlMjIlMjBoZWlnaHQlM0QlMjIzNjAlMjIlMjBmcmFtZWJvcmRlciUzRCUyMjAlMjIlMjBhbGxvdyUzRCUyMmF1dG9wbGF5JTNCJTIwZnVsbHNjcmVlbiUzQiUyMHBpY3R1cmUtaW4tcGljdHVyZSUyMiUyMGFsbG93ZnVsbHNjcmVlbiUzRSUzQyUyRmlmcmFtZSUzRSUzQyUyRmRpdiUzRQ==[\/vc_raw_html][\/vc_column_inner][\/vc_row_inner][vc_row_inner disable_element=\u00bbyes\u00bb css=\u00bb.vc_custom_1671475659070{background-image: url(https:\/\/www.wowcomunicacio.com\/wp-content\/uploads\/2022\/11\/00_club8-1.jpg?id=3178) !important;background-position: center !important;background-repeat: no-repeat !important;background-size: cover !important;}\u00bb][vc_column_inner][vc_empty_space height=\u00bb820&#8243;][\/vc_column_inner][\/vc_row_inner][vc_single_image image=\u00bb3865&#8243; img_size=\u00bbfull\u00bb alignment=\u00bbcenter\u00bb][\/vc_column][\/vc_row][vc_row full_width=\u00bbstretch_row_content_no_spaces\u00bb css_animation=\u00bbfadeIn\u00bb disable_element=\u00bbyes\u00bb el_class=\u00bbsect-large\u00bb][vc_column][vc_row_inner css=\u00bb.vc_custom_1668673075976{background-image: url(https:\/\/www.wowcomunicacio.com\/wp-content\/uploads\/2022\/11\/SPL_XXSS-1.jpg?id=3187) !important;background-position: center !important;background-repeat: no-repeat !important;background-size: cover !important;}\u00bb][vc_column_inner][vc_empty_space height=\u00bb820&#8243;][\/vc_column_inner][\/vc_row_inner][\/vc_column][\/vc_row][vc_row full_width=\u00bbstretch_row_content_no_spaces\u00bb css_animation=\u00bbfadeIn\u00bb el_class=\u00bbblock-right sect-large big-image\u00bb][vc_column][vc_row_inner disable_element=\u00bbyes\u00bb][vc_column_inner][vc_empty_space height=\u00bb64&#8243; el_class=\u00bbrwdshow\u00bb][vc_raw_html]JTNDZGl2JTIwY2xhc3MlM0QlMjdlbWJlZC1jb250YWluZXIlMjclM0UlM0NpZnJhbWUlMjBzcmMlM0QlMjJodHRwcyUzQSUyRiUyRnBsYXllci52aW1lby5jb20lMkZ2aWRlbyUyRjUwNjk2OTQyMyUzRmF1dG9wbGF5JTNEMSUyNmxvb3AlM0QxJTI2YXV0b3BhdXNlJTNEMCUyNmJhY2tncm91bmQlM0QxJTIyJTIwd2lkdGglM0QlMjI2NDAlMjIlMjBoZWlnaHQlM0QlMjIzNjAlMjIlMjBmcmFtZWJvcmRlciUzRCUyMjAlMjIlMjBhbGxvdyUzRCUyMmF1dG9wbGF5JTNCJTIwZnVsbHNjcmVlbiUzQiUyMHBpY3R1cmUtaW4tcGljdHVyZSUyMiUyMGFsbG93ZnVsbHNjcmVlbiUzRSUzQyUyRmlmcmFtZSUzRSUzQyUyRmRpdiUzRQ==[\/vc_raw_html][\/vc_column_inner][\/vc_row_inner][vc_row_inner disable_element=\u00bbyes\u00bb css=\u00bb.vc_custom_1671475659070{background-image: url(https:\/\/www.wowcomunicacio.com\/wp-content\/uploads\/2022\/11\/00_club8-1.jpg?id=3178) !important;background-position: center !important;background-repeat: no-repeat !important;background-size: cover !important;}\u00bb][vc_column_inner][vc_empty_space height=\u00bb820&#8243;][\/vc_column_inner][\/vc_row_inner][vc_single_image image=\u00bb3868&#8243; img_size=\u00bbfull\u00bb alignment=\u00bbcenter\u00bb][\/vc_column][\/vc_row][vc_row full_width=\u00bbstretch_row_content_no_spaces\u00bb css_animation=\u00bbfadeIn\u00bb disable_element=\u00bbyes\u00bb el_class=\u00bbsect-large\u00bb][vc_column][vc_row_inner css=\u00bb.vc_custom_1668510534205{background-image: url(https:\/\/www.wowcomunicacio.com\/wp-content\/uploads\/2022\/11\/08_AtypicalShopping-1.jpg?id=3109) !important;background-position: center !important;background-repeat: no-repeat !important;background-size: cover !important;}\u00bb][vc_column_inner][vc_empty_space height=\u00bb820&#8243;][\/vc_column_inner][\/vc_row_inner][\/vc_column][\/vc_row][vc_row full_width=\u00bbstretch_row\u00bb css_animation=\u00bbfadeIn\u00bb el_class=\u00bbcta-tancament\u00bb][vc_column][vc_row_inner][vc_column_inner width=\u00bb9\/12&#8243;][vc_column_text css_animation=\u00bbbottom-to-top\u00bb]<\/p>\n<h2>Fem Wow<\/h2>\n<p>Coneguem-nos millor. Explica&#8217;ns el teu projecte i comencem.[\/vc_column_text]\n<div class=\"wpcf7 no-js\" id=\"wpcf7-f3139-o1\" lang=\"ca\" dir=\"ltr\" data-wpcf7-id=\"3139\">\n<div class=\"screen-reader-response\"><p role=\"status\" aria-live=\"polite\" aria-atomic=\"true\"><\/p> <ul><\/ul><\/div>\n<form action=\"\/es\/wp-json\/wp\/v2\/pages\/5305#wpcf7-f3139-o1\" method=\"post\" class=\"wpcf7-form init wpcf7-acceptance-as-validation\" aria-label=\"Formulari de contacte\" novalidate=\"novalidate\" data-status=\"init\">\n<fieldset class=\"hidden-fields-container\"><input type=\"hidden\" name=\"_wpcf7\" value=\"3139\" \/><input type=\"hidden\" name=\"_wpcf7_version\" value=\"6.1.5\" \/><input type=\"hidden\" name=\"_wpcf7_locale\" value=\"ca\" \/><input type=\"hidden\" name=\"_wpcf7_unit_tag\" value=\"wpcf7-f3139-o1\" \/><input type=\"hidden\" name=\"_wpcf7_container_post\" value=\"0\" \/><input type=\"hidden\" name=\"_wpcf7_posted_data_hash\" value=\"\" \/>\n<\/fieldset>\n<p><label><span class=\"wpcf7-form-control-wrap\" data-name=\"your-name\"><input size=\"40\" maxlength=\"400\" class=\"wpcf7-form-control wpcf7-text wpcf7-validates-as-required\" aria-required=\"true\" aria-invalid=\"false\" placeholder=\"El teu nom\" value=\"\" type=\"text\" name=\"your-name\" \/><\/span><\/label><br \/>\n<label><span class=\"wpcf7-form-control-wrap\" data-name=\"your-email\"><input size=\"40\" maxlength=\"400\" class=\"wpcf7-form-control wpcf7-email wpcf7-validates-as-required wpcf7-text wpcf7-validates-as-email\" aria-required=\"true\" aria-invalid=\"false\" placeholder=\"La teva adre\u00e7a electr\u00f2nica\" value=\"\" type=\"email\" name=\"your-email\" \/><\/span><\/label><br \/>\n<label><span class=\"wpcf7-form-control-wrap\" data-name=\"your-company\"><input size=\"40\" maxlength=\"400\" class=\"wpcf7-form-control wpcf7-text\" aria-invalid=\"false\" placeholder=\"Empresa\" value=\"\" type=\"text\" name=\"your-company\" \/><\/span><\/label><br \/>\n<label><span class=\"wpcf7-form-control-wrap\" data-name=\"your-message\"><textarea cols=\"40\" rows=\"10\" maxlength=\"2000\" class=\"wpcf7-form-control wpcf7-textarea\" aria-invalid=\"false\" placeholder=\"M\u00e9s sobre el projecte\" name=\"your-message\"><\/textarea><\/span><\/label>\n<\/p>\n<div class=\"acceptacio\">\n\t<p><span class=\"wpcf7-form-control-wrap\" data-name=\"your-consent\"><span class=\"wpcf7-form-control wpcf7-acceptance\"><span class=\"wpcf7-list-item\"><label><input type=\"checkbox\" name=\"your-consent\" value=\"1\" aria-invalid=\"false\" \/><span class=\"wpcf7-list-item-label\">He llegit, ent\u00e8s i accepto la <a href=\"\/privacitat\/\">Pol\u00edtica de privacitat<\/a>.<\/span><\/label><\/span><\/span><\/span>\n\t<\/p>\n\t<p><span class=\"wpcf7-form-control-wrap\" data-name=\"your-consent3\"><span class=\"wpcf7-form-control wpcf7-acceptance\"><span class=\"wpcf7-list-item\"><label><input type=\"checkbox\" name=\"your-consent3\" value=\"1\" aria-invalid=\"false\" \/><span class=\"wpcf7-list-item-label\">Dono el meu consentiment expr\u00e9s per rebre butlletins d\u2019informaci\u00f3 de WOW per correu electr\u00f2nic i altres mitjans electr\u00f2nics o postals.<\/span><\/label><\/span><\/span><\/span>\n\t<\/p>\n\t<p>Si posteriorment no voleu continuar rebent les nostres comunicacions i\/o butlletins d\u2019informaci\u00f3, podeu revocar el consentiment enviant un correu electr\u00f2nic a ho&#108;&#97;&#x40;&#x77;&#x6f;&#x77;co&#109;&#117;&#x6e;&#x69;&#x63;&#x61;ci&#111;&#46;&#97;&#x64; amb la paraula \u00abBAIXA\u00bb.\n\t<\/p>\n\t<p>This site is protected by reCAPTCHA and the Google Privacy Policy and Terms of Service apply.\n\t<\/p>\n<\/div>\n<p><input class=\"wpcf7-form-control wpcf7-submit has-spinner\" type=\"submit\" value=\"Envia\" \/>\n<\/p><div class=\"wpcf7-response-output\" aria-hidden=\"true\"><\/div>\n<\/form>\n<\/div>\n[\/vc_column_inner][vc_column_inner width=\u00bb3\/12&#8243;][\/vc_column_inner][\/vc_row_inner][\/vc_column][\/vc_row]<\/p>\n<\/div>","protected":false},"excerpt":{"rendered":"<p>[vc_row full_width=\u00bbstretch_row\u00bb css_animation=\u00bbfadeIn\u00bb el_class=\u00bbsect-small\u00bb][vc_column][vc_row_inner el_class=\u00bbportfoliorow\u00bb][vc_column_inner width=\u00bb2\/3&#8243;][vc_column_text css_animation=\u00bbbottom-to-top\u00bb] Serveis [\/vc_column_text][vc_column_text css_animation=\u00bbbottom-to-top\u00bb css=\u00bb\u00bb] Agencia de Redes Sociales Andorra [\/vc_column_text][vc_empty_space height=\u00bb40px\u00bb el_class=\u00bbrwdhide\u00bb][vc_column_text css_animation=\u00bbnone\u00bb css=\u00bb\u00bb]Detr\u00e1s de una marca siempre hay personas y una historia que la define. Nos dedicamos a generar contenido para aquellas marcas que valoran tanto escuchar como compartir historias. Estamos convencidos de la relevancia de desarrollar [&hellip;]<\/p>\n","protected":false},"author":7,"featured_media":5672,"parent":0,"menu_order":0,"comment_status":"closed","ping_status":"closed","template":"","meta":{"_acf_changed":false,"_seopress_robots_primary_cat":"","_seopress_titles_title":"Agencia de Redes Sociales Andorra | WOW","_seopress_titles_desc":"Agencia de redes sociales Andorra. Servicios de generaci\u00f3n de contenidos digitales y audiovisuales para redes sociales","_seopress_robots_index":"","inline_featured_image":false,"footnotes":""},"class_list":["post-5305","page","type-page","status-publish","has-post-thumbnail","hentry"],"acf":[],"_links":{"self":[{"href":"https:\/\/www.wowcomunicacio.com\/es\/wp-json\/wp\/v2\/pages\/5305","targetHints":{"allow":["GET"]}}],"collection":[{"href":"https:\/\/www.wowcomunicacio.com\/es\/wp-json\/wp\/v2\/pages"}],"about":[{"href":"https:\/\/www.wowcomunicacio.com\/es\/wp-json\/wp\/v2\/types\/page"}],"author":[{"embeddable":true,"href":"https:\/\/www.wowcomunicacio.com\/es\/wp-json\/wp\/v2\/users\/7"}],"replies":[{"embeddable":true,"href":"https:\/\/www.wowcomunicacio.com\/es\/wp-json\/wp\/v2\/comments?post=5305"}],"version-history":[{"count":0,"href":"https:\/\/www.wowcomunicacio.com\/es\/wp-json\/wp\/v2\/pages\/5305\/revisions"}],"wp:featuredmedia":[{"embeddable":true,"href":"https:\/\/www.wowcomunicacio.com\/es\/wp-json\/wp\/v2\/media\/5672"}],"wp:attachment":[{"href":"https:\/\/www.wowcomunicacio.com\/es\/wp-json\/wp\/v2\/media?parent=5305"}],"curies":[{"name":"wp","href":"https:\/\/api.w.org\/{rel}","templated":true}]}}